{"id":40316,"date":"2022-11-03T13:59:19","date_gmt":"2022-11-03T11:59:19","guid":{"rendered":"https:\/\/alpaka-shop.com\/?post_type=product&#038;p=40316"},"modified":"2026-04-21T16:00:19","modified_gmt":"2026-04-21T13:00:19","slug":"alltaglich-rundhalsauschnitt-pullover","status":"publish","type":"product","link":"https:\/\/alpaka-shop.com\/de\/alltaglich-rundhalsauschnitt-pullover\/","title":{"rendered":"Allt\u00e4glich Rundhalsauschnitt Pullover"},"content":{"rendered":"","protected":false},"excerpt":{"rendered":"<p><span data-sheets-value=\"{&quot;1&quot;:2,&quot;2&quot;:&quot;GRM51 - ALLT\u00c4GLICH RUNDHALSAUSSCHNI TT PULLOVERnnKURZBESCHREIBUNGnPullover mit Rundhalsausschnitt aus Baby Alpaka Wolle und Pima BaumwollenBESCHREIBUNG DEnDieser bequeme Pullover mit Rundhalsausschnitt ist ein echtes Grundnahrungsmittel f\u00fcr den Winter und h\u00e4lt dich bei jeder Wetterlage warm. Der schlichte Look macht ihn zu einem ausgezeichneten Pullover f\u00fcr jeden Tag, der mit einem Seitenschlitz versehen ist. Ein unverzichtbares Basic, das sich vielseitig stylen l\u00e4sst - perfekt f\u00fcr die \u00dcbergangszeit und zum \u00dcberziehen unter der Jacke. Aus Baby Alpaka und Pima Baumwolle gefertigt, ist dieser Pullover sehr atmungsaktiv, warm und angenehm zu tragen. Eine wirklich zeitlose Erg\u00e4nzung f\u00fcr Ihre Garderobe.nMETABESCHREIBUNGnDieser vielseitige Pullover aus Baby Alpaka Wolle und Pima Baumwolle ist ein unverzichtbares Accessoire f\u00fcr die \u00dcbergangszeit.&quot;}\" data-sheets-userformat=\"{&quot;2&quot;:8961,&quot;3&quot;:{&quot;1&quot;:0},&quot;11&quot;:4,&quot;12&quot;:0,&quot;16&quot;:10}\" data-sheets-textstyleruns=\"{&quot;1&quot;:0}\uee10{&quot;1&quot;:49,&quot;2&quot;:{&quot;5&quot;:1}}\uee10{&quot;1&quot;:66}\uee10{&quot;1&quot;:139,&quot;2&quot;:{&quot;5&quot;:1}}\uee10{&quot;1&quot;:155}\uee10{&quot;1&quot;:708,&quot;2&quot;:{&quot;5&quot;:1}}\uee10{&quot;1&quot;:725}\">Dieser bequeme Pullover mit Rundhalsausschnitt ist ein echtes Grundnahrungsmittel f\u00fcr den Winter und h\u00e4lt dich bei jeder Wetterlage warm. Der schlichte Look macht ihn zu einem ausgezeichneten Pullover f\u00fcr jeden Tag, der mit einem Seitenschlitz versehen ist. Ein unverzichtbares Basic, das sich vielseitig stylen l\u00e4sst &#8211; perfekt f\u00fcr die \u00dcbergangszeit und zum \u00dcberziehen unter der Jacke. Aus Baby Alpaka und Pima Baumwolle gefertigt, ist dieser Pullover sehr atmungsaktiv, warm und angenehm zu tragen. Eine wirklich zeitlose Erg\u00e4nzung f\u00fcr Ihre Garderobe.<br \/>\n<\/span><\/p>\n<p>MATERIAL<br \/>\n<strong>56% Baby-Alpaka, 44% Bio-Pima-Baumwolle<\/strong><\/p>\n","protected":false},"featured_media":43665,"template":"","meta":{"_acf_changed":false},"product_brand":[],"product_cat":[67,121],"product_tag":[],"product_shipping_class":[],"pa_soft-wrap-cardigan":[],"class_list":{"0":"post-40316","1":"product","2":"type-product","3":"status-publish","4":"has-post-thumbnail","6":"product_cat-damen","7":"product_cat-pullover-cardigans","9":"first","10":"instock","11":"taxable","12":"shipping-taxable","13":"purchasable","14":"product-type-variable","15":"has-default-attributes","16":"wvs-archive-product-wrapper"},"bundled_by":[],"bundle_stock_status":"instock","bundle_stock_quantity":null,"bundle_virtual":false,"bundle_layout":"","bundle_add_to_cart_form_location":"","bundle_editable_in_cart":false,"bundle_sold_individually_context":"","bundle_item_grouping":"","bundle_min_size":"","bundle_max_size":"","bundle_price":[],"bundled_items":[],"bundle_sell_ids":[],"acf":[],"aioseo_notices":[],"_links":{"self":[{"href":"https:\/\/alpaka-shop.com\/de\/wp-json\/wp\/v2\/product\/40316","targetHints":{"allow":["GET"]}}],"collection":[{"href":"https:\/\/alpaka-shop.com\/de\/wp-json\/wp\/v2\/product"}],"about":[{"href":"https:\/\/alpaka-shop.com\/de\/wp-json\/wp\/v2\/types\/product"}],"wp:featuredmedia":[{"embeddable":true,"href":"https:\/\/alpaka-shop.com\/de\/wp-json\/wp\/v2\/media\/43665"}],"wp:attachment":[{"href":"https:\/\/alpaka-shop.com\/de\/wp-json\/wp\/v2\/media?parent=40316"}],"wp:term":[{"taxonomy":"product_brand","embeddable":true,"href":"https:\/\/alpaka-shop.com\/de\/wp-json\/wp\/v2\/product_brand?post=40316"},{"taxonomy":"product_cat","embeddable":true,"href":"https:\/\/alpaka-shop.com\/de\/wp-json\/wp\/v2\/product_cat?post=40316"},{"taxonomy":"product_tag","embeddable":true,"href":"https:\/\/alpaka-shop.com\/de\/wp-json\/wp\/v2\/product_tag?post=40316"},{"taxonomy":"product_shipping_class","embeddable":true,"href":"https:\/\/alpaka-shop.com\/de\/wp-json\/wp\/v2\/product_shipping_class?post=40316"},{"taxonomy":"pa_soft-wrap-cardigan","embeddable":true,"href":"https:\/\/alpaka-shop.com\/de\/wp-json\/wp\/v2\/pa_soft-wrap-cardigan?post=40316"}],"curies":[{"name":"wp","href":"https:\/\/api.w.org\/{rel}","templated":true}]}}