{"id":40319,"date":"2022-11-03T12:50:33","date_gmt":"2022-11-03T10:50:33","guid":{"rendered":"https:\/\/alpaka-shop.com\/?post_type=product&#038;p=40319"},"modified":"2026-03-11T15:18:51","modified_gmt":"2026-03-11T13:18:51","slug":"zarter-pullover-mit-spitzenarmeln","status":"publish","type":"product","link":"https:\/\/alpaka-shop.com\/de\/zarter-pullover-mit-spitzenarmeln\/","title":{"rendered":"Zarter Pullover mit Spitzen\u00e4rmeln"},"content":{"rendered":"","protected":false},"excerpt":{"rendered":"<p><span data-sheets-value=\"{&quot;1&quot;:2,&quot;2&quot;:&quot;GRM48 \u2013 zarter PULLOVER MIT SPITZEN\u00c4RMELNnnKURZBESCHREIBUNGnPullover aus 100% Baby Alpaka mit zartem Design und Spitzen\u00e4rmelnnBESCHREIBUNG DEnDieses sch\u00f6ne, zarte Strickst\u00fcck wurde vom estnischen Kulturerbe inspiriert. Die volumin\u00f6sen Spitzen\u00e4rmel sind von den einzigartigen Haapsalu-Schals inspiriert. Diese Schals sind ber\u00fchmt daf\u00fcr, dass sie so fein gestrickt sind, dass der ganze Schal durch den Ehering einer Frau passt. Dieser elegante Pullover, der zarte Spitzen\u00e4rmel mit einem femininen, schmal geschnittenen Trikotmieder kombiniert, eignet sich hervorragend f\u00fcr Fr\u00fchlings- und Sommerabende und l\u00e4sst sich hervorragend mit einer schicken Hose oder einem Satinrock kombinieren. nMETABESCHREIBUNGnEs ist ein zarter Pullover mit sch\u00f6nen Spitzenstrick-Volumen\u00e4rmeln f\u00fcr das t\u00e4gliche Tragen und elegante Anl\u00e4sse.&quot;}\" data-sheets-userformat=\"{&quot;2&quot;:8961,&quot;3&quot;:{&quot;1&quot;:0},&quot;11&quot;:4,&quot;12&quot;:0,&quot;16&quot;:10}\" data-sheets-textstyleruns=\"{&quot;1&quot;:0}\uee10{&quot;1&quot;:43,&quot;2&quot;:{&quot;5&quot;:1}}\uee10{&quot;1&quot;:60}\uee10{&quot;1&quot;:126,&quot;2&quot;:{&quot;5&quot;:1}}\uee10{&quot;1&quot;:142}\uee10{&quot;1&quot;:686,&quot;2&quot;:{&quot;5&quot;:1}}\uee10{&quot;1&quot;:703}\">Dieses sch\u00f6ne, zarte Strickst\u00fcck wurde vom estnischen Kulturerbe inspiriert. Die volumin\u00f6sen Spitzen\u00e4rmel sind von den einzigartigen Haapsalu-Schals inspiriert. Diese Schals sind ber\u00fchmt daf\u00fcr, dass sie so fein gestrickt sind, dass der ganze Schal durch den Ehering einer Frau passt. Dieser elegante Pullover, der zarte Spitzen\u00e4rmel mit einem femininen, schmal geschnittenen Trikotmieder kombiniert, eignet sich hervorragend f\u00fcr Fr\u00fchlings- und Sommerabende und l\u00e4sst sich hervorragend mit einer schicken Hose oder einem Satinrock kombinieren.<br \/>\n<\/span><\/p>\n<p>MATERIAL<br \/>\n<strong>100% Baby-Alpaka<\/strong><\/p>\n<p>&nbsp;<\/p>\n<p>&nbsp;<\/p>\n","protected":false},"featured_media":43615,"template":"","meta":{"_acf_changed":false},"product_brand":[],"product_cat":[67,121],"product_tag":[],"product_shipping_class":[],"pa_soft-wrap-cardigan":[],"class_list":{"0":"post-40319","1":"product","2":"type-product","3":"status-publish","4":"has-post-thumbnail","6":"product_cat-damen","7":"product_cat-pullover-cardigans","9":"first","10":"instock","11":"taxable","12":"shipping-taxable","13":"purchasable","14":"product-type-variable","15":"has-default-attributes","16":"wvs-archive-product-wrapper"},"bundled_by":[],"bundle_stock_status":"instock","bundle_stock_quantity":null,"bundle_virtual":false,"bundle_layout":"","bundle_add_to_cart_form_location":"","bundle_editable_in_cart":false,"bundle_sold_individually_context":"","bundle_item_grouping":"","bundle_min_size":"","bundle_max_size":"","bundle_price":[],"bundled_items":[],"bundle_sell_ids":[],"acf":[],"aioseo_notices":[],"_links":{"self":[{"href":"https:\/\/alpaka-shop.com\/de\/wp-json\/wp\/v2\/product\/40319","targetHints":{"allow":["GET"]}}],"collection":[{"href":"https:\/\/alpaka-shop.com\/de\/wp-json\/wp\/v2\/product"}],"about":[{"href":"https:\/\/alpaka-shop.com\/de\/wp-json\/wp\/v2\/types\/product"}],"wp:featuredmedia":[{"embeddable":true,"href":"https:\/\/alpaka-shop.com\/de\/wp-json\/wp\/v2\/media\/43615"}],"wp:attachment":[{"href":"https:\/\/alpaka-shop.com\/de\/wp-json\/wp\/v2\/media?parent=40319"}],"wp:term":[{"taxonomy":"product_brand","embeddable":true,"href":"https:\/\/alpaka-shop.com\/de\/wp-json\/wp\/v2\/product_brand?post=40319"},{"taxonomy":"product_cat","embeddable":true,"href":"https:\/\/alpaka-shop.com\/de\/wp-json\/wp\/v2\/product_cat?post=40319"},{"taxonomy":"product_tag","embeddable":true,"href":"https:\/\/alpaka-shop.com\/de\/wp-json\/wp\/v2\/product_tag?post=40319"},{"taxonomy":"product_shipping_class","embeddable":true,"href":"https:\/\/alpaka-shop.com\/de\/wp-json\/wp\/v2\/product_shipping_class?post=40319"},{"taxonomy":"pa_soft-wrap-cardigan","embeddable":true,"href":"https:\/\/alpaka-shop.com\/de\/wp-json\/wp\/v2\/pa_soft-wrap-cardigan?post=40319"}],"curies":[{"name":"wp","href":"https:\/\/api.w.org\/{rel}","templated":true}]}}