{"id":40915,"date":"2022-09-16T12:47:39","date_gmt":"2022-09-16T09:47:39","guid":{"rendered":"https:\/\/alpaka-shop.com\/oversized-pullover-mit-wasserfallausschnitt\/"},"modified":"2026-04-07T11:00:03","modified_gmt":"2026-04-07T08:00:03","slug":"oversized-pullover-mit-wasserfallausschnitt","status":"publish","type":"product","link":"https:\/\/alpaka-shop.com\/de\/oversized-pullover-mit-wasserfallausschnitt\/","title":{"rendered":"Oversized-Pullover mit Wasserfallausschnitt"},"content":{"rendered":"","protected":false},"excerpt":{"rendered":"<p><span data-sheets-value=\"{&quot;1&quot;:2,&quot;2&quot;:&quot;Oversized-Pullover mit Wasserfallausschnitt \/100 % Suri-Alpaka-Pullover\/rnDer \u00fcbergro\u00dfe Pullover mit Wasserfallausschnitt ist aus 100 % Suri-Alpaka-Wolle gestrickt, um den ganzen Tag \u00fcber reinen Komfort zu bieten. Die F\u00f6rderung nachhaltiger und ethischer Mode ist uns wichtig, deshalb stammt unser Suri-Alpaka-Garn von einer biologisch zertifizierten Farm. Dieser ger\u00e4umige Strickpullover bringt Ihr Outfit auf eine andere Ebene und ist denkbar einfach zu handhaben. Halten Sie es einfach und kreieren Sie eine bequeme Kaltwetter-Kombination mit klassischen Jeans und Stiefeletten.r&quot;}\" data-sheets-userformat=\"{&quot;2&quot;:771,&quot;3&quot;:{&quot;1&quot;:0},&quot;4&quot;:{&quot;1&quot;:2,&quot;2&quot;:65535},&quot;11&quot;:4,&quot;12&quot;:0}\" data-sheets-textstyleruns=\"{&quot;1&quot;:0}\uee10{&quot;1&quot;:45,&quot;2&quot;:{&quot;4&quot;:8}}\uee10{&quot;1&quot;:71}\">Der \u00fcbergro\u00dfe Pullover mit Wasserfallausschnitt ist aus Alpaka-Wolle gestrickt, um den ganzen Tag \u00fcber reinen Komfort zu bieten. Dieser ger\u00e4umige Strickpullover bringt Ihr Outfit auf eine andere Ebene und ist denkbar einfach zu handhaben. Halten Sie es einfach und kreieren Sie eine bequeme Kaltwetter-Kombination mit klassischen Jeans und Stiefeletten.<\/span><\/p>\n<p>MATERIAL<br \/>\n<strong>100% Baby alpaka<\/strong><\/p>\n","protected":false},"featured_media":40162,"template":"","meta":{"_acf_changed":false},"product_brand":[],"product_cat":[67,121],"product_tag":[],"product_shipping_class":[],"pa_soft-wrap-cardigan":[],"class_list":{"0":"post-40915","1":"product","2":"type-product","3":"status-publish","4":"has-post-thumbnail","6":"product_cat-damen","7":"product_cat-pullover-cardigans","9":"first","10":"instock","11":"sale","12":"taxable","13":"shipping-taxable","14":"purchasable","15":"product-type-variable","16":"has-default-attributes","17":"wvs-archive-product-wrapper"},"bundled_by":[],"bundle_stock_status":"instock","bundle_stock_quantity":null,"bundle_virtual":false,"bundle_layout":"","bundle_add_to_cart_form_location":"","bundle_editable_in_cart":false,"bundle_sold_individually_context":"","bundle_item_grouping":"","bundle_min_size":"","bundle_max_size":"","bundle_price":[],"bundled_items":[],"bundle_sell_ids":[],"acf":[],"aioseo_notices":[],"_links":{"self":[{"href":"https:\/\/alpaka-shop.com\/de\/wp-json\/wp\/v2\/product\/40915","targetHints":{"allow":["GET"]}}],"collection":[{"href":"https:\/\/alpaka-shop.com\/de\/wp-json\/wp\/v2\/product"}],"about":[{"href":"https:\/\/alpaka-shop.com\/de\/wp-json\/wp\/v2\/types\/product"}],"wp:featuredmedia":[{"embeddable":true,"href":"https:\/\/alpaka-shop.com\/de\/wp-json\/wp\/v2\/media\/40162"}],"wp:attachment":[{"href":"https:\/\/alpaka-shop.com\/de\/wp-json\/wp\/v2\/media?parent=40915"}],"wp:term":[{"taxonomy":"product_brand","embeddable":true,"href":"https:\/\/alpaka-shop.com\/de\/wp-json\/wp\/v2\/product_brand?post=40915"},{"taxonomy":"product_cat","embeddable":true,"href":"https:\/\/alpaka-shop.com\/de\/wp-json\/wp\/v2\/product_cat?post=40915"},{"taxonomy":"product_tag","embeddable":true,"href":"https:\/\/alpaka-shop.com\/de\/wp-json\/wp\/v2\/product_tag?post=40915"},{"taxonomy":"product_shipping_class","embeddable":true,"href":"https:\/\/alpaka-shop.com\/de\/wp-json\/wp\/v2\/product_shipping_class?post=40915"},{"taxonomy":"pa_soft-wrap-cardigan","embeddable":true,"href":"https:\/\/alpaka-shop.com\/de\/wp-json\/wp\/v2\/pa_soft-wrap-cardigan?post=40915"}],"curies":[{"name":"wp","href":"https:\/\/api.w.org\/{rel}","templated":true}]}}