{"id":40960,"date":"2022-09-16T12:46:27","date_gmt":"2022-09-16T09:46:27","guid":{"rendered":"https:\/\/alpaka-shop.com\/trapez-kleid\/"},"modified":"2026-04-22T12:07:08","modified_gmt":"2026-04-22T09:07:08","slug":"trapez-kleid","status":"publish","type":"product","link":"https:\/\/alpaka-shop.com\/de\/trapez-kleid\/","title":{"rendered":"Trapez Kleid"},"content":{"rendered":"","protected":false},"excerpt":{"rendered":"<p><span data-sheets-value=\"{&quot;1&quot;:2,&quot;2&quot;:&quot;Trapez Kleid\/ Midikleid aus 100% Suri-Alpaka \/ Dieses Trapez Kleid ist f\u00fcr kaltes Wetter ein Muss f\u00fcr jede Frau, die unterwegs einen modernen und m\u00fchelosen Look w\u00fcnscht. Das Kleid hat schmale \u00c4rmel f\u00fcr einen entspannten, aber schlanken Look und Midi-L\u00e4nge, die es perfekt f\u00fcr den Winter machen. F\u00fcgen Sie einen G\u00fcrtel f\u00fcr eine k\u00f6rperbetonte Silhouette hinzu und stylen Sie Ihr Trapez-Kleid mit Kniestiefeln und einer Mini-Tasche. Aus nat\u00fcrlich atmungsaktiver und weicher Suri-Alpakawolle geschneidert, also besonders kuschelig!&quot;}\" data-sheets-userformat=\"{&quot;2&quot;:771,&quot;3&quot;:{&quot;1&quot;:0},&quot;4&quot;:{&quot;1&quot;:2,&quot;2&quot;:65535},&quot;11&quot;:4,&quot;12&quot;:0}\" data-sheets-textstyleruns=\"{&quot;1&quot;:0}\uee10{&quot;1&quot;:14,&quot;2&quot;:{&quot;4&quot;:8}}\uee10{&quot;1&quot;:44}\">Dieses Trapez Kleid ist f\u00fcr kaltes Wetter ein Muss f\u00fcr jede Frau, die unterwegs einen modernen und m\u00fchelosen Look w\u00fcnscht. Das Kleid hat schmale \u00c4rmel f\u00fcr einen entspannten, aber schlanken Look und Midi-L\u00e4nge, die es perfekt f\u00fcr den Winter machen. F\u00fcgen Sie einen G\u00fcrtel f\u00fcr eine k\u00f6rperbetonte Silhouette hinzu und stylen Sie Ihr Trapez-Kleid mit Kniestiefeln und einer Mini-Tasche. Aus nat\u00fcrlich atmungsaktiver und weicher Suri-Alpakawolle geschneidert, also besonders kuschelig!<\/span><\/p>\n<p>MATERIAL<\/p>\n<p><strong>100% geb\u00fcrstetes Baby-Alpaka<\/strong><\/p>\n","protected":false},"featured_media":48807,"template":"","meta":{"_acf_changed":false},"product_brand":[],"product_cat":[67,118,2814],"product_tag":[],"product_shipping_class":[],"pa_soft-wrap-cardigan":[],"class_list":{"0":"post-40960","1":"product","2":"type-product","3":"status-publish","4":"has-post-thumbnail","6":"product_cat-damen","7":"product_cat-kleidung","8":"product_cat-march-edit-de","10":"first","11":"instock","12":"sale","13":"taxable","14":"shipping-taxable","15":"purchasable","16":"product-type-variable","17":"has-default-attributes","18":"wvs-archive-product-wrapper"},"bundled_by":[],"bundle_stock_status":"instock","bundle_stock_quantity":null,"bundle_virtual":false,"bundle_layout":"","bundle_add_to_cart_form_location":"","bundle_editable_in_cart":false,"bundle_sold_individually_context":"","bundle_item_grouping":"","bundle_min_size":"","bundle_max_size":"","bundle_price":[],"bundled_items":[],"bundle_sell_ids":[],"acf":[],"aioseo_notices":[],"_links":{"self":[{"href":"https:\/\/alpaka-shop.com\/de\/wp-json\/wp\/v2\/product\/40960","targetHints":{"allow":["GET"]}}],"collection":[{"href":"https:\/\/alpaka-shop.com\/de\/wp-json\/wp\/v2\/product"}],"about":[{"href":"https:\/\/alpaka-shop.com\/de\/wp-json\/wp\/v2\/types\/product"}],"wp:featuredmedia":[{"embeddable":true,"href":"https:\/\/alpaka-shop.com\/de\/wp-json\/wp\/v2\/media\/48807"}],"wp:attachment":[{"href":"https:\/\/alpaka-shop.com\/de\/wp-json\/wp\/v2\/media?parent=40960"}],"wp:term":[{"taxonomy":"product_brand","embeddable":true,"href":"https:\/\/alpaka-shop.com\/de\/wp-json\/wp\/v2\/product_brand?post=40960"},{"taxonomy":"product_cat","embeddable":true,"href":"https:\/\/alpaka-shop.com\/de\/wp-json\/wp\/v2\/product_cat?post=40960"},{"taxonomy":"product_tag","embeddable":true,"href":"https:\/\/alpaka-shop.com\/de\/wp-json\/wp\/v2\/product_tag?post=40960"},{"taxonomy":"product_shipping_class","embeddable":true,"href":"https:\/\/alpaka-shop.com\/de\/wp-json\/wp\/v2\/product_shipping_class?post=40960"},{"taxonomy":"pa_soft-wrap-cardigan","embeddable":true,"href":"https:\/\/alpaka-shop.com\/de\/wp-json\/wp\/v2\/pa_soft-wrap-cardigan?post=40960"}],"curies":[{"name":"wp","href":"https:\/\/api.w.org\/{rel}","templated":true}]}}