{"id":42304,"date":"2022-10-06T13:48:29","date_gmt":"2022-10-06T10:48:29","guid":{"rendered":"https:\/\/alpaka-shop.com\/?post_type=product&#038;p=42304"},"modified":"2026-03-30T11:00:07","modified_gmt":"2026-03-30T08:00:07","slug":"leichte-fischerripp-mutze-fur-kinder","status":"publish","type":"product","link":"https:\/\/alpaka-shop.com\/de\/leichte-fischerripp-mutze-fur-kinder\/","title":{"rendered":"Leichte Fischerripp M\u00fctze f\u00fcr Kinder"},"content":{"rendered":"","protected":false},"excerpt":{"rendered":"<p><span data-sheets-value=\"{&quot;1&quot;:2,&quot;2&quot;:&quot;Leichte Fischerripp M\u00fctze f\u00fcr Kinder\/M\u00fctze aus Baby-Alpaka-Woll-Mix f\u00fcr Kinder\/ M\u00fctze aus Baby-Alpaka-Woll-Mischung mit Fischerripp Design\/rnSuchen Sie einen sch\u00f6nen Hut f\u00fcr Ihren kleinen Modebegeisterten? Unser Leichte Fischerripp M\u00fctze f\u00fcr Kinder ist genau das Richtige. Er besteht aus einer weichen, federleichten Mischung aus Baby- Alpaka und Wolle. Das trendige Fischerripp Design sorgt f\u00fcr ein angenehmes Tragegef\u00fchl und hilft, die M\u00fctzenform \u00fcber die Zeit zu erhalten. Die Fischerripp M\u00fctze f\u00fcr Kinder gibt es mit oder ohne unseren tierwohlsicheren Baby-Alpaka-Fell-Bommel.r&quot;}\" data-sheets-userformat=\"{&quot;2&quot;:769,&quot;3&quot;:{&quot;1&quot;:0},&quot;11&quot;:4,&quot;12&quot;:0}\" data-sheets-textstyleruns=\"{&quot;1&quot;:0}\uee10{&quot;1&quot;:37,&quot;2&quot;:{&quot;4&quot;:8}}\uee10{&quot;1&quot;:139}\">\u00a0Suchen Sie einen sch\u00f6nen Hut f\u00fcr Ihren kleinen Modebegeisterten? Unser Leichte Fischerripp M\u00fctze f\u00fcr Kinder ist genau das Richtige. Er besteht aus einer weichen, federleichten Mischung aus Baby- Alpaka und Wolle. Das trendige Fischerripp Design sorgt f\u00fcr ein angenehmes Tragegef\u00fchl und hilft, die M\u00fctzenform \u00fcber die Zeit zu erhalten. Die Fischerripp M\u00fctze f\u00fcr Kinder gibt es mit oder ohne unseren tierwohlsicheren Baby-Alpaka-Fell-Bommel.<\/span><\/p>\n<p>MATERIAL<br \/>\n<strong>60% Baby-alpaka, 5% Merinowoll, 35% Polyamid<\/strong><\/p>\n<p>&nbsp;<\/p>\n","protected":false},"featured_media":42571,"template":"","meta":{"_acf_changed":false},"product_brand":[],"product_cat":[910],"product_tag":[],"product_shipping_class":[],"pa_soft-wrap-cardigan":[],"class_list":{"0":"post-42304","1":"product","2":"type-product","3":"status-publish","4":"has-post-thumbnail","6":"product_cat-kinder","8":"first","9":"instock","10":"taxable","11":"shipping-taxable","12":"purchasable","13":"product-type-variable","14":"has-default-attributes","15":"wvs-archive-product-wrapper"},"bundled_by":[],"bundle_stock_status":"instock","bundle_stock_quantity":null,"bundle_virtual":false,"bundle_layout":"","bundle_add_to_cart_form_location":"","bundle_editable_in_cart":false,"bundle_sold_individually_context":"","bundle_item_grouping":"","bundle_min_size":"","bundle_max_size":"","bundle_price":[],"bundled_items":[],"bundle_sell_ids":[],"acf":[],"aioseo_notices":[],"_links":{"self":[{"href":"https:\/\/alpaka-shop.com\/de\/wp-json\/wp\/v2\/product\/42304","targetHints":{"allow":["GET"]}}],"collection":[{"href":"https:\/\/alpaka-shop.com\/de\/wp-json\/wp\/v2\/product"}],"about":[{"href":"https:\/\/alpaka-shop.com\/de\/wp-json\/wp\/v2\/types\/product"}],"wp:featuredmedia":[{"embeddable":true,"href":"https:\/\/alpaka-shop.com\/de\/wp-json\/wp\/v2\/media\/42571"}],"wp:attachment":[{"href":"https:\/\/alpaka-shop.com\/de\/wp-json\/wp\/v2\/media?parent=42304"}],"wp:term":[{"taxonomy":"product_brand","embeddable":true,"href":"https:\/\/alpaka-shop.com\/de\/wp-json\/wp\/v2\/product_brand?post=42304"},{"taxonomy":"product_cat","embeddable":true,"href":"https:\/\/alpaka-shop.com\/de\/wp-json\/wp\/v2\/product_cat?post=42304"},{"taxonomy":"product_tag","embeddable":true,"href":"https:\/\/alpaka-shop.com\/de\/wp-json\/wp\/v2\/product_tag?post=42304"},{"taxonomy":"product_shipping_class","embeddable":true,"href":"https:\/\/alpaka-shop.com\/de\/wp-json\/wp\/v2\/product_shipping_class?post=42304"},{"taxonomy":"pa_soft-wrap-cardigan","embeddable":true,"href":"https:\/\/alpaka-shop.com\/de\/wp-json\/wp\/v2\/pa_soft-wrap-cardigan?post=42304"}],"curies":[{"name":"wp","href":"https:\/\/api.w.org\/{rel}","templated":true}]}}