{"id":42426,"date":"2022-10-06T12:54:50","date_gmt":"2022-10-06T09:54:50","guid":{"rendered":"https:\/\/alpaka-shop.com\/?post_type=product&#038;p=42426"},"modified":"2026-03-11T09:46:12","modified_gmt":"2026-03-11T07:46:12","slug":"kinder-beret-mit-bommel","status":"publish","type":"product","link":"https:\/\/alpaka-shop.com\/de\/kinder-beret-mit-bommel\/","title":{"rendered":"Kinder Beret mit Bommel"},"content":{"rendered":"","protected":false},"excerpt":{"rendered":"<p>F\u00fcr Eltern ist es faszinierend zu sehen, wie Ihre Kinder aufwachsen und ihren ganz eigenen Stil entwickeln. Unser Kinderbarett ist eine \u00e4u\u00dferst lustige und modische Wahl f\u00fcr Ihren kleinen Modeliebhaber.<\/p>\n<p>Diese herrlich weiche M\u00fctze aus einer Alpaka-Wollmischung sieht nicht nur gut aus, sondern ist auch fachm\u00e4nnisch entworfen, um den besten Komfort bei kaltem Wetter zu bieten.<\/p>\n<p>MATERIAL<br \/>\n<strong>60% Baby-alpaka, 5% Merinowoll, 35% Polyamid<\/strong><\/p>\n","protected":false},"featured_media":30285,"template":"","meta":{"_acf_changed":false},"product_brand":[],"product_cat":[910],"product_tag":[],"product_shipping_class":[],"pa_soft-wrap-cardigan":[],"class_list":{"0":"post-42426","1":"product","2":"type-product","3":"status-publish","4":"has-post-thumbnail","6":"product_cat-kinder","8":"first","9":"instock","10":"taxable","11":"shipping-taxable","12":"purchasable","13":"product-type-variable","14":"has-default-attributes","15":"wvs-archive-product-wrapper"},"bundled_by":[],"bundle_stock_status":"instock","bundle_stock_quantity":null,"bundle_virtual":false,"bundle_layout":"","bundle_add_to_cart_form_location":"","bundle_editable_in_cart":false,"bundle_sold_individually_context":"","bundle_item_grouping":"","bundle_min_size":"","bundle_max_size":"","bundle_price":[],"bundled_items":[],"bundle_sell_ids":[],"acf":[],"aioseo_notices":[],"_links":{"self":[{"href":"https:\/\/alpaka-shop.com\/de\/wp-json\/wp\/v2\/product\/42426","targetHints":{"allow":["GET"]}}],"collection":[{"href":"https:\/\/alpaka-shop.com\/de\/wp-json\/wp\/v2\/product"}],"about":[{"href":"https:\/\/alpaka-shop.com\/de\/wp-json\/wp\/v2\/types\/product"}],"wp:featuredmedia":[{"embeddable":true,"href":"https:\/\/alpaka-shop.com\/de\/wp-json\/wp\/v2\/media\/30285"}],"wp:attachment":[{"href":"https:\/\/alpaka-shop.com\/de\/wp-json\/wp\/v2\/media?parent=42426"}],"wp:term":[{"taxonomy":"product_brand","embeddable":true,"href":"https:\/\/alpaka-shop.com\/de\/wp-json\/wp\/v2\/product_brand?post=42426"},{"taxonomy":"product_cat","embeddable":true,"href":"https:\/\/alpaka-shop.com\/de\/wp-json\/wp\/v2\/product_cat?post=42426"},{"taxonomy":"product_tag","embeddable":true,"href":"https:\/\/alpaka-shop.com\/de\/wp-json\/wp\/v2\/product_tag?post=42426"},{"taxonomy":"product_shipping_class","embeddable":true,"href":"https:\/\/alpaka-shop.com\/de\/wp-json\/wp\/v2\/product_shipping_class?post=42426"},{"taxonomy":"pa_soft-wrap-cardigan","embeddable":true,"href":"https:\/\/alpaka-shop.com\/de\/wp-json\/wp\/v2\/pa_soft-wrap-cardigan?post=42426"}],"curies":[{"name":"wp","href":"https:\/\/api.w.org\/{rel}","templated":true}]}}