{"id":42938,"date":"2022-10-21T13:42:17","date_gmt":"2022-10-21T10:42:22","guid":{"rendered":"https:\/\/alpaka-shop.com\/?post_type=product&#038;p=42938"},"modified":"2026-03-20T11:20:03","modified_gmt":"2026-03-20T09:20:03","slug":"feine-socken-de","status":"publish","type":"product","link":"https:\/\/alpaka-shop.com\/de\/feine-socken-de\/","title":{"rendered":"Feine Socken"},"content":{"rendered":"","protected":false},"excerpt":{"rendered":"<p><span data-sheets-value=\"{&quot;1&quot;:2,&quot;2&quot;:&quot;Feine Socken \/ Weiche Socken aus Alpaka, Acryl und Merinowolle \/Diese ultra-weichen und atmungsaktiven Alpaka-Socken h\u00fcllen Ihre F\u00fc\u00dfe in kuscheligen, wolkenartigen Komfort. Sie sind ideal f\u00fcr k\u00fchle Tage, aber auch bequem genug zum Schlafen. Feine Socken werden durch eine verst\u00e4rkte Ferse und Zehen f\u00fcr ultimative Haltbarkeit erg\u00e4nzt und halten Ihre F\u00fc\u00dfe auch in den k\u00e4ltesten Wintern warm.&quot;}\" data-sheets-userformat=\"{&quot;2&quot;:769,&quot;3&quot;:{&quot;1&quot;:0},&quot;11&quot;:4,&quot;12&quot;:0}\" data-sheets-textstyleruns=\"{&quot;1&quot;:0,&quot;2&quot;:{&quot;5&quot;:1}}\uee10{&quot;1&quot;:13}\uee10{&quot;1&quot;:15,&quot;2&quot;:{&quot;4&quot;:8,&quot;6&quot;:1}}\uee10{&quot;1&quot;:63}\">Diese ultra-weichen und atmungsaktiven Alpaka-Socken h\u00fcllen Ihre F\u00fc\u00dfe in kuscheligen, wolkenartigen Komfort. Sie sind ideal f\u00fcr k\u00fchle Tage, aber auch bequem genug zum Schlafen. Feine Socken werden durch eine verst\u00e4rkte Ferse und Zehen f\u00fcr ultimative Haltbarkeit erg\u00e4nzt und halten Ihre F\u00fc\u00dfe auch in den k\u00e4ltesten Wintern warm.<\/span><\/p>\n<p>MATERIAL<br \/>\n<strong>50% alpaca, 45% acrylic, 5% merino wool<\/strong><\/p>\n","protected":false},"featured_media":41425,"template":"","meta":{"_acf_changed":false},"product_brand":[],"product_cat":[910],"product_tag":[],"product_shipping_class":[],"pa_soft-wrap-cardigan":[],"class_list":{"0":"post-42938","1":"product","2":"type-product","3":"status-publish","4":"has-post-thumbnail","6":"product_cat-kinder","8":"first","9":"instock","10":"taxable","11":"shipping-taxable","12":"purchasable","13":"product-type-variable","14":"has-default-attributes","15":"wvs-archive-product-wrapper"},"bundled_by":[],"bundle_stock_status":"instock","bundle_stock_quantity":null,"bundle_virtual":false,"bundle_layout":"","bundle_add_to_cart_form_location":"","bundle_editable_in_cart":false,"bundle_sold_individually_context":"","bundle_item_grouping":"","bundle_min_size":"","bundle_max_size":"","bundle_price":[],"bundled_items":[],"bundle_sell_ids":[],"acf":[],"aioseo_notices":[],"_links":{"self":[{"href":"https:\/\/alpaka-shop.com\/de\/wp-json\/wp\/v2\/product\/42938","targetHints":{"allow":["GET"]}}],"collection":[{"href":"https:\/\/alpaka-shop.com\/de\/wp-json\/wp\/v2\/product"}],"about":[{"href":"https:\/\/alpaka-shop.com\/de\/wp-json\/wp\/v2\/types\/product"}],"wp:featuredmedia":[{"embeddable":true,"href":"https:\/\/alpaka-shop.com\/de\/wp-json\/wp\/v2\/media\/41425"}],"wp:attachment":[{"href":"https:\/\/alpaka-shop.com\/de\/wp-json\/wp\/v2\/media?parent=42938"}],"wp:term":[{"taxonomy":"product_brand","embeddable":true,"href":"https:\/\/alpaka-shop.com\/de\/wp-json\/wp\/v2\/product_brand?post=42938"},{"taxonomy":"product_cat","embeddable":true,"href":"https:\/\/alpaka-shop.com\/de\/wp-json\/wp\/v2\/product_cat?post=42938"},{"taxonomy":"product_tag","embeddable":true,"href":"https:\/\/alpaka-shop.com\/de\/wp-json\/wp\/v2\/product_tag?post=42938"},{"taxonomy":"product_shipping_class","embeddable":true,"href":"https:\/\/alpaka-shop.com\/de\/wp-json\/wp\/v2\/product_shipping_class?post=42938"},{"taxonomy":"pa_soft-wrap-cardigan","embeddable":true,"href":"https:\/\/alpaka-shop.com\/de\/wp-json\/wp\/v2\/pa_soft-wrap-cardigan?post=42938"}],"curies":[{"name":"wp","href":"https:\/\/api.w.org\/{rel}","templated":true}]}}