{"id":44016,"date":"2022-10-25T13:02:16","date_gmt":"2022-10-25T10:02:18","guid":{"rendered":"https:\/\/alpaka-shop.com\/?post_type=product&#038;p=44016"},"modified":"2026-02-17T16:00:08","modified_gmt":"2026-02-17T14:00:08","slug":"leichte-fischerripp-mutze-m","status":"publish","type":"product","link":"https:\/\/alpaka-shop.com\/de\/leichte-fischerripp-mutze-m\/","title":{"rendered":"Leichte Fischerripp M\u00fctze"},"content":{"rendered":"","protected":false},"excerpt":{"rendered":"<p>Diese trendige und warme M\u00fctze sch\u00fctzt Sie bei allen Wettersituationen in k\u00e4lteren Jahreszeiten.<\/p>\n<p>Entdecken Sie Spitzenleistung durch eine \u00e4u\u00dferst weiche und hautfreundliche Alpaka-Wollmischung. Diese Sch\u00f6nheit gibt es in vier attraktiven Farb\u00f6nen.<\/p>\n","protected":false},"featured_media":45412,"template":"","meta":{"_acf_changed":false},"product_brand":[],"product_cat":[70,115],"product_tag":[],"product_shipping_class":[],"pa_soft-wrap-cardigan":[],"class_list":{"0":"post-44016","1":"product","2":"type-product","3":"status-publish","4":"has-post-thumbnail","6":"product_cat-herren","7":"product_cat-mutzen","9":"first","10":"instock","11":"taxable","12":"shipping-taxable","13":"purchasable","14":"product-type-variable","15":"has-default-attributes","16":"wvs-archive-product-wrapper"},"bundled_by":[],"bundle_stock_status":"instock","bundle_stock_quantity":null,"bundle_virtual":false,"bundle_layout":"","bundle_add_to_cart_form_location":"","bundle_editable_in_cart":false,"bundle_sold_individually_context":"","bundle_item_grouping":"","bundle_min_size":"","bundle_max_size":"","bundle_price":[],"bundled_items":[],"bundle_sell_ids":[],"acf":[],"aioseo_notices":[],"_links":{"self":[{"href":"https:\/\/alpaka-shop.com\/de\/wp-json\/wp\/v2\/product\/44016","targetHints":{"allow":["GET"]}}],"collection":[{"href":"https:\/\/alpaka-shop.com\/de\/wp-json\/wp\/v2\/product"}],"about":[{"href":"https:\/\/alpaka-shop.com\/de\/wp-json\/wp\/v2\/types\/product"}],"wp:featuredmedia":[{"embeddable":true,"href":"https:\/\/alpaka-shop.com\/de\/wp-json\/wp\/v2\/media\/45412"}],"wp:attachment":[{"href":"https:\/\/alpaka-shop.com\/de\/wp-json\/wp\/v2\/media?parent=44016"}],"wp:term":[{"taxonomy":"product_brand","embeddable":true,"href":"https:\/\/alpaka-shop.com\/de\/wp-json\/wp\/v2\/product_brand?post=44016"},{"taxonomy":"product_cat","embeddable":true,"href":"https:\/\/alpaka-shop.com\/de\/wp-json\/wp\/v2\/product_cat?post=44016"},{"taxonomy":"product_tag","embeddable":true,"href":"https:\/\/alpaka-shop.com\/de\/wp-json\/wp\/v2\/product_tag?post=44016"},{"taxonomy":"product_shipping_class","embeddable":true,"href":"https:\/\/alpaka-shop.com\/de\/wp-json\/wp\/v2\/product_shipping_class?post=44016"},{"taxonomy":"pa_soft-wrap-cardigan","embeddable":true,"href":"https:\/\/alpaka-shop.com\/de\/wp-json\/wp\/v2\/pa_soft-wrap-cardigan?post=44016"}],"curies":[{"name":"wp","href":"https:\/\/api.w.org\/{rel}","templated":true}]}}