{"id":45008,"date":"2022-11-03T13:16:40","date_gmt":"2022-11-03T11:16:40","guid":{"rendered":"https:\/\/alpaka-shop.com\/?post_type=product&#038;p=45008"},"modified":"2026-03-19T10:07:03","modified_gmt":"2026-03-19T08:07:03","slug":"boyfriend-strickjacke","status":"publish","type":"product","link":"https:\/\/alpaka-shop.com\/de\/boyfriend-strickjacke\/","title":{"rendered":"Boyfriend Strickjacke"},"content":{"rendered":"","protected":false},"excerpt":{"rendered":"<p><span data-sheets-value=\"{&quot;1&quot;:2,&quot;2&quot;:&quot;GRM55 \u2013 LEICHTGEWICHT KLOBIGE FREUNDE STRICKJACKEnnKURZBESCHREIBUNGnKlobige Freunde Strickjacke aus Baby Alpaka und Pima Baumwolle mit Kn\u00f6pfen aus Bioresin.nBESCHREIBUNG DEnEin stilvolles und zeitloses Kleidungsst\u00fcck aus Alpaka und Pima Baumwolle mit ultraweichem Griff. Dank der leichten und warmen Alpakafaser bietet er das ganze Jahr \u00fcber einen hohen Tragekomfort. Egal, ob Sie einen eleganten oder legeren Look bevorzugen, der klobige Strickjacken ist ein unverzichtbares Kleidungsst\u00fcck. Sie k\u00f6nnen ihn als Oberteil tragen, \u00fcber ein tailliertes Kleid drapieren oder mit Ihrer Lieblingsjeans und einem Tanktop kombinieren - die Vielseitigkeit eines Freunde Strickjacke ist nicht zu leugnen. Alpaka verwendet Bioresin-Kn\u00f6pfe, die zu mehr als 25 % aus Obst- und Gem\u00fcseabf\u00e4llen hergestellt werden und so den CO2-Fu\u00dfabdruck im Vergleich zu herk\u00f6mmlichen Kn\u00f6pfen um etwa 25 % reduzieren.nMETABESCHREIBUNGnDie zeitlose Strickjacke mit Bioresin-Kn\u00f6pfen bietet einen hohen Tragekomfort und vielseitige Stylingm\u00f6glichkeiten.&quot;}\" data-sheets-userformat=\"{&quot;2&quot;:8961,&quot;3&quot;:{&quot;1&quot;:0},&quot;11&quot;:4,&quot;12&quot;:0,&quot;16&quot;:10}\" data-sheets-textstyleruns=\"{&quot;1&quot;:0}\uee10{&quot;1&quot;:51,&quot;2&quot;:{&quot;5&quot;:1}}\uee10{&quot;1&quot;:68}\uee10{&quot;1&quot;:157,&quot;2&quot;:{&quot;5&quot;:1}}\uee10{&quot;1&quot;:173}\uee10{&quot;1&quot;:886,&quot;2&quot;:{&quot;5&quot;:1}}\uee10{&quot;1&quot;:903}\">Ein stilvolles und zeitloses Kleidungsst\u00fcck aus Alpaka und Pima Baumwolle mit ultraweichem Griff. Dank der leichten und warmen Alpakafaser bietet er das ganze Jahr \u00fcber einen hohen Tragekomfort. Egal, ob Sie einen eleganten oder legeren Look bevorzugen, der klobige Strickjacken ist ein unverzichtbares Kleidungsst\u00fcck. Sie k\u00f6nnen ihn als Oberteil tragen, \u00fcber ein tailliertes Kleid drapieren oder mit Ihrer Lieblingsjeans und einem Tanktop kombinieren &#8211; die Vielseitigkeit eines Freunde Strickjacke ist nicht zu leugnen. Alpaka verwendet Bioresin-Kn\u00f6pfe, die zu mehr als 25 % aus Obst- und Gem\u00fcseabf\u00e4llen hergestellt werden und so den CO2-Fu\u00dfabdruck im Vergleich zu herk\u00f6mmlichen Kn\u00f6pfen um etwa 25 % reduzieren.<\/p>\n<p><\/span><\/p>\n<p>MATERIAL<br \/>\n<strong>56% Baby-Alpaka, 44% Pima-Baumwolle<\/strong><\/p>\n<p>PACKAGING<br \/>\n<strong>Geschenkbox<\/strong><\/p>\n","protected":false},"featured_media":48737,"template":"","meta":{"_acf_changed":false},"product_brand":[],"product_cat":[67,121],"product_tag":[],"product_shipping_class":[],"pa_soft-wrap-cardigan":[],"class_list":{"0":"post-45008","1":"product","2":"type-product","3":"status-publish","4":"has-post-thumbnail","6":"product_cat-damen","7":"product_cat-pullover-cardigans","9":"first","10":"instock","11":"taxable","12":"shipping-taxable","13":"purchasable","14":"product-type-variable","15":"has-default-attributes","16":"wvs-archive-product-wrapper"},"bundled_by":[],"bundle_stock_status":"instock","bundle_stock_quantity":null,"bundle_virtual":false,"bundle_layout":"","bundle_add_to_cart_form_location":"","bundle_editable_in_cart":false,"bundle_sold_individually_context":"","bundle_item_grouping":"","bundle_min_size":"","bundle_max_size":"","bundle_price":[],"bundled_items":[],"bundle_sell_ids":[],"acf":[],"aioseo_notices":[],"_links":{"self":[{"href":"https:\/\/alpaka-shop.com\/de\/wp-json\/wp\/v2\/product\/45008","targetHints":{"allow":["GET"]}}],"collection":[{"href":"https:\/\/alpaka-shop.com\/de\/wp-json\/wp\/v2\/product"}],"about":[{"href":"https:\/\/alpaka-shop.com\/de\/wp-json\/wp\/v2\/types\/product"}],"wp:featuredmedia":[{"embeddable":true,"href":"https:\/\/alpaka-shop.com\/de\/wp-json\/wp\/v2\/media\/48737"}],"wp:attachment":[{"href":"https:\/\/alpaka-shop.com\/de\/wp-json\/wp\/v2\/media?parent=45008"}],"wp:term":[{"taxonomy":"product_brand","embeddable":true,"href":"https:\/\/alpaka-shop.com\/de\/wp-json\/wp\/v2\/product_brand?post=45008"},{"taxonomy":"product_cat","embeddable":true,"href":"https:\/\/alpaka-shop.com\/de\/wp-json\/wp\/v2\/product_cat?post=45008"},{"taxonomy":"product_tag","embeddable":true,"href":"https:\/\/alpaka-shop.com\/de\/wp-json\/wp\/v2\/product_tag?post=45008"},{"taxonomy":"product_shipping_class","embeddable":true,"href":"https:\/\/alpaka-shop.com\/de\/wp-json\/wp\/v2\/product_shipping_class?post=45008"},{"taxonomy":"pa_soft-wrap-cardigan","embeddable":true,"href":"https:\/\/alpaka-shop.com\/de\/wp-json\/wp\/v2\/pa_soft-wrap-cardigan?post=45008"}],"curies":[{"name":"wp","href":"https:\/\/api.w.org\/{rel}","templated":true}]}}