{"id":47601,"date":"2023-01-09T12:08:04","date_gmt":"2023-01-09T10:08:06","guid":{"rendered":"https:\/\/alpaka-shop.com\/?post_type=product&#038;p=47601"},"modified":"2025-12-01T13:00:51","modified_gmt":"2025-12-01T11:00:51","slug":"schal-boucle-brushed-men","status":"publish","type":"product","link":"https:\/\/alpaka-shop.com\/de\/schal-boucle-brushed-men\/","title":{"rendered":"Schal Boucle Brushed"},"content":{"rendered":"","protected":false},"excerpt":{"rendered":"<p><span data-sheets-value=\"{&quot;1&quot;:2,&quot;2&quot;:&quot;Schal Boucle Brushed \/ Boucle Schal mit geb\u00fcrsteter Oberfl\u00e4che \/Boucl\u00e9-Garn hat ein sch\u00f6nes strukturiertes Aussehen und wird aus Baby-Alpaka-Mischung f\u00fcr maximale Weichheit und Haltbarkeit gesponnen. Boucle Schal ist eine der einfachsten M\u00f6glichkeiten, Ihren Stil zu verbessern. Erh\u00e4ltlich in verschiedenen Farbt\u00f6nen, von hellem Weizen bis Mitternachtsblau.&quot;}\" data-sheets-userformat=\"{&quot;2&quot;:769,&quot;3&quot;:{&quot;1&quot;:0},&quot;11&quot;:4,&quot;12&quot;:0}\" data-sheets-textstyleruns=\"{&quot;1&quot;:0,&quot;2&quot;:{&quot;5&quot;:1}}\uee10{&quot;1&quot;:20}\uee10{&quot;1&quot;:23,&quot;2&quot;:{&quot;4&quot;:8,&quot;6&quot;:1}}\uee10{&quot;1&quot;:62}\">Boucl\u00e9-Garn hat ein sch\u00f6nes strukturiertes Aussehen und wird aus Baby-Alpaka-Mischung f\u00fcr maximale Weichheit und Haltbarkeit gesponnen. Boucle Schal ist eine der einfachsten M\u00f6glichkeiten, Ihren Stil zu verbessern. Erh\u00e4ltlich in verschiedenen Farbt\u00f6nen, von hellem Weizen bis Mitternachtsblau.<\/span><\/p>\n<p>&nbsp;<\/p>\n<p>MATERIAL<strong><br \/>\n89% Baby-Alpaka, 11% Polyamid<br \/>\n<\/strong><\/p>\n<p>VERPACKUNG<strong><br \/>\nGeschenkbox<\/strong><\/p>\n<p>&nbsp;<\/p>\n","protected":false},"featured_media":25365,"template":"","meta":{"_acf_changed":false},"product_brand":[],"product_cat":[70,116],"product_tag":[],"product_shipping_class":[],"pa_soft-wrap-cardigan":[],"class_list":{"0":"post-47601","1":"product","2":"type-product","3":"status-publish","4":"has-post-thumbnail","6":"product_cat-herren","7":"product_cat-umschlagtucher-schals","9":"first","10":"instock","11":"taxable","12":"shipping-taxable","13":"purchasable","14":"product-type-variable","15":"has-default-attributes","16":"wvs-archive-product-wrapper"},"bundled_by":[],"bundle_stock_status":"instock","bundle_stock_quantity":null,"bundle_virtual":false,"bundle_layout":"","bundle_add_to_cart_form_location":"","bundle_editable_in_cart":false,"bundle_sold_individually_context":"","bundle_item_grouping":"","bundle_min_size":"","bundle_max_size":"","bundle_price":[],"bundled_items":[],"bundle_sell_ids":[],"acf":[],"aioseo_notices":[],"_links":{"self":[{"href":"https:\/\/alpaka-shop.com\/de\/wp-json\/wp\/v2\/product\/47601","targetHints":{"allow":["GET"]}}],"collection":[{"href":"https:\/\/alpaka-shop.com\/de\/wp-json\/wp\/v2\/product"}],"about":[{"href":"https:\/\/alpaka-shop.com\/de\/wp-json\/wp\/v2\/types\/product"}],"wp:featuredmedia":[{"embeddable":true,"href":"https:\/\/alpaka-shop.com\/de\/wp-json\/wp\/v2\/media\/25365"}],"wp:attachment":[{"href":"https:\/\/alpaka-shop.com\/de\/wp-json\/wp\/v2\/media?parent=47601"}],"wp:term":[{"taxonomy":"product_brand","embeddable":true,"href":"https:\/\/alpaka-shop.com\/de\/wp-json\/wp\/v2\/product_brand?post=47601"},{"taxonomy":"product_cat","embeddable":true,"href":"https:\/\/alpaka-shop.com\/de\/wp-json\/wp\/v2\/product_cat?post=47601"},{"taxonomy":"product_tag","embeddable":true,"href":"https:\/\/alpaka-shop.com\/de\/wp-json\/wp\/v2\/product_tag?post=47601"},{"taxonomy":"product_shipping_class","embeddable":true,"href":"https:\/\/alpaka-shop.com\/de\/wp-json\/wp\/v2\/product_shipping_class?post=47601"},{"taxonomy":"pa_soft-wrap-cardigan","embeddable":true,"href":"https:\/\/alpaka-shop.com\/de\/wp-json\/wp\/v2\/pa_soft-wrap-cardigan?post=47601"}],"curies":[{"name":"wp","href":"https:\/\/api.w.org\/{rel}","templated":true}]}}