{"id":4913,"date":"2019-10-24T13:58:55","date_gmt":"2019-10-24T13:58:55","guid":{"rendered":"https:\/\/uus.alpaka-shop.com\/product\/langer-glatter-cardigan\/"},"modified":"2026-03-05T18:20:03","modified_gmt":"2026-03-05T16:20:03","slug":"langer-glatter-cardigan","status":"publish","type":"product","link":"https:\/\/alpaka-shop.com\/de\/langer-glatter-cardigan\/","title":{"rendered":"Langer glatter Cardigan"},"content":{"rendered":"","protected":false},"excerpt":{"rendered":"<p>Ein Cardigan, der raffiniert und doch l\u00e4ssig ist, poliert und doch entspannt, um Ihrem vielseitigen Lebensstil zu entsprechen. Gefilztes Baby-Alpaka-Garn verleiht dem Cardigan einen leicht flockigen Look und einen femininen Charakter. Es ist einfach, es mit zus\u00e4tzlichen Accessoires nach Ihren W\u00fcnschen feiner oder simpler zu tragen. Der lange Schnitt und die elegante Silhouette machen es zu einem perfekten Unterziehst\u00fcck f\u00fcr Midikleider, R\u00f6cke und schmale Hosen, damit Sie sich auch bei niedrigen Temperaturen wohlf\u00fchlen. Dieses Modell ist ideal f\u00fcr B\u00fcro, Wochenende oder Reisen, um Sie warm und dennoch stilvoll zu halten. Die Farbauswahl reicht von neutralem Grau bis hin zu trendigem Pastell.<\/p>\n<p>MATERIAL<strong><br \/>\n89% Alpaka, 11% Nylon<\/strong><\/p>\n","protected":false},"featured_media":42835,"template":"","meta":{"_acf_changed":false},"product_brand":[],"product_cat":[67,121],"product_tag":[],"product_shipping_class":[],"pa_soft-wrap-cardigan":[],"class_list":{"0":"post-4913","1":"product","2":"type-product","3":"status-publish","4":"has-post-thumbnail","6":"product_cat-damen","7":"product_cat-pullover-cardigans","9":"first","10":"instock","11":"taxable","12":"shipping-taxable","13":"purchasable","14":"product-type-variable","15":"has-default-attributes","16":"wvs-archive-product-wrapper"},"bundled_by":[],"bundle_stock_status":"instock","bundle_stock_quantity":null,"bundle_virtual":false,"bundle_layout":"","bundle_add_to_cart_form_location":"","bundle_editable_in_cart":false,"bundle_sold_individually_context":"","bundle_item_grouping":"","bundle_min_size":"","bundle_max_size":"","bundle_price":[],"bundled_items":[],"bundle_sell_ids":[],"acf":[],"aioseo_notices":[],"_links":{"self":[{"href":"https:\/\/alpaka-shop.com\/de\/wp-json\/wp\/v2\/product\/4913","targetHints":{"allow":["GET"]}}],"collection":[{"href":"https:\/\/alpaka-shop.com\/de\/wp-json\/wp\/v2\/product"}],"about":[{"href":"https:\/\/alpaka-shop.com\/de\/wp-json\/wp\/v2\/types\/product"}],"wp:featuredmedia":[{"embeddable":true,"href":"https:\/\/alpaka-shop.com\/de\/wp-json\/wp\/v2\/media\/42835"}],"wp:attachment":[{"href":"https:\/\/alpaka-shop.com\/de\/wp-json\/wp\/v2\/media?parent=4913"}],"wp:term":[{"taxonomy":"product_brand","embeddable":true,"href":"https:\/\/alpaka-shop.com\/de\/wp-json\/wp\/v2\/product_brand?post=4913"},{"taxonomy":"product_cat","embeddable":true,"href":"https:\/\/alpaka-shop.com\/de\/wp-json\/wp\/v2\/product_cat?post=4913"},{"taxonomy":"product_tag","embeddable":true,"href":"https:\/\/alpaka-shop.com\/de\/wp-json\/wp\/v2\/product_tag?post=4913"},{"taxonomy":"product_shipping_class","embeddable":true,"href":"https:\/\/alpaka-shop.com\/de\/wp-json\/wp\/v2\/product_shipping_class?post=4913"},{"taxonomy":"pa_soft-wrap-cardigan","embeddable":true,"href":"https:\/\/alpaka-shop.com\/de\/wp-json\/wp\/v2\/pa_soft-wrap-cardigan?post=4913"}],"curies":[{"name":"wp","href":"https:\/\/api.w.org\/{rel}","templated":true}]}}