{"id":5246,"date":"2019-08-23T10:39:15","date_gmt":"2019-08-23T10:39:15","guid":{"rendered":"https:\/\/uus.alpaka-shop.com\/product\/schal-exclusive-3\/"},"modified":"2026-04-06T10:00:11","modified_gmt":"2026-04-06T07:00:11","slug":"schal-exclusive-frauen","status":"publish","type":"product","link":"https:\/\/alpaka-shop.com\/de\/schal-exclusive-frauen\/","title":{"rendered":"Umschlagtuch Exclusive"},"content":{"rendered":"","protected":false},"excerpt":{"rendered":"<p>Weicher und seidiger Baby-Alpaka-Schal von gro\u00dfz\u00fcgiger Gr\u00f6\u00dfe, der Sie den ganzen Tag \u00fcber warm und erf\u00fcllt h\u00e4lt. Exklusive Schals sind in einer Reihe klassischer Farben erh\u00e4ltlich, die zu alle in Ihrem Kleiderschrank passen. Verleihen Sie Ihrem Leben einen Hauch von Luxus und W\u00e4rme!<\/p>\n<p>MATERIAL<strong><br \/>\n100% Baby-Alpaka<\/strong><\/p>\n<p>&nbsp;<\/p>\n","protected":false},"featured_media":45402,"template":"","meta":{"_acf_changed":false},"product_brand":[],"product_cat":[67,2814,66],"product_tag":[],"product_shipping_class":[],"pa_soft-wrap-cardigan":[],"class_list":{"0":"post-5246","1":"product","2":"type-product","3":"status-publish","4":"has-post-thumbnail","6":"product_cat-damen","7":"product_cat-march-edit-de","8":"product_cat-schals-und-umschlagtucher","10":"first","11":"instock","12":"taxable","13":"shipping-taxable","14":"purchasable","15":"product-type-variable","16":"has-default-attributes","17":"wvs-archive-product-wrapper"},"bundled_by":[],"bundle_stock_status":"instock","bundle_stock_quantity":null,"bundle_virtual":false,"bundle_layout":"","bundle_add_to_cart_form_location":"","bundle_editable_in_cart":false,"bundle_sold_individually_context":"","bundle_item_grouping":"","bundle_min_size":"","bundle_max_size":"","bundle_price":[],"bundled_items":[],"bundle_sell_ids":[],"acf":[],"aioseo_notices":[],"_links":{"self":[{"href":"https:\/\/alpaka-shop.com\/de\/wp-json\/wp\/v2\/product\/5246","targetHints":{"allow":["GET"]}}],"collection":[{"href":"https:\/\/alpaka-shop.com\/de\/wp-json\/wp\/v2\/product"}],"about":[{"href":"https:\/\/alpaka-shop.com\/de\/wp-json\/wp\/v2\/types\/product"}],"wp:featuredmedia":[{"embeddable":true,"href":"https:\/\/alpaka-shop.com\/de\/wp-json\/wp\/v2\/media\/45402"}],"wp:attachment":[{"href":"https:\/\/alpaka-shop.com\/de\/wp-json\/wp\/v2\/media?parent=5246"}],"wp:term":[{"taxonomy":"product_brand","embeddable":true,"href":"https:\/\/alpaka-shop.com\/de\/wp-json\/wp\/v2\/product_brand?post=5246"},{"taxonomy":"product_cat","embeddable":true,"href":"https:\/\/alpaka-shop.com\/de\/wp-json\/wp\/v2\/product_cat?post=5246"},{"taxonomy":"product_tag","embeddable":true,"href":"https:\/\/alpaka-shop.com\/de\/wp-json\/wp\/v2\/product_tag?post=5246"},{"taxonomy":"product_shipping_class","embeddable":true,"href":"https:\/\/alpaka-shop.com\/de\/wp-json\/wp\/v2\/product_shipping_class?post=5246"},{"taxonomy":"pa_soft-wrap-cardigan","embeddable":true,"href":"https:\/\/alpaka-shop.com\/de\/wp-json\/wp\/v2\/pa_soft-wrap-cardigan?post=5246"}],"curies":[{"name":"wp","href":"https:\/\/api.w.org\/{rel}","templated":true}]}}