{"id":53057,"date":"2023-12-13T15:50:15","date_gmt":"2023-12-13T13:50:15","guid":{"rendered":"https:\/\/alpaka-shop.com\/?post_type=product&#038;p=53057"},"modified":"2026-04-06T10:00:13","modified_gmt":"2026-04-06T07:00:13","slug":"dicke-socken-4","status":"publish","type":"product","link":"https:\/\/alpaka-shop.com\/de\/dicke-socken-4\/","title":{"rendered":"Dicke Socken"},"content":{"rendered":"","protected":false},"excerpt":{"rendered":"<p><span data-sheets-formula-bar-text-style=\"font-size:13px;color:#000000;font-weight:normal;text-decoration:none;font-family:'Arial';font-style:normal;text-decoration-skip-ink:none;\">Dicke Alpaka-Socken sorgen daf\u00fcr, dass Sie wetterfest und gem\u00fctlich bleiben. Diese Socken werden mit einer verst\u00e4rkten Ferse und Zehen erg\u00e4nzt, um ihre Form zu erhalten und eine l\u00e4ngere Lebensdauer zu gew\u00e4hrleisten. Hautfreundlich und dank einer hochwertigen Materialzusammensetzung ideal f\u00fcr den Alltag. Hervorragende Gem\u00fctlichkeit ist garantiert.<\/span><\/p>\n<p>MATERIAL<br \/>\n<strong>50% alpaca, 45% acrylic, 5% merino wool<\/strong><\/p>\n","protected":false},"featured_media":53089,"template":"","meta":{"_acf_changed":false},"product_brand":[],"product_cat":[2972,67],"product_tag":[],"product_shipping_class":[],"pa_soft-wrap-cardigan":[],"class_list":{"0":"post-53057","1":"product","2":"type-product","3":"status-publish","4":"has-post-thumbnail","6":"product_cat-accessoires-de","7":"product_cat-damen","9":"first","10":"instock","11":"taxable","12":"shipping-taxable","13":"purchasable","14":"product-type-variable","15":"has-default-attributes","16":"wvs-archive-product-wrapper"},"bundled_by":[],"bundle_stock_status":"instock","bundle_stock_quantity":null,"bundle_virtual":false,"bundle_layout":"","bundle_add_to_cart_form_location":"","bundle_editable_in_cart":false,"bundle_sold_individually_context":"","bundle_item_grouping":"","bundle_min_size":"","bundle_max_size":"","bundle_price":[],"bundled_items":[],"bundle_sell_ids":[],"acf":[],"aioseo_notices":[],"_links":{"self":[{"href":"https:\/\/alpaka-shop.com\/de\/wp-json\/wp\/v2\/product\/53057","targetHints":{"allow":["GET"]}}],"collection":[{"href":"https:\/\/alpaka-shop.com\/de\/wp-json\/wp\/v2\/product"}],"about":[{"href":"https:\/\/alpaka-shop.com\/de\/wp-json\/wp\/v2\/types\/product"}],"wp:featuredmedia":[{"embeddable":true,"href":"https:\/\/alpaka-shop.com\/de\/wp-json\/wp\/v2\/media\/53089"}],"wp:attachment":[{"href":"https:\/\/alpaka-shop.com\/de\/wp-json\/wp\/v2\/media?parent=53057"}],"wp:term":[{"taxonomy":"product_brand","embeddable":true,"href":"https:\/\/alpaka-shop.com\/de\/wp-json\/wp\/v2\/product_brand?post=53057"},{"taxonomy":"product_cat","embeddable":true,"href":"https:\/\/alpaka-shop.com\/de\/wp-json\/wp\/v2\/product_cat?post=53057"},{"taxonomy":"product_tag","embeddable":true,"href":"https:\/\/alpaka-shop.com\/de\/wp-json\/wp\/v2\/product_tag?post=53057"},{"taxonomy":"product_shipping_class","embeddable":true,"href":"https:\/\/alpaka-shop.com\/de\/wp-json\/wp\/v2\/product_shipping_class?post=53057"},{"taxonomy":"pa_soft-wrap-cardigan","embeddable":true,"href":"https:\/\/alpaka-shop.com\/de\/wp-json\/wp\/v2\/pa_soft-wrap-cardigan?post=53057"}],"curies":[{"name":"wp","href":"https:\/\/api.w.org\/{rel}","templated":true}]}}