{"id":5341,"date":"2019-11-24T12:42:39","date_gmt":"2019-11-24T12:42:39","guid":{"rendered":"https:\/\/uus.alpaka-shop.com\/product\/schal-exclusive-fishbone-2\/"},"modified":"2026-04-07T19:20:03","modified_gmt":"2026-04-07T16:20:03","slug":"schal-exclusive-fishbone-manner","status":"publish","type":"product","link":"https:\/\/alpaka-shop.com\/de\/schal-exclusive-fishbone-manner\/","title":{"rendered":"Maxi-Schal Exclusive Fishbone"},"content":{"rendered":"","protected":false},"excerpt":{"rendered":"<p>Der gro\u00dfe Baby-Alpaka-Schal ist perfekt f\u00fcr die ganzt\u00e4gige W\u00e4rme. Baby-Alpaka-Wolle vereint ultimative W\u00e4rme, Weichheit und Haltbarkeit. Das Fishbone-Design verleiht dem Schal einen opulenten Touch und passt zu jedem Outfit. Die Farbpalette, die die nordische Natur widerspiegelt, reicht von neutral bis k\u00fchn. F\u00fcllen Sie Ihr Leben mit der Weichheit und W\u00e4rme, die unbeschreiblich sind.<\/p>\n<p>MATERIAL<strong><br \/>\n100% Baby-Alpaka<\/strong><\/p>\n<p>&nbsp;<\/p>\n","protected":false},"featured_media":5342,"template":"","meta":{"_acf_changed":false},"product_brand":[],"product_cat":[70,116],"product_tag":[],"product_shipping_class":[],"pa_soft-wrap-cardigan":[],"class_list":{"0":"post-5341","1":"product","2":"type-product","3":"status-publish","4":"has-post-thumbnail","6":"product_cat-herren","7":"product_cat-umschlagtucher-schals","9":"first","10":"instock","11":"taxable","12":"shipping-taxable","13":"purchasable","14":"product-type-variable","15":"has-default-attributes","16":"wvs-archive-product-wrapper"},"bundled_by":[],"bundle_stock_status":"instock","bundle_stock_quantity":null,"bundle_virtual":false,"bundle_layout":"","bundle_add_to_cart_form_location":"","bundle_editable_in_cart":false,"bundle_sold_individually_context":"","bundle_item_grouping":"","bundle_min_size":"","bundle_max_size":"","bundle_price":[],"bundled_items":[],"bundle_sell_ids":[],"acf":[],"aioseo_notices":[],"_links":{"self":[{"href":"https:\/\/alpaka-shop.com\/de\/wp-json\/wp\/v2\/product\/5341","targetHints":{"allow":["GET"]}}],"collection":[{"href":"https:\/\/alpaka-shop.com\/de\/wp-json\/wp\/v2\/product"}],"about":[{"href":"https:\/\/alpaka-shop.com\/de\/wp-json\/wp\/v2\/types\/product"}],"wp:featuredmedia":[{"embeddable":true,"href":"https:\/\/alpaka-shop.com\/de\/wp-json\/wp\/v2\/media\/5342"}],"wp:attachment":[{"href":"https:\/\/alpaka-shop.com\/de\/wp-json\/wp\/v2\/media?parent=5341"}],"wp:term":[{"taxonomy":"product_brand","embeddable":true,"href":"https:\/\/alpaka-shop.com\/de\/wp-json\/wp\/v2\/product_brand?post=5341"},{"taxonomy":"product_cat","embeddable":true,"href":"https:\/\/alpaka-shop.com\/de\/wp-json\/wp\/v2\/product_cat?post=5341"},{"taxonomy":"product_tag","embeddable":true,"href":"https:\/\/alpaka-shop.com\/de\/wp-json\/wp\/v2\/product_tag?post=5341"},{"taxonomy":"product_shipping_class","embeddable":true,"href":"https:\/\/alpaka-shop.com\/de\/wp-json\/wp\/v2\/product_shipping_class?post=5341"},{"taxonomy":"pa_soft-wrap-cardigan","embeddable":true,"href":"https:\/\/alpaka-shop.com\/de\/wp-json\/wp\/v2\/pa_soft-wrap-cardigan?post=5341"}],"curies":[{"name":"wp","href":"https:\/\/api.w.org\/{rel}","templated":true}]}}