{"id":5438,"date":"2019-11-24T12:46:26","date_gmt":"2019-11-24T12:46:26","guid":{"rendered":"https:\/\/uus.alpaka-shop.com\/product\/schal-scottish-silk\/"},"modified":"2025-03-07T11:00:55","modified_gmt":"2025-03-07T09:00:55","slug":"schal-scottish-silk","status":"publish","type":"product","link":"https:\/\/alpaka-shop.com\/de\/schal-scottish-silk\/","title":{"rendered":"Schal Scottish Silk"},"content":{"rendered":"","protected":false},"excerpt":{"rendered":"<p dir=\"ltr\">Schal Scottish Silk vereint das Beste aus Baby-Alpaka-Wolle und Seide. Baby-Alpaka-Wolle aus dem peruanischen Hochland und Naturseide ergeben eine Kombination, die sich elegant, weich und extrem seidig anf\u00fchlt. Alle Farboptionen bestehen aus \u00f6kologischen und ungef\u00e4rbten Garnen. Diese nat\u00fcrlichen Erdt\u00f6ne lassen sich leicht mischen und anpassen.<\/p>\n<p dir=\"ltr\">Der Schal Scottish Silk verleiht jedem Outfit einen edlen Touch und ist perfekt f\u00fcr den ganzj\u00e4hrigen Komfort. Es ist ein gro\u00dfartiges Unterziehst\u00fcck f\u00fcr den Alltag oder auch nur f\u00fcr besondere Anl\u00e4sse!<\/p>\n<p>MATERIAL<br \/>\n<strong>70% Baby-Alpaka \/ 30% Seide<\/strong><\/p>\n<p>VERPACKUNG<br \/>\n<strong>Geschenkbox<\/strong><\/p>\n","protected":false},"featured_media":5427,"template":"","meta":{"_acf_changed":false},"product_brand":[],"product_cat":[70,116],"product_tag":[],"product_shipping_class":[],"pa_soft-wrap-cardigan":[],"class_list":{"0":"post-5438","1":"product","2":"type-product","3":"status-publish","4":"has-post-thumbnail","6":"product_cat-herren","7":"product_cat-umschlagtucher-schals","9":"first","10":"outofstock","11":"taxable","12":"shipping-taxable","13":"purchasable","14":"product-type-variable","15":"has-default-attributes","16":"wvs-archive-product-wrapper"},"bundled_by":[],"bundle_stock_status":"outofstock","bundle_stock_quantity":null,"bundle_virtual":false,"bundle_layout":"","bundle_add_to_cart_form_location":"","bundle_editable_in_cart":false,"bundle_sold_individually_context":"","bundle_item_grouping":"","bundle_min_size":"","bundle_max_size":"","bundle_price":[],"bundled_items":[],"bundle_sell_ids":[],"acf":[],"aioseo_notices":[],"_links":{"self":[{"href":"https:\/\/alpaka-shop.com\/de\/wp-json\/wp\/v2\/product\/5438","targetHints":{"allow":["GET"]}}],"collection":[{"href":"https:\/\/alpaka-shop.com\/de\/wp-json\/wp\/v2\/product"}],"about":[{"href":"https:\/\/alpaka-shop.com\/de\/wp-json\/wp\/v2\/types\/product"}],"wp:featuredmedia":[{"embeddable":true,"href":"https:\/\/alpaka-shop.com\/de\/wp-json\/wp\/v2\/media\/5427"}],"wp:attachment":[{"href":"https:\/\/alpaka-shop.com\/de\/wp-json\/wp\/v2\/media?parent=5438"}],"wp:term":[{"taxonomy":"product_brand","embeddable":true,"href":"https:\/\/alpaka-shop.com\/de\/wp-json\/wp\/v2\/product_brand?post=5438"},{"taxonomy":"product_cat","embeddable":true,"href":"https:\/\/alpaka-shop.com\/de\/wp-json\/wp\/v2\/product_cat?post=5438"},{"taxonomy":"product_tag","embeddable":true,"href":"https:\/\/alpaka-shop.com\/de\/wp-json\/wp\/v2\/product_tag?post=5438"},{"taxonomy":"product_shipping_class","embeddable":true,"href":"https:\/\/alpaka-shop.com\/de\/wp-json\/wp\/v2\/product_shipping_class?post=5438"},{"taxonomy":"pa_soft-wrap-cardigan","embeddable":true,"href":"https:\/\/alpaka-shop.com\/de\/wp-json\/wp\/v2\/pa_soft-wrap-cardigan?post=5438"}],"curies":[{"name":"wp","href":"https:\/\/api.w.org\/{rel}","templated":true}]}}