{"id":5462,"date":"2019-10-08T07:31:21","date_gmt":"2019-10-08T07:31:21","guid":{"rendered":"https:\/\/uus.alpaka-shop.com\/product\/rechteckiges-cape\/"},"modified":"2025-07-01T10:20:26","modified_gmt":"2025-07-01T07:20:26","slug":"rechteckiges-cape","status":"publish","type":"product","link":"https:\/\/alpaka-shop.com\/de\/rechteckiges-cape\/","title":{"rendered":"Rechteckiges Cape"},"content":{"rendered":"","protected":false},"excerpt":{"rendered":"<p>Dieses Cape hat eine wirklich klassische Form, die das Tragen erleichtert, verbirgt jedoch ein wenig verspieltes Rippendesign f\u00fcr den besonderen Touch. Tragen Sie es \u00fcber einem eleganten Kittel oder Rock oder \u00fcber einem feinen Pullover und Jeans f\u00fcr B\u00fcro- oder Reisezwecke, um Sie warm und gleichzeitig leicht zu halten. Alpaka verleiht diesem Modell seine W\u00e4rme und Weichheit und Merino seine Form und Leichtigkeit sowie eine lange Lebensdauer. Die Farbpalette reicht von trendigen Blaut\u00f6nen bis hin zu nat\u00fcrlichen Neutralen.<\/p>\n<p>MATERIAL<strong><br \/>\n50% Baby-Alpaka, 50% Merinowoll<\/strong><\/p>\n<p>VERPACKUNG<br \/>\n<strong>Geschenkbox<\/strong><\/p>\n","protected":false},"featured_media":4116,"template":"","meta":{"_acf_changed":false},"product_brand":[],"product_cat":[67,120,281],"product_tag":[],"product_shipping_class":[],"pa_soft-wrap-cardigan":[],"class_list":{"0":"post-5462","1":"product","2":"type-product","3":"status-publish","4":"has-post-thumbnail","6":"product_cat-damen","7":"product_cat-ponchos","8":"product_cat-sale-30-ger","10":"first","11":"instock","12":"sale","13":"taxable","14":"shipping-taxable","15":"purchasable","16":"product-type-variable","17":"has-default-attributes","18":"wvs-archive-product-wrapper"},"bundled_by":[],"bundle_stock_status":"instock","bundle_stock_quantity":null,"bundle_virtual":false,"bundle_layout":"","bundle_add_to_cart_form_location":"","bundle_editable_in_cart":false,"bundle_sold_individually_context":"","bundle_item_grouping":"","bundle_min_size":"","bundle_max_size":"","bundle_price":[],"bundled_items":[],"bundle_sell_ids":[],"acf":[],"aioseo_notices":[],"_links":{"self":[{"href":"https:\/\/alpaka-shop.com\/de\/wp-json\/wp\/v2\/product\/5462","targetHints":{"allow":["GET"]}}],"collection":[{"href":"https:\/\/alpaka-shop.com\/de\/wp-json\/wp\/v2\/product"}],"about":[{"href":"https:\/\/alpaka-shop.com\/de\/wp-json\/wp\/v2\/types\/product"}],"wp:featuredmedia":[{"embeddable":true,"href":"https:\/\/alpaka-shop.com\/de\/wp-json\/wp\/v2\/media\/4116"}],"wp:attachment":[{"href":"https:\/\/alpaka-shop.com\/de\/wp-json\/wp\/v2\/media?parent=5462"}],"wp:term":[{"taxonomy":"product_brand","embeddable":true,"href":"https:\/\/alpaka-shop.com\/de\/wp-json\/wp\/v2\/product_brand?post=5462"},{"taxonomy":"product_cat","embeddable":true,"href":"https:\/\/alpaka-shop.com\/de\/wp-json\/wp\/v2\/product_cat?post=5462"},{"taxonomy":"product_tag","embeddable":true,"href":"https:\/\/alpaka-shop.com\/de\/wp-json\/wp\/v2\/product_tag?post=5462"},{"taxonomy":"product_shipping_class","embeddable":true,"href":"https:\/\/alpaka-shop.com\/de\/wp-json\/wp\/v2\/product_shipping_class?post=5462"},{"taxonomy":"pa_soft-wrap-cardigan","embeddable":true,"href":"https:\/\/alpaka-shop.com\/de\/wp-json\/wp\/v2\/pa_soft-wrap-cardigan?post=5462"}],"curies":[{"name":"wp","href":"https:\/\/api.w.org\/{rel}","templated":true}]}}