{"id":5472,"date":"2019-11-20T16:03:26","date_gmt":"2019-11-20T16:03:26","guid":{"rendered":"https:\/\/uus.alpaka-shop.com\/product\/poncho-pullover\/"},"modified":"2026-03-20T11:20:03","modified_gmt":"2026-03-20T09:20:03","slug":"poncho-pullover","status":"publish","type":"product","link":"https:\/\/alpaka-shop.com\/de\/poncho-pullover\/","title":{"rendered":"Poncho-Pullover"},"content":{"rendered":"","protected":false},"excerpt":{"rendered":"<p>Wirklich einzigartig und unterhaltsam \u2013 tragen Sie es als Pullover oder Poncho. Die \u00c4rmel sorgen f\u00fcr eine gute Passform des Capes f\u00fcr den t\u00e4glichen Gebrauch, sodass Sie sicher sein k\u00f6nnen, dass er an bleibt. Gleichzeitig haben Sie die Atmungsaktivit\u00e4t eines Capes, sodass Sie die Temperaturen anpassen k\u00f6nnen, ohne das Outfit wechseln zu m\u00fcssen. Alpakawolle h\u00e4lt Sie warm und l\u00e4sst gleichzeitig Ihren K\u00f6rper immer atmen. Das subtile Rippendesign verleiht dem Poncho einen einzigartigen Look mit genau der richtigen Menge an zus\u00e4tzlichem Reiz.<\/p>\n<p>MATERIAL<br \/>\n<strong>100% geb\u00fcrstetes Baby-Alpaka<\/strong><\/p>\n","protected":false},"featured_media":41866,"template":"","meta":{"_acf_changed":false},"product_brand":[],"product_cat":[67,118,120,121],"product_tag":[],"product_shipping_class":[],"pa_soft-wrap-cardigan":[],"class_list":{"0":"post-5472","1":"product","2":"type-product","3":"status-publish","4":"has-post-thumbnail","6":"product_cat-damen","7":"product_cat-kleidung","8":"product_cat-ponchos","9":"product_cat-pullover-cardigans","11":"first","12":"instock","13":"taxable","14":"shipping-taxable","15":"purchasable","16":"product-type-variable","17":"has-default-attributes","18":"wvs-archive-product-wrapper"},"bundled_by":[],"bundle_stock_status":"instock","bundle_stock_quantity":null,"bundle_virtual":false,"bundle_layout":"","bundle_add_to_cart_form_location":"","bundle_editable_in_cart":false,"bundle_sold_individually_context":"","bundle_item_grouping":"","bundle_min_size":"","bundle_max_size":"","bundle_price":[],"bundled_items":[],"bundle_sell_ids":[],"acf":[],"aioseo_notices":[],"_links":{"self":[{"href":"https:\/\/alpaka-shop.com\/de\/wp-json\/wp\/v2\/product\/5472","targetHints":{"allow":["GET"]}}],"collection":[{"href":"https:\/\/alpaka-shop.com\/de\/wp-json\/wp\/v2\/product"}],"about":[{"href":"https:\/\/alpaka-shop.com\/de\/wp-json\/wp\/v2\/types\/product"}],"wp:featuredmedia":[{"embeddable":true,"href":"https:\/\/alpaka-shop.com\/de\/wp-json\/wp\/v2\/media\/41866"}],"wp:attachment":[{"href":"https:\/\/alpaka-shop.com\/de\/wp-json\/wp\/v2\/media?parent=5472"}],"wp:term":[{"taxonomy":"product_brand","embeddable":true,"href":"https:\/\/alpaka-shop.com\/de\/wp-json\/wp\/v2\/product_brand?post=5472"},{"taxonomy":"product_cat","embeddable":true,"href":"https:\/\/alpaka-shop.com\/de\/wp-json\/wp\/v2\/product_cat?post=5472"},{"taxonomy":"product_tag","embeddable":true,"href":"https:\/\/alpaka-shop.com\/de\/wp-json\/wp\/v2\/product_tag?post=5472"},{"taxonomy":"product_shipping_class","embeddable":true,"href":"https:\/\/alpaka-shop.com\/de\/wp-json\/wp\/v2\/product_shipping_class?post=5472"},{"taxonomy":"pa_soft-wrap-cardigan","embeddable":true,"href":"https:\/\/alpaka-shop.com\/de\/wp-json\/wp\/v2\/pa_soft-wrap-cardigan?post=5472"}],"curies":[{"name":"wp","href":"https:\/\/api.w.org\/{rel}","templated":true}]}}