{"id":5623,"date":"2019-07-30T08:43:18","date_gmt":"2019-07-30T08:43:18","guid":{"rendered":"https:\/\/uus.alpaka-shop.com\/product\/plaid-exclusive-fishbone\/"},"modified":"2026-04-14T21:00:03","modified_gmt":"2026-04-14T18:00:03","slug":"plaid-exclusive-fishbone","status":"publish","type":"product","link":"https:\/\/alpaka-shop.com\/de\/plaid-exclusive-fishbone\/","title":{"rendered":"Plaid Exclusive Fishbone"},"content":{"rendered":"","protected":false},"excerpt":{"rendered":"<p><span style=\"font-weight: 400\">Plaid Exclusive Fishbone ist das Traumaccessoire jeder Home Design-Enthusiast, denn seine einzigartigen Fischgr\u00e4tenmotive setzen einen niedlichen Akzent. Die samtweiche und warme Baby-Alpaka-Decke kann in der k\u00e4lteren Jahreszeit oder in einer k\u00fchlen Nacht als zus\u00e4tzliches Accessoire verwendet werden. Die Farbpalette reicht von modern industriell bis strahlend. F\u00fcllen Sie Ihr Zuhause mit diesen luxuri\u00f6sen Plaids und genie\u00dfen Sie vor allem den gr\u00f6\u00dften Komfort. <\/span><\/p>\n<p>MATERIAL<strong><br \/>\n100% Baby-Alpaka<\/strong><\/p>\n","protected":false},"featured_media":45350,"template":"","meta":{"_acf_changed":false},"product_brand":[],"product_cat":[112,114],"product_tag":[],"product_shipping_class":[],"pa_soft-wrap-cardigan":[],"class_list":{"0":"post-5623","1":"product","2":"type-product","3":"status-publish","4":"has-post-thumbnail","6":"product_cat-interieur","7":"product_cat-uberwurfe","9":"first","10":"instock","11":"taxable","12":"shipping-taxable","13":"purchasable","14":"product-type-variable","15":"has-default-attributes","16":"wvs-archive-product-wrapper"},"bundled_by":[],"bundle_stock_status":"instock","bundle_stock_quantity":null,"bundle_virtual":false,"bundle_layout":"","bundle_add_to_cart_form_location":"","bundle_editable_in_cart":false,"bundle_sold_individually_context":"","bundle_item_grouping":"","bundle_min_size":"","bundle_max_size":"","bundle_price":[],"bundled_items":[],"bundle_sell_ids":[],"acf":[],"aioseo_notices":[],"_links":{"self":[{"href":"https:\/\/alpaka-shop.com\/de\/wp-json\/wp\/v2\/product\/5623","targetHints":{"allow":["GET"]}}],"collection":[{"href":"https:\/\/alpaka-shop.com\/de\/wp-json\/wp\/v2\/product"}],"about":[{"href":"https:\/\/alpaka-shop.com\/de\/wp-json\/wp\/v2\/types\/product"}],"wp:featuredmedia":[{"embeddable":true,"href":"https:\/\/alpaka-shop.com\/de\/wp-json\/wp\/v2\/media\/45350"}],"wp:attachment":[{"href":"https:\/\/alpaka-shop.com\/de\/wp-json\/wp\/v2\/media?parent=5623"}],"wp:term":[{"taxonomy":"product_brand","embeddable":true,"href":"https:\/\/alpaka-shop.com\/de\/wp-json\/wp\/v2\/product_brand?post=5623"},{"taxonomy":"product_cat","embeddable":true,"href":"https:\/\/alpaka-shop.com\/de\/wp-json\/wp\/v2\/product_cat?post=5623"},{"taxonomy":"product_tag","embeddable":true,"href":"https:\/\/alpaka-shop.com\/de\/wp-json\/wp\/v2\/product_tag?post=5623"},{"taxonomy":"product_shipping_class","embeddable":true,"href":"https:\/\/alpaka-shop.com\/de\/wp-json\/wp\/v2\/product_shipping_class?post=5623"},{"taxonomy":"pa_soft-wrap-cardigan","embeddable":true,"href":"https:\/\/alpaka-shop.com\/de\/wp-json\/wp\/v2\/pa_soft-wrap-cardigan?post=5623"}],"curies":[{"name":"wp","href":"https:\/\/api.w.org\/{rel}","templated":true}]}}