{"id":5789,"date":"2019-07-29T10:52:35","date_gmt":"2019-07-29T10:52:35","guid":{"rendered":"https:\/\/uus.alpaka-shop.com\/product\/plaid-classic-fishbone\/"},"modified":"2026-04-06T20:20:03","modified_gmt":"2026-04-06T17:20:03","slug":"plaid-classic-fischgratenmuster","status":"publish","type":"product","link":"https:\/\/alpaka-shop.com\/de\/plaid-classic-fischgratenmuster\/","title":{"rendered":"Plaid Classic Fischgr\u00e4tenmuster"},"content":{"rendered":"","protected":false},"excerpt":{"rendered":"<p>Warmer und weicher Allzweck\u00fcberwurf, der ultimative Gem\u00fctlichkeit und Komfort in Ihr Zimmer bringt. Fischgr\u00e4tenmuster verleiht einen klassischen Touch und l\u00e4sst sich leicht mischen und anpassen. Eine Mischung aus Alpaka und Wolle ist gleichzeitig weich und warm und schafft eine gro\u00dfartige Synergie. Plaid Classic Fishbone kommt in sechs sch\u00f6nen Farbkombinationen, von denen jede einfach zu kombinieren ist. Es wird ein beliebtes Accessoire f\u00fcr jedes Interieur oder Zuhause!<\/p>\n<p>MATERIAL<br \/>\n<strong>40% Alpaka, 45% Wolle, 15% Acryl<\/strong><\/p>\n<p>Das Produkt kann zu Beginn des Gebrauchs ein wenig Haar abwerfen, da es ein nat\u00fcrliches Material ist.<\/p>\n","protected":false},"featured_media":54286,"template":"","meta":{"_acf_changed":false},"product_brand":[],"product_cat":[112,2814,114],"product_tag":[],"product_shipping_class":[],"pa_soft-wrap-cardigan":[],"class_list":{"0":"post-5789","1":"product","2":"type-product","3":"status-publish","4":"has-post-thumbnail","6":"product_cat-interieur","7":"product_cat-march-edit-de","8":"product_cat-uberwurfe","10":"first","11":"instock","12":"taxable","13":"shipping-taxable","14":"purchasable","15":"product-type-variable","16":"has-default-attributes","17":"wvs-archive-product-wrapper"},"bundled_by":[],"bundle_stock_status":"instock","bundle_stock_quantity":null,"bundle_virtual":false,"bundle_layout":"","bundle_add_to_cart_form_location":"","bundle_editable_in_cart":false,"bundle_sold_individually_context":"","bundle_item_grouping":"","bundle_min_size":"","bundle_max_size":"","bundle_price":[],"bundled_items":[],"bundle_sell_ids":[],"acf":[],"aioseo_notices":[],"_links":{"self":[{"href":"https:\/\/alpaka-shop.com\/de\/wp-json\/wp\/v2\/product\/5789","targetHints":{"allow":["GET"]}}],"collection":[{"href":"https:\/\/alpaka-shop.com\/de\/wp-json\/wp\/v2\/product"}],"about":[{"href":"https:\/\/alpaka-shop.com\/de\/wp-json\/wp\/v2\/types\/product"}],"wp:featuredmedia":[{"embeddable":true,"href":"https:\/\/alpaka-shop.com\/de\/wp-json\/wp\/v2\/media\/54286"}],"wp:attachment":[{"href":"https:\/\/alpaka-shop.com\/de\/wp-json\/wp\/v2\/media?parent=5789"}],"wp:term":[{"taxonomy":"product_brand","embeddable":true,"href":"https:\/\/alpaka-shop.com\/de\/wp-json\/wp\/v2\/product_brand?post=5789"},{"taxonomy":"product_cat","embeddable":true,"href":"https:\/\/alpaka-shop.com\/de\/wp-json\/wp\/v2\/product_cat?post=5789"},{"taxonomy":"product_tag","embeddable":true,"href":"https:\/\/alpaka-shop.com\/de\/wp-json\/wp\/v2\/product_tag?post=5789"},{"taxonomy":"product_shipping_class","embeddable":true,"href":"https:\/\/alpaka-shop.com\/de\/wp-json\/wp\/v2\/product_shipping_class?post=5789"},{"taxonomy":"pa_soft-wrap-cardigan","embeddable":true,"href":"https:\/\/alpaka-shop.com\/de\/wp-json\/wp\/v2\/pa_soft-wrap-cardigan?post=5789"}],"curies":[{"name":"wp","href":"https:\/\/api.w.org\/{rel}","templated":true}]}}