{"id":5809,"date":"2019-07-30T12:03:15","date_gmt":"2019-07-30T12:03:15","guid":{"rendered":"https:\/\/uus.alpaka-shop.com\/product\/plaid-boucle\/"},"modified":"2026-03-06T12:37:11","modified_gmt":"2026-03-06T10:37:11","slug":"plaid-boucle","status":"publish","type":"product","link":"https:\/\/alpaka-shop.com\/de\/plaid-boucle\/","title":{"rendered":"Plaid Boucle"},"content":{"rendered":"","protected":false},"excerpt":{"rendered":"<p>Boucle Plaids sind luxuri\u00f6se Accessoires f\u00fcr Menschen, die diese traditionelle Technik der Herstellung sch\u00f6ner Produkte und das Fantasie-Boucl\u00e9-Garns wirklich zu sch\u00e4tzen wissen. Superfeine Alpaka-Wolle wird mit etwas Nylon gemischt, um dem Produkt mehr Haltbarkeit zu verleihen. Die strukturelle Webtechnik macht das Plaid noch w\u00e4rmer und atmungsaktiver. Boucle Plaids sind in drei Farben erh\u00e4ltlich, die sowohl zu raffinierten als auch zu modischen Interieurs oder Outfits passen. Dieses Plaid ist auch ein wunderbares Accessoire f\u00fcr die Innendesign und verleiht Ihrem Zuhause w\u00e4rmste Emotionen.<\/p>\n<p>MATERIAL<br \/>\n<strong>89% Superfine Alpaka, 11% Nylon<\/strong><\/p>\n<p>&nbsp;<\/p>\n<p>&nbsp;<\/p>\n","protected":false},"featured_media":5810,"template":"","meta":{"_acf_changed":false},"product_brand":[],"product_cat":[112,114],"product_tag":[],"product_shipping_class":[],"pa_soft-wrap-cardigan":[],"class_list":{"0":"post-5809","1":"product","2":"type-product","3":"status-publish","4":"has-post-thumbnail","6":"product_cat-interieur","7":"product_cat-uberwurfe","9":"first","10":"instock","11":"taxable","12":"shipping-taxable","13":"purchasable","14":"product-type-variable","15":"has-default-attributes","16":"wvs-archive-product-wrapper"},"bundled_by":[],"bundle_stock_status":"instock","bundle_stock_quantity":null,"bundle_virtual":false,"bundle_layout":"","bundle_add_to_cart_form_location":"","bundle_editable_in_cart":false,"bundle_sold_individually_context":"","bundle_item_grouping":"","bundle_min_size":"","bundle_max_size":"","bundle_price":[],"bundled_items":[],"bundle_sell_ids":[],"acf":[],"aioseo_notices":[],"_links":{"self":[{"href":"https:\/\/alpaka-shop.com\/de\/wp-json\/wp\/v2\/product\/5809","targetHints":{"allow":["GET"]}}],"collection":[{"href":"https:\/\/alpaka-shop.com\/de\/wp-json\/wp\/v2\/product"}],"about":[{"href":"https:\/\/alpaka-shop.com\/de\/wp-json\/wp\/v2\/types\/product"}],"wp:featuredmedia":[{"embeddable":true,"href":"https:\/\/alpaka-shop.com\/de\/wp-json\/wp\/v2\/media\/5810"}],"wp:attachment":[{"href":"https:\/\/alpaka-shop.com\/de\/wp-json\/wp\/v2\/media?parent=5809"}],"wp:term":[{"taxonomy":"product_brand","embeddable":true,"href":"https:\/\/alpaka-shop.com\/de\/wp-json\/wp\/v2\/product_brand?post=5809"},{"taxonomy":"product_cat","embeddable":true,"href":"https:\/\/alpaka-shop.com\/de\/wp-json\/wp\/v2\/product_cat?post=5809"},{"taxonomy":"product_tag","embeddable":true,"href":"https:\/\/alpaka-shop.com\/de\/wp-json\/wp\/v2\/product_tag?post=5809"},{"taxonomy":"product_shipping_class","embeddable":true,"href":"https:\/\/alpaka-shop.com\/de\/wp-json\/wp\/v2\/product_shipping_class?post=5809"},{"taxonomy":"pa_soft-wrap-cardigan","embeddable":true,"href":"https:\/\/alpaka-shop.com\/de\/wp-json\/wp\/v2\/pa_soft-wrap-cardigan?post=5809"}],"curies":[{"name":"wp","href":"https:\/\/api.w.org\/{rel}","templated":true}]}}