{"id":58347,"date":"2024-12-10T00:10:38","date_gmt":"2024-12-09T22:10:38","guid":{"rendered":"https:\/\/alpaka-shop.com\/?post_type=product&#038;p=58347"},"modified":"2026-04-17T15:00:04","modified_gmt":"2026-04-17T12:00:04","slug":"kinder-nackenwarmer-copy","status":"publish","type":"product","link":"https:\/\/alpaka-shop.com\/de\/kinder-nackenwarmer-copy\/","title":{"rendered":"Nackenw\u00e4rmer"},"content":{"rendered":"","protected":false},"excerpt":{"rendered":"<p><span data-sheets-value=\"{&quot;1&quot;:2,&quot;2&quot;:&quot;Kinder Nackenw\u00e4rmer\/ Baby Alpaka-Wollmischung Kinderhalsw\u00e4rmer\/ Unser Kinderhalsw\u00e4rmer ist das perfekte Winteraccessoire f\u00fcr die stylische Jugend. Dieser lustige und verspielte Kragen ist sowohl einfarbig als auch mehrfarbig erh\u00e4ltlich. Alpaka-Wolle-Mischung steht f\u00fcr ultimative W\u00e4rme und hervorragenden Tragekomfort. Durch die zus\u00e4tzliche L\u00e4nge vorne und hinten f\u00fchlen sie sich bei Familienausfl\u00fcgen bei kaltem Wetter angenehm kuschelig an.&quot;}\" data-sheets-userformat=\"{&quot;2&quot;:769,&quot;3&quot;:{&quot;1&quot;:0},&quot;11&quot;:4,&quot;12&quot;:0}\" data-sheets-textstyleruns=\"{&quot;1&quot;:0}\uee10{&quot;1&quot;:20,&quot;2&quot;:{&quot;4&quot;:8}}\uee10{&quot;1&quot;:62}\"> Dieser Schal h\u00e4lt Sie bei jedem Wetter warm. Er ist aus Babyalpakawolle gefertigt, die hautfreundlich und angenehm weich ist.<\/span><\/p>\n<p>MATERIAL<br \/>\n<strong>100% Baby-Alpaka<\/strong><\/p>\n","protected":false},"featured_media":45747,"template":"","meta":{"_acf_changed":false},"product_brand":[],"product_cat":[67,66],"product_tag":[],"product_shipping_class":[],"pa_soft-wrap-cardigan":[],"class_list":{"0":"post-58347","1":"product","2":"type-product","3":"status-publish","4":"has-post-thumbnail","6":"product_cat-damen","7":"product_cat-schals-und-umschlagtucher","9":"first","10":"instock","11":"taxable","12":"shipping-taxable","13":"purchasable","14":"product-type-variable","15":"has-default-attributes","16":"wvs-archive-product-wrapper"},"bundled_by":[],"bundle_stock_status":"instock","bundle_stock_quantity":null,"bundle_virtual":false,"bundle_layout":"","bundle_add_to_cart_form_location":"","bundle_editable_in_cart":false,"bundle_sold_individually_context":"","bundle_item_grouping":"","bundle_min_size":"","bundle_max_size":"","bundle_price":[],"bundled_items":[],"bundle_sell_ids":[],"acf":[],"aioseo_notices":[],"_links":{"self":[{"href":"https:\/\/alpaka-shop.com\/de\/wp-json\/wp\/v2\/product\/58347","targetHints":{"allow":["GET"]}}],"collection":[{"href":"https:\/\/alpaka-shop.com\/de\/wp-json\/wp\/v2\/product"}],"about":[{"href":"https:\/\/alpaka-shop.com\/de\/wp-json\/wp\/v2\/types\/product"}],"wp:featuredmedia":[{"embeddable":true,"href":"https:\/\/alpaka-shop.com\/de\/wp-json\/wp\/v2\/media\/45747"}],"wp:attachment":[{"href":"https:\/\/alpaka-shop.com\/de\/wp-json\/wp\/v2\/media?parent=58347"}],"wp:term":[{"taxonomy":"product_brand","embeddable":true,"href":"https:\/\/alpaka-shop.com\/de\/wp-json\/wp\/v2\/product_brand?post=58347"},{"taxonomy":"product_cat","embeddable":true,"href":"https:\/\/alpaka-shop.com\/de\/wp-json\/wp\/v2\/product_cat?post=58347"},{"taxonomy":"product_tag","embeddable":true,"href":"https:\/\/alpaka-shop.com\/de\/wp-json\/wp\/v2\/product_tag?post=58347"},{"taxonomy":"product_shipping_class","embeddable":true,"href":"https:\/\/alpaka-shop.com\/de\/wp-json\/wp\/v2\/product_shipping_class?post=58347"},{"taxonomy":"pa_soft-wrap-cardigan","embeddable":true,"href":"https:\/\/alpaka-shop.com\/de\/wp-json\/wp\/v2\/pa_soft-wrap-cardigan?post=58347"}],"curies":[{"name":"wp","href":"https:\/\/api.w.org\/{rel}","templated":true}]}}