{"id":58665,"date":"2024-12-10T12:01:52","date_gmt":"2024-12-10T10:01:52","guid":{"rendered":"https:\/\/alpaka-shop.com\/leichter-pulswaermer\/"},"modified":"2026-04-08T12:30:10","modified_gmt":"2026-04-08T09:30:10","slug":"leichter-pulswaermer","status":"publish","type":"product","link":"https:\/\/alpaka-shop.com\/de\/leichter-pulswaermer\/","title":{"rendered":"Leichter Pulsw\u00e4rmer"},"content":{"rendered":"","protected":false},"excerpt":{"rendered":"<p><span data-sheets-root=\"1\">Die leichte Pulsw\u00e4rmer kombinieren zeitloses Design und kuschelige Funktionalit\u00e4t und sind damit ein Muss f\u00fcr k\u00fchle Tage. Die kn\u00f6chelumschlie\u00dfende Passform h\u00e4lt die H\u00e4nde warm und l\u00e4sst die Finger frei f\u00fcr allt\u00e4gliche Aufgaben, und das lange Rippenb\u00fcndchen l\u00e4sst sich nahtlos unter dem Mantel verstauen und sorgt f\u00fcr zus\u00e4tzlichen Komfort. Diese Handgelenkstulpen mit klassischem Fisherman&#8217;s Rib-Muster sind ebenso elegant wie praktisch. Sie sind leicht und dennoch isolierend und eignen sich perfekt zum \u00dcberziehen an k\u00e4lteren Tagen oder zum alleinigen Tragen, wenn du nur ein wenig zus\u00e4tzliche W\u00e4rme brauchst.<\/p>\n<p>MATERIAL<br \/>\n<strong>100% Baby-Alpaka<\/strong><\/span><\/p>\n","protected":false},"featured_media":58616,"template":"","meta":{"_acf_changed":false},"product_brand":[],"product_cat":[2972,67],"product_tag":[],"product_shipping_class":[],"pa_soft-wrap-cardigan":[],"class_list":{"0":"post-58665","1":"product","2":"type-product","3":"status-publish","4":"has-post-thumbnail","6":"product_cat-accessoires-de","7":"product_cat-damen","9":"first","10":"instock","11":"taxable","12":"shipping-taxable","13":"purchasable","14":"product-type-variable","15":"has-default-attributes","16":"wvs-archive-product-wrapper"},"bundled_by":[],"bundle_stock_status":"instock","bundle_stock_quantity":null,"bundle_virtual":false,"bundle_layout":"","bundle_add_to_cart_form_location":"","bundle_editable_in_cart":false,"bundle_sold_individually_context":"","bundle_item_grouping":"","bundle_min_size":"","bundle_max_size":"","bundle_price":[],"bundled_items":[],"bundle_sell_ids":[],"acf":[],"aioseo_notices":[],"_links":{"self":[{"href":"https:\/\/alpaka-shop.com\/de\/wp-json\/wp\/v2\/product\/58665","targetHints":{"allow":["GET"]}}],"collection":[{"href":"https:\/\/alpaka-shop.com\/de\/wp-json\/wp\/v2\/product"}],"about":[{"href":"https:\/\/alpaka-shop.com\/de\/wp-json\/wp\/v2\/types\/product"}],"wp:featuredmedia":[{"embeddable":true,"href":"https:\/\/alpaka-shop.com\/de\/wp-json\/wp\/v2\/media\/58616"}],"wp:attachment":[{"href":"https:\/\/alpaka-shop.com\/de\/wp-json\/wp\/v2\/media?parent=58665"}],"wp:term":[{"taxonomy":"product_brand","embeddable":true,"href":"https:\/\/alpaka-shop.com\/de\/wp-json\/wp\/v2\/product_brand?post=58665"},{"taxonomy":"product_cat","embeddable":true,"href":"https:\/\/alpaka-shop.com\/de\/wp-json\/wp\/v2\/product_cat?post=58665"},{"taxonomy":"product_tag","embeddable":true,"href":"https:\/\/alpaka-shop.com\/de\/wp-json\/wp\/v2\/product_tag?post=58665"},{"taxonomy":"product_shipping_class","embeddable":true,"href":"https:\/\/alpaka-shop.com\/de\/wp-json\/wp\/v2\/product_shipping_class?post=58665"},{"taxonomy":"pa_soft-wrap-cardigan","embeddable":true,"href":"https:\/\/alpaka-shop.com\/de\/wp-json\/wp\/v2\/pa_soft-wrap-cardigan?post=58665"}],"curies":[{"name":"wp","href":"https:\/\/api.w.org\/{rel}","templated":true}]}}