{"id":58758,"date":"2024-12-10T12:40:44","date_gmt":"2024-12-10T10:40:44","guid":{"rendered":"https:\/\/alpaka-shop.com\/?post_type=product&#038;p=58758"},"modified":"2026-02-19T16:00:05","modified_gmt":"2026-02-19T14:00:05","slug":"double-cuff-mittens","status":"publish","type":"product","link":"https:\/\/alpaka-shop.com\/de\/double-cuff-mittens\/","title":{"rendered":"Double Cuff Mittens"},"content":{"rendered":"","protected":false},"excerpt":{"rendered":"<p><span data-sheets-root=\"1\">Der leichte Pulsw\u00e4rmer kombiniert zeitloses Design mit kuscheliger Funktionalit\u00e4t und ist damit ein Muss f\u00fcr k\u00fchle Tage. Die Kn\u00f6chel umschlie\u00dfende Passform h\u00e4lt Ihre H\u00e4nde warm, l\u00e4sst aber die Finger frei f\u00fcr die t\u00e4glichen Aufgaben, und das lange Rippenb\u00fcndchen l\u00e4sst sich nahtlos unter Ihrem Mantel verstauen und sorgt f\u00fcr zus\u00e4tzlichen Komfort. Diese Handgelenkstulpen mit klassischem Fisherman&#8217;s Rib-Muster sind ebenso elegant wie praktisch. Leicht und dennoch isolierend, eignen sie sich perfekt zum \u00dcberziehen an k\u00e4lteren Tagen oder zum alleinigen Tragen, wenn du nur ein wenig zus\u00e4tzliche W\u00e4rme brauchst.<\/p>\n<p>MATERIAL<br \/>\n<strong>100% Baby-Alpaka<\/strong><\/span><\/p>\n","protected":false},"featured_media":58746,"template":"","meta":{"_acf_changed":false},"product_brand":[],"product_cat":[2972,67],"product_tag":[],"product_shipping_class":[],"pa_soft-wrap-cardigan":[],"class_list":{"0":"post-58758","1":"product","2":"type-product","3":"status-publish","4":"has-post-thumbnail","6":"product_cat-accessoires-de","7":"product_cat-damen","9":"first","10":"instock","11":"taxable","12":"shipping-taxable","13":"purchasable","14":"product-type-variable","15":"has-default-attributes","16":"wvs-archive-product-wrapper"},"bundled_by":[],"bundle_stock_status":"instock","bundle_stock_quantity":null,"bundle_virtual":false,"bundle_layout":"","bundle_add_to_cart_form_location":"","bundle_editable_in_cart":false,"bundle_sold_individually_context":"","bundle_item_grouping":"","bundle_min_size":"","bundle_max_size":"","bundle_price":[],"bundled_items":[],"bundle_sell_ids":[],"acf":[],"aioseo_notices":[],"_links":{"self":[{"href":"https:\/\/alpaka-shop.com\/de\/wp-json\/wp\/v2\/product\/58758","targetHints":{"allow":["GET"]}}],"collection":[{"href":"https:\/\/alpaka-shop.com\/de\/wp-json\/wp\/v2\/product"}],"about":[{"href":"https:\/\/alpaka-shop.com\/de\/wp-json\/wp\/v2\/types\/product"}],"wp:featuredmedia":[{"embeddable":true,"href":"https:\/\/alpaka-shop.com\/de\/wp-json\/wp\/v2\/media\/58746"}],"wp:attachment":[{"href":"https:\/\/alpaka-shop.com\/de\/wp-json\/wp\/v2\/media?parent=58758"}],"wp:term":[{"taxonomy":"product_brand","embeddable":true,"href":"https:\/\/alpaka-shop.com\/de\/wp-json\/wp\/v2\/product_brand?post=58758"},{"taxonomy":"product_cat","embeddable":true,"href":"https:\/\/alpaka-shop.com\/de\/wp-json\/wp\/v2\/product_cat?post=58758"},{"taxonomy":"product_tag","embeddable":true,"href":"https:\/\/alpaka-shop.com\/de\/wp-json\/wp\/v2\/product_tag?post=58758"},{"taxonomy":"product_shipping_class","embeddable":true,"href":"https:\/\/alpaka-shop.com\/de\/wp-json\/wp\/v2\/product_shipping_class?post=58758"},{"taxonomy":"pa_soft-wrap-cardigan","embeddable":true,"href":"https:\/\/alpaka-shop.com\/de\/wp-json\/wp\/v2\/pa_soft-wrap-cardigan?post=58758"}],"curies":[{"name":"wp","href":"https:\/\/api.w.org\/{rel}","templated":true}]}}