{"id":5879,"date":"2019-07-30T12:28:45","date_gmt":"2019-07-30T09:28:45","guid":{"rendered":"https:\/\/uus.alpaka-shop.com\/product\/plaid-eco-scottish\/"},"modified":"2026-04-06T10:00:14","modified_gmt":"2026-04-06T07:00:14","slug":"plaid-eco-scottish","status":"publish","type":"product","link":"https:\/\/alpaka-shop.com\/de\/plaid-eco-scottish\/","title":{"rendered":"Plaid Eco Scottish"},"content":{"rendered":"","protected":false},"excerpt":{"rendered":"<p>Plaid Eco Scottish besteht aus 100% \u00f6kologischer Baby-Alpaka-Wolle. F\u00fcr die Herstellung des Garns f\u00fcr diese Decke wurden nur nat\u00fcrliche Farbfasern verwendet. Diese Eco-Baby Plaids im klassischen Design sind luxuri\u00f6se Accessoires f\u00fcr Kunden, die zeitloses Design, h\u00f6chste Qualit\u00e4t und h\u00f6chsten Komfort sch\u00e4tzen. Von M\u00e4nnern und Frauen gleicherma\u00dfen geliebt.<\/p>\n<p>MATERIAL <strong><br \/>\n100% \u00d6ko-Baby-Alpaka<\/strong><\/p>\n<p>&nbsp;<\/p>\n","protected":false},"featured_media":5880,"template":"","meta":{"_acf_changed":false},"product_brand":[],"product_cat":[112,2814,114],"product_tag":[],"product_shipping_class":[],"pa_soft-wrap-cardigan":[],"class_list":{"0":"post-5879","1":"product","2":"type-product","3":"status-publish","4":"has-post-thumbnail","6":"product_cat-interieur","7":"product_cat-march-edit-de","8":"product_cat-uberwurfe","10":"first","11":"instock","12":"taxable","13":"shipping-taxable","14":"purchasable","15":"product-type-variable","16":"has-default-attributes","17":"wvs-archive-product-wrapper"},"bundled_by":[],"bundle_stock_status":"instock","bundle_stock_quantity":null,"bundle_virtual":false,"bundle_layout":"","bundle_add_to_cart_form_location":"","bundle_editable_in_cart":false,"bundle_sold_individually_context":"","bundle_item_grouping":"","bundle_min_size":"","bundle_max_size":"","bundle_price":[],"bundled_items":[],"bundle_sell_ids":[],"acf":[],"aioseo_notices":[],"_links":{"self":[{"href":"https:\/\/alpaka-shop.com\/de\/wp-json\/wp\/v2\/product\/5879","targetHints":{"allow":["GET"]}}],"collection":[{"href":"https:\/\/alpaka-shop.com\/de\/wp-json\/wp\/v2\/product"}],"about":[{"href":"https:\/\/alpaka-shop.com\/de\/wp-json\/wp\/v2\/types\/product"}],"wp:featuredmedia":[{"embeddable":true,"href":"https:\/\/alpaka-shop.com\/de\/wp-json\/wp\/v2\/media\/5880"}],"wp:attachment":[{"href":"https:\/\/alpaka-shop.com\/de\/wp-json\/wp\/v2\/media?parent=5879"}],"wp:term":[{"taxonomy":"product_brand","embeddable":true,"href":"https:\/\/alpaka-shop.com\/de\/wp-json\/wp\/v2\/product_brand?post=5879"},{"taxonomy":"product_cat","embeddable":true,"href":"https:\/\/alpaka-shop.com\/de\/wp-json\/wp\/v2\/product_cat?post=5879"},{"taxonomy":"product_tag","embeddable":true,"href":"https:\/\/alpaka-shop.com\/de\/wp-json\/wp\/v2\/product_tag?post=5879"},{"taxonomy":"product_shipping_class","embeddable":true,"href":"https:\/\/alpaka-shop.com\/de\/wp-json\/wp\/v2\/product_shipping_class?post=5879"},{"taxonomy":"pa_soft-wrap-cardigan","embeddable":true,"href":"https:\/\/alpaka-shop.com\/de\/wp-json\/wp\/v2\/pa_soft-wrap-cardigan?post=5879"}],"curies":[{"name":"wp","href":"https:\/\/api.w.org\/{rel}","templated":true}]}}