{"id":58830,"date":"2024-12-10T13:18:56","date_gmt":"2024-12-11T08:41:57","guid":{"rendered":"https:\/\/alpaka-shop.com\/?post_type=product&#038;p=58830"},"modified":"2026-03-23T10:00:09","modified_gmt":"2026-03-23T08:00:09","slug":"gerippte-legwarmer","status":"publish","type":"product","link":"https:\/\/alpaka-shop.com\/de\/gerippte-legwarmer\/","title":{"rendered":"Gerippte Legwarmer"},"content":{"rendered":"","protected":false},"excerpt":{"rendered":"<p><span data-sheets-root=\"1\">Die Ribbed Legwarmers sind ein unverzichtbares Zubeh\u00f6r f\u00fcr die Saison. Das klassische Fisherman&#8217;s Rib-Muster sorgt f\u00fcr eine zeitlose \u00c4sthetik. Diese Stulpen sind sowohl w\u00e4rmend als auch vielseitig einsetzbar und eignen sich perfekt zum \u00dcberziehen. Lass deiner Kreativit\u00e4t freien Lauf &#8211; trage sie ganz ausgezogen f\u00fcr einen eleganten Look oder zusammengeknautscht f\u00fcr einen l\u00e4ssigen Look. Kombiniert mit Slippern, Ballerinas, Sneakern oder hohen Stiefeln verleihen sie Ihrem Winterlook einen m\u00fchelosen Charme.<br \/>\n<\/span><\/p>\n<p><span>MATERIAL<\/span><br \/>\n<strong>100% Baby-Alpaka<\/strong><\/p>\n","protected":false},"featured_media":58809,"template":"","meta":{"_acf_changed":false},"product_brand":[],"product_cat":[2972,67],"product_tag":[],"product_shipping_class":[],"pa_soft-wrap-cardigan":[],"class_list":{"0":"post-58830","1":"product","2":"type-product","3":"status-publish","4":"has-post-thumbnail","6":"product_cat-accessoires-de","7":"product_cat-damen","9":"first","10":"instock","11":"taxable","12":"shipping-taxable","13":"purchasable","14":"product-type-variable","15":"has-default-attributes","16":"wvs-archive-product-wrapper"},"bundled_by":[],"bundle_stock_status":"instock","bundle_stock_quantity":null,"bundle_virtual":false,"bundle_layout":"","bundle_add_to_cart_form_location":"","bundle_editable_in_cart":false,"bundle_sold_individually_context":"","bundle_item_grouping":"","bundle_min_size":"","bundle_max_size":"","bundle_price":[],"bundled_items":[],"bundle_sell_ids":[],"acf":[],"aioseo_notices":[],"_links":{"self":[{"href":"https:\/\/alpaka-shop.com\/de\/wp-json\/wp\/v2\/product\/58830","targetHints":{"allow":["GET"]}}],"collection":[{"href":"https:\/\/alpaka-shop.com\/de\/wp-json\/wp\/v2\/product"}],"about":[{"href":"https:\/\/alpaka-shop.com\/de\/wp-json\/wp\/v2\/types\/product"}],"wp:featuredmedia":[{"embeddable":true,"href":"https:\/\/alpaka-shop.com\/de\/wp-json\/wp\/v2\/media\/58809"}],"wp:attachment":[{"href":"https:\/\/alpaka-shop.com\/de\/wp-json\/wp\/v2\/media?parent=58830"}],"wp:term":[{"taxonomy":"product_brand","embeddable":true,"href":"https:\/\/alpaka-shop.com\/de\/wp-json\/wp\/v2\/product_brand?post=58830"},{"taxonomy":"product_cat","embeddable":true,"href":"https:\/\/alpaka-shop.com\/de\/wp-json\/wp\/v2\/product_cat?post=58830"},{"taxonomy":"product_tag","embeddable":true,"href":"https:\/\/alpaka-shop.com\/de\/wp-json\/wp\/v2\/product_tag?post=58830"},{"taxonomy":"product_shipping_class","embeddable":true,"href":"https:\/\/alpaka-shop.com\/de\/wp-json\/wp\/v2\/product_shipping_class?post=58830"},{"taxonomy":"pa_soft-wrap-cardigan","embeddable":true,"href":"https:\/\/alpaka-shop.com\/de\/wp-json\/wp\/v2\/pa_soft-wrap-cardigan?post=58830"}],"curies":[{"name":"wp","href":"https:\/\/api.w.org\/{rel}","templated":true}]}}