{"id":5933,"date":"2019-08-28T08:27:56","date_gmt":"2019-08-28T08:27:56","guid":{"rendered":"https:\/\/uus.alpaka-shop.com\/product\/yaku-luxury-throw\/"},"modified":"2026-03-09T14:46:10","modified_gmt":"2026-03-09T12:46:10","slug":"yaku-uberwurf","status":"publish","type":"product","link":"https:\/\/alpaka-shop.com\/de\/yaku-uberwurf\/","title":{"rendered":"Yaku \u00dcberwurf"},"content":{"rendered":"","protected":false},"excerpt":{"rendered":"<p><strong>Colours White, Milk Coffee and Dark Brown are pre-order only. Allow 2 weeks for order fulfilment.\u00a0<\/strong><\/p>\n<p>Wirklich weiche und seidige Alpakafell-Decke mit R\u00fcckseite aus Baby-Alpaka-Wolle. Kann als Bettdecke oder als \u00dcberwurf auf Sofa oder Sessel verwendet werden. Jeder \u00dcberwurf hat eine einzigartige Optik, sowohl in Bezug auf Farbvariationen als auch auf die physischen Eigenschaften des Fells. Es k\u00f6nnen kleine Unterschiede in Farbt\u00f6nen und Faserl\u00e4nge auftreten, weil nur nat\u00fcrliche Materialien verwendet wurden Sanft und luxuri\u00f6s zu ber\u00fchren, entf\u00fchrt dieser \u00dcberwurf Sie in eine ganz neue Welt des Komforts und Vergn\u00fcgens.<\/p>\n<p>Dieser \u00dcberwurf wird aus schuldfreiem Alpaka-Fell gefertigt, was bedeutet, dass keine Tiere verletzt wurden, um ihn herzustellen. Alpakas sind einfach zu wertvoll, um f\u00fcr ihr Fell get\u00f6tet zu werden. Deshalb verwenden wir nur Felle von Tieren, die eines nat\u00fcrlichen Todes gestorben sind. Das hei\u00dft, wir verwenden ein Material, das sonst m\u00f6glicherweise verschwendet worden w\u00e4re, und geben ihm einen neuen Wert.<\/p>\n<div class=\"woocommerce-product-details__short-description\">\n<p>MATERIAL<strong><br \/>\nNat\u00fcrliches Alpakafell<br \/>\n<\/strong><\/p>\n<p>R\u00dcCKSEITE<strong><br \/>\n100% Baby-Alpaka Wolle<br \/>\n<\/strong><\/p>\n<p>F\u00dcLLUNG<strong><br \/>\nWeichmachende Schicht aus thermobondierter Watte<\/strong><\/p>\n<\/div>\n","protected":false},"featured_media":18241,"template":"","meta":{"_acf_changed":false},"product_brand":[],"product_cat":[112,114],"product_tag":[],"product_shipping_class":[],"pa_soft-wrap-cardigan":[],"class_list":{"0":"post-5933","1":"product","2":"type-product","3":"status-publish","4":"has-post-thumbnail","6":"product_cat-interieur","7":"product_cat-uberwurfe","9":"first","10":"outofstock","11":"taxable","12":"shipping-taxable","13":"purchasable","14":"product-type-variable","15":"has-default-attributes","16":"wvs-archive-product-wrapper"},"bundled_by":[],"bundle_stock_status":"outofstock","bundle_stock_quantity":null,"bundle_virtual":false,"bundle_layout":"","bundle_add_to_cart_form_location":"","bundle_editable_in_cart":false,"bundle_sold_individually_context":"","bundle_item_grouping":"","bundle_min_size":"","bundle_max_size":"","bundle_price":[],"bundled_items":[],"bundle_sell_ids":[],"acf":[],"aioseo_notices":[],"_links":{"self":[{"href":"https:\/\/alpaka-shop.com\/de\/wp-json\/wp\/v2\/product\/5933","targetHints":{"allow":["GET"]}}],"collection":[{"href":"https:\/\/alpaka-shop.com\/de\/wp-json\/wp\/v2\/product"}],"about":[{"href":"https:\/\/alpaka-shop.com\/de\/wp-json\/wp\/v2\/types\/product"}],"wp:featuredmedia":[{"embeddable":true,"href":"https:\/\/alpaka-shop.com\/de\/wp-json\/wp\/v2\/media\/18241"}],"wp:attachment":[{"href":"https:\/\/alpaka-shop.com\/de\/wp-json\/wp\/v2\/media?parent=5933"}],"wp:term":[{"taxonomy":"product_brand","embeddable":true,"href":"https:\/\/alpaka-shop.com\/de\/wp-json\/wp\/v2\/product_brand?post=5933"},{"taxonomy":"product_cat","embeddable":true,"href":"https:\/\/alpaka-shop.com\/de\/wp-json\/wp\/v2\/product_cat?post=5933"},{"taxonomy":"product_tag","embeddable":true,"href":"https:\/\/alpaka-shop.com\/de\/wp-json\/wp\/v2\/product_tag?post=5933"},{"taxonomy":"product_shipping_class","embeddable":true,"href":"https:\/\/alpaka-shop.com\/de\/wp-json\/wp\/v2\/product_shipping_class?post=5933"},{"taxonomy":"pa_soft-wrap-cardigan","embeddable":true,"href":"https:\/\/alpaka-shop.com\/de\/wp-json\/wp\/v2\/pa_soft-wrap-cardigan?post=5933"}],"curies":[{"name":"wp","href":"https:\/\/api.w.org\/{rel}","templated":true}]}}