{"id":5977,"date":"2019-07-30T12:39:08","date_gmt":"2019-07-30T12:39:08","guid":{"rendered":"https:\/\/uus.alpaka-shop.com\/product\/uberwurf-mit-fellbesatz\/"},"modified":"2026-03-11T09:58:14","modified_gmt":"2026-03-11T07:58:14","slug":"uberwurf-mit-fellbesatz","status":"publish","type":"product","link":"https:\/\/alpaka-shop.com\/de\/uberwurf-mit-fellbesatz\/","title":{"rendered":"\u00dcberwurf mit Fellbesatz"},"content":{"rendered":"","protected":false},"excerpt":{"rendered":"<p>Ein \u00dcberwurf, bei dem Eleganz auf die sanfte Note authentischer Naturmaterialien trifft. Der \u00dcberwurf aus 100% Baby-Alpaka-Wolle mit nat\u00fcrlichem Alpakafell ist unvergleichlich warm und weich. Das Fell wurde sorgf\u00e4ltig ausgew\u00e4hlt, um das l\u00e4ngste und seidigste der Alpakafelle zu sein. Jeder \u00dcberwurf ist sowohl in Bezug auf Farbabweichungen als auch auf die physischen Eigenschaften des Fells leicht einzigartig, weil nur nat\u00fcrliche Materialien verwendet wurden Diese \u00dcberw\u00fcrfe k\u00f6nnen als Mode- oder Einrichtungszubeh\u00f6r verwendet werden. Erleben Sie Momente des puren Genusses.<\/p>\n<p>Dieser \u00dcberwurf ist aus grausamkeitsfreiem Alpaka-Fell gefertigt. Dies bedeutet, dass bei der Herstellung des Produkts kein Alpaka verletzt wurde. Alpakas sind zu wertvoll, um f\u00fcr ihr Fell get\u00f6tet zu werden. Deshalb verwenden wir nur Felle von Tieren, die eines nat\u00fcrlichen Todes gestorben sind. Das bedeutet, wir verwenden ein Produkt, das ansonsten vielleicht verschwendet worden w\u00e4re, und f\u00fchren es einer neuen Verwendung zu.<\/p>\n<p>MATERIAL <strong><br \/>\n100% Baby-Alpaka \u00dcberwurf mit langhaarigem Alpakafell-Besatz<\/strong><\/p>\n<p>&nbsp;<\/p>\n","protected":false},"featured_media":49144,"template":"","meta":{"_acf_changed":false},"product_brand":[],"product_cat":[112,2814,114],"product_tag":[],"product_shipping_class":[],"pa_soft-wrap-cardigan":[],"class_list":{"0":"post-5977","1":"product","2":"type-product","3":"status-publish","4":"has-post-thumbnail","6":"product_cat-interieur","7":"product_cat-march-edit-de","8":"product_cat-uberwurfe","10":"first","11":"instock","12":"taxable","13":"shipping-taxable","14":"purchasable","15":"product-type-variable","16":"has-default-attributes","17":"wvs-archive-product-wrapper"},"bundled_by":[],"bundle_stock_status":"instock","bundle_stock_quantity":null,"bundle_virtual":false,"bundle_layout":"","bundle_add_to_cart_form_location":"","bundle_editable_in_cart":false,"bundle_sold_individually_context":"","bundle_item_grouping":"","bundle_min_size":"","bundle_max_size":"","bundle_price":[],"bundled_items":[],"bundle_sell_ids":[],"acf":[],"aioseo_notices":[],"_links":{"self":[{"href":"https:\/\/alpaka-shop.com\/de\/wp-json\/wp\/v2\/product\/5977","targetHints":{"allow":["GET"]}}],"collection":[{"href":"https:\/\/alpaka-shop.com\/de\/wp-json\/wp\/v2\/product"}],"about":[{"href":"https:\/\/alpaka-shop.com\/de\/wp-json\/wp\/v2\/types\/product"}],"wp:featuredmedia":[{"embeddable":true,"href":"https:\/\/alpaka-shop.com\/de\/wp-json\/wp\/v2\/media\/49144"}],"wp:attachment":[{"href":"https:\/\/alpaka-shop.com\/de\/wp-json\/wp\/v2\/media?parent=5977"}],"wp:term":[{"taxonomy":"product_brand","embeddable":true,"href":"https:\/\/alpaka-shop.com\/de\/wp-json\/wp\/v2\/product_brand?post=5977"},{"taxonomy":"product_cat","embeddable":true,"href":"https:\/\/alpaka-shop.com\/de\/wp-json\/wp\/v2\/product_cat?post=5977"},{"taxonomy":"product_tag","embeddable":true,"href":"https:\/\/alpaka-shop.com\/de\/wp-json\/wp\/v2\/product_tag?post=5977"},{"taxonomy":"product_shipping_class","embeddable":true,"href":"https:\/\/alpaka-shop.com\/de\/wp-json\/wp\/v2\/product_shipping_class?post=5977"},{"taxonomy":"pa_soft-wrap-cardigan","embeddable":true,"href":"https:\/\/alpaka-shop.com\/de\/wp-json\/wp\/v2\/pa_soft-wrap-cardigan?post=5977"}],"curies":[{"name":"wp","href":"https:\/\/api.w.org\/{rel}","templated":true}]}}