{"id":59892,"date":"2025-02-25T16:31:32","date_gmt":"2025-02-25T14:31:32","guid":{"rendered":"https:\/\/alpaka-shop.com\/leichte-strickjacke-mit-schalkragen\/"},"modified":"2026-04-06T13:07:02","modified_gmt":"2026-04-06T10:07:02","slug":"leichte-strickjacke-mit-schalkragen","status":"publish","type":"product","link":"https:\/\/alpaka-shop.com\/de\/leichte-strickjacke-mit-schalkragen\/","title":{"rendered":"Leichte Strickjacke mit Schalkragen"},"content":{"rendered":"","protected":false},"excerpt":{"rendered":"<p><span data-sheets-root=\"1\">Der leichte Schalkragen- Strickjacke ist die perfekte Wahl f\u00fcr eine Schicht, die genauso viel leistet wie Ihre Garderobe. Mit seiner entspannten L\u00e4nge und dem zeitlosen Schalkragen schmiegt sich dieses Modell elegant an Ihre Figur. Egal, ob du dich zu Hause entspannst oder zu einer Veranstaltung gehst, die Fingerspitzenl\u00e4nge und das offene Design machen ihn m\u00fchelos vielseitig. Trag ihn l\u00e4ssig zu Jeans und Ankle Boots oder \u00fcber einem eleganten Kleid f\u00fcr einen raffinierten Twist. Diese Strickjacke ist ein unverzichtbares Kleidungsst\u00fcck, das du nie mehr ausziehen m\u00f6chtest.<\/span><\/p>\n","protected":false},"featured_media":59828,"template":"","meta":{"_acf_changed":false},"product_brand":[],"product_cat":[67,121],"product_tag":[],"product_shipping_class":[],"pa_soft-wrap-cardigan":[],"class_list":{"0":"post-59892","1":"product","2":"type-product","3":"status-publish","4":"has-post-thumbnail","6":"product_cat-damen","7":"product_cat-pullover-cardigans","9":"first","10":"instock","11":"taxable","12":"shipping-taxable","13":"purchasable","14":"product-type-variable","15":"has-default-attributes","16":"wvs-archive-product-wrapper"},"bundled_by":[],"bundle_stock_status":"instock","bundle_stock_quantity":null,"bundle_virtual":false,"bundle_layout":"","bundle_add_to_cart_form_location":"","bundle_editable_in_cart":false,"bundle_sold_individually_context":"","bundle_item_grouping":"","bundle_min_size":"","bundle_max_size":"","bundle_price":[],"bundled_items":[],"bundle_sell_ids":[],"acf":[],"aioseo_notices":[],"_links":{"self":[{"href":"https:\/\/alpaka-shop.com\/de\/wp-json\/wp\/v2\/product\/59892","targetHints":{"allow":["GET"]}}],"collection":[{"href":"https:\/\/alpaka-shop.com\/de\/wp-json\/wp\/v2\/product"}],"about":[{"href":"https:\/\/alpaka-shop.com\/de\/wp-json\/wp\/v2\/types\/product"}],"wp:featuredmedia":[{"embeddable":true,"href":"https:\/\/alpaka-shop.com\/de\/wp-json\/wp\/v2\/media\/59828"}],"wp:attachment":[{"href":"https:\/\/alpaka-shop.com\/de\/wp-json\/wp\/v2\/media?parent=59892"}],"wp:term":[{"taxonomy":"product_brand","embeddable":true,"href":"https:\/\/alpaka-shop.com\/de\/wp-json\/wp\/v2\/product_brand?post=59892"},{"taxonomy":"product_cat","embeddable":true,"href":"https:\/\/alpaka-shop.com\/de\/wp-json\/wp\/v2\/product_cat?post=59892"},{"taxonomy":"product_tag","embeddable":true,"href":"https:\/\/alpaka-shop.com\/de\/wp-json\/wp\/v2\/product_tag?post=59892"},{"taxonomy":"product_shipping_class","embeddable":true,"href":"https:\/\/alpaka-shop.com\/de\/wp-json\/wp\/v2\/product_shipping_class?post=59892"},{"taxonomy":"pa_soft-wrap-cardigan","embeddable":true,"href":"https:\/\/alpaka-shop.com\/de\/wp-json\/wp\/v2\/pa_soft-wrap-cardigan?post=59892"}],"curies":[{"name":"wp","href":"https:\/\/api.w.org\/{rel}","templated":true}]}}