{"id":7862,"date":"2019-08-28T08:55:01","date_gmt":"2019-08-28T08:55:01","guid":{"rendered":"https:\/\/uus.alpaka-shop.com\/product\/yaku-kissen\/"},"modified":"2026-04-21T12:00:11","modified_gmt":"2026-04-21T09:00:11","slug":"yaku-kissen","status":"publish","type":"product","link":"https:\/\/alpaka-shop.com\/de\/yaku-kissen\/","title":{"rendered":"Yaku-Kissen"},"content":{"rendered":"","protected":false},"excerpt":{"rendered":"<p>Yaku-Kissen werden aus den l\u00e4ngsten und seidigsten Alpaka-Fellen hergestellt. \u201eYaku\u201c bedeutet in der s\u00fcdamerikanischen Quechua-Sprache \u201eWasser\u201c, so dass Sie die Wellen im Fell fast sehen k\u00f6nnen, die denen der Wasseroberfl\u00e4che \u00e4hneln. Jedes Kissen hat einen leicht einzigartigen Ton und Felll\u00e4nge, da ausschlie\u00dflich nat\u00fcrliche Materialien verwendet werden. Yaku-Kissen sind exklusive Accessoires f\u00fcr zeitgem\u00e4\u00dfe Interieurs oder \u00fcberall dort, wo Komfort und w\u00e4rmste Emotionen gefragt sind. Die R\u00fcckseite des Kissenbezugs besteht aus Baby-Alpaka-Wolle. Auf Anfrage auch mit beidseitigem Fell erh\u00e4ltlich.<\/p>\n<p>Dieses Kissen besteht aus schuldfreiem Alpaka-Fell und im Prozess wurde kein Tier verletzt. Alpakas sind einfach zu wertvolle Wolltiere, deshalb verwenden wir nur Felle von Tieren, die einen nat\u00fcrlichen Todes gestorben sind und verleihen so dem Material einen neuen Wert.<\/p>\n<p>MATERIAL<strong><br \/>\nNat\u00fcrliches Alpakafell<br \/>\n<\/strong><\/p>\n<p>R\u00dcCKSEITE<strong><br \/>\n100% Baby-Alpaka Wolle<br \/>\n<\/strong><\/p>\n<p>F\u00dcLLUNG<strong><br \/>\nEs werden keine Innenkissen mitgeliefert, sondern nur die Kissenbez\u00fcge<\/strong><\/p>\n","protected":false},"featured_media":7221,"template":"","meta":{"_acf_changed":false},"product_brand":[],"product_cat":[112,113],"product_tag":[],"product_shipping_class":[],"pa_soft-wrap-cardigan":[],"class_list":{"0":"post-7862","1":"product","2":"type-product","3":"status-publish","4":"has-post-thumbnail","6":"product_cat-interieur","7":"product_cat-kissen","9":"first","10":"instock","11":"taxable","12":"shipping-taxable","13":"purchasable","14":"product-type-variable","15":"has-default-attributes","16":"wvs-archive-product-wrapper"},"bundled_by":[],"bundle_stock_status":"instock","bundle_stock_quantity":null,"bundle_virtual":false,"bundle_layout":"","bundle_add_to_cart_form_location":"","bundle_editable_in_cart":false,"bundle_sold_individually_context":"","bundle_item_grouping":"","bundle_min_size":"","bundle_max_size":"","bundle_price":[],"bundled_items":[],"bundle_sell_ids":[],"acf":[],"aioseo_notices":[],"_links":{"self":[{"href":"https:\/\/alpaka-shop.com\/de\/wp-json\/wp\/v2\/product\/7862","targetHints":{"allow":["GET"]}}],"collection":[{"href":"https:\/\/alpaka-shop.com\/de\/wp-json\/wp\/v2\/product"}],"about":[{"href":"https:\/\/alpaka-shop.com\/de\/wp-json\/wp\/v2\/types\/product"}],"wp:featuredmedia":[{"embeddable":true,"href":"https:\/\/alpaka-shop.com\/de\/wp-json\/wp\/v2\/media\/7221"}],"wp:attachment":[{"href":"https:\/\/alpaka-shop.com\/de\/wp-json\/wp\/v2\/media?parent=7862"}],"wp:term":[{"taxonomy":"product_brand","embeddable":true,"href":"https:\/\/alpaka-shop.com\/de\/wp-json\/wp\/v2\/product_brand?post=7862"},{"taxonomy":"product_cat","embeddable":true,"href":"https:\/\/alpaka-shop.com\/de\/wp-json\/wp\/v2\/product_cat?post=7862"},{"taxonomy":"product_tag","embeddable":true,"href":"https:\/\/alpaka-shop.com\/de\/wp-json\/wp\/v2\/product_tag?post=7862"},{"taxonomy":"product_shipping_class","embeddable":true,"href":"https:\/\/alpaka-shop.com\/de\/wp-json\/wp\/v2\/product_shipping_class?post=7862"},{"taxonomy":"pa_soft-wrap-cardigan","embeddable":true,"href":"https:\/\/alpaka-shop.com\/de\/wp-json\/wp\/v2\/pa_soft-wrap-cardigan?post=7862"}],"curies":[{"name":"wp","href":"https:\/\/api.w.org\/{rel}","templated":true}]}}