{"id":7905,"date":"2019-08-29T08:11:48","date_gmt":"2019-08-29T08:11:48","guid":{"rendered":"https:\/\/uus.alpaka-shop.com\/product\/wollkissen\/"},"modified":"2026-03-06T12:58:07","modified_gmt":"2026-03-06T10:58:07","slug":"wollkissen","status":"publish","type":"product","link":"https:\/\/alpaka-shop.com\/de\/wollkissen\/","title":{"rendered":"Wollkissen"},"content":{"rendered":"","protected":false},"excerpt":{"rendered":"<p>Wollkissen sind aus 100% Baby-Alpaka-Wolle gefertigt. Baby-Alpaka-Fasern gelten als die besten Naturfasern der Welt &#8211; hervorragend warm, weich, seidig und langlebig. Wollkissen sind exklusive Accessoires f\u00fcr zeitgem\u00e4\u00dfe Interieurs oder \u00fcberall dort, wo Komfort und w\u00e4rmste Emotionen gefragt sind.<\/p>\n<p>MATERIAL<strong><br \/>\n100% Baby-Alpaka<br \/>\n<\/strong><\/p>\n<p>F\u00dcLLUNG<strong><br \/>\nEs werden keine Innenkissen mitgeliefert, sondern nur die Kissenbez\u00fcge<\/strong><\/p>\n","protected":false},"featured_media":7260,"template":"","meta":{"_acf_changed":false},"product_brand":[],"product_cat":[112,113],"product_tag":[],"product_shipping_class":[],"pa_soft-wrap-cardigan":[],"class_list":{"0":"post-7905","1":"product","2":"type-product","3":"status-publish","4":"has-post-thumbnail","6":"product_cat-interieur","7":"product_cat-kissen","9":"first","10":"instock","11":"taxable","12":"shipping-taxable","13":"purchasable","14":"product-type-variable","15":"has-default-attributes","16":"wvs-archive-product-wrapper"},"bundled_by":[],"bundle_stock_status":"instock","bundle_stock_quantity":null,"bundle_virtual":false,"bundle_layout":"","bundle_add_to_cart_form_location":"","bundle_editable_in_cart":false,"bundle_sold_individually_context":"","bundle_item_grouping":"","bundle_min_size":"","bundle_max_size":"","bundle_price":[],"bundled_items":[],"bundle_sell_ids":[],"acf":[],"aioseo_notices":[],"_links":{"self":[{"href":"https:\/\/alpaka-shop.com\/de\/wp-json\/wp\/v2\/product\/7905","targetHints":{"allow":["GET"]}}],"collection":[{"href":"https:\/\/alpaka-shop.com\/de\/wp-json\/wp\/v2\/product"}],"about":[{"href":"https:\/\/alpaka-shop.com\/de\/wp-json\/wp\/v2\/types\/product"}],"wp:featuredmedia":[{"embeddable":true,"href":"https:\/\/alpaka-shop.com\/de\/wp-json\/wp\/v2\/media\/7260"}],"wp:attachment":[{"href":"https:\/\/alpaka-shop.com\/de\/wp-json\/wp\/v2\/media?parent=7905"}],"wp:term":[{"taxonomy":"product_brand","embeddable":true,"href":"https:\/\/alpaka-shop.com\/de\/wp-json\/wp\/v2\/product_brand?post=7905"},{"taxonomy":"product_cat","embeddable":true,"href":"https:\/\/alpaka-shop.com\/de\/wp-json\/wp\/v2\/product_cat?post=7905"},{"taxonomy":"product_tag","embeddable":true,"href":"https:\/\/alpaka-shop.com\/de\/wp-json\/wp\/v2\/product_tag?post=7905"},{"taxonomy":"product_shipping_class","embeddable":true,"href":"https:\/\/alpaka-shop.com\/de\/wp-json\/wp\/v2\/product_shipping_class?post=7905"},{"taxonomy":"pa_soft-wrap-cardigan","embeddable":true,"href":"https:\/\/alpaka-shop.com\/de\/wp-json\/wp\/v2\/pa_soft-wrap-cardigan?post=7905"}],"curies":[{"name":"wp","href":"https:\/\/api.w.org\/{rel}","templated":true}]}}