{"id":7941,"date":"2019-08-29T08:44:24","date_gmt":"2019-08-29T08:44:24","guid":{"rendered":"https:\/\/uus.alpaka-shop.com\/product\/wollkissen-fishbone\/"},"modified":"2026-03-06T12:59:57","modified_gmt":"2026-03-06T10:59:57","slug":"wollkissen-fishbone","status":"publish","type":"product","link":"https:\/\/alpaka-shop.com\/de\/wollkissen-fishbone\/","title":{"rendered":"Wollkissen Fishbone"},"content":{"rendered":"","protected":false},"excerpt":{"rendered":"<p>Wollkissen Fishbone sind aus reiner Baby-Alpaka-Wolle gefertigt. Baby-Alpaka-Wolle ist besonders warm, weich, seidig und strapazierf\u00e4hig und damit die wirklich \u00fcberlegenste Faser der Welt. Fischgr\u00e4tenmotive auf diesen Kissen sorgen f\u00fcr einen schicken und raffinierten Stil. Wollkissen verleihen jedem Interieur den letzten n\u00f6tigen Schliff.<\/p>\n<p>MATERIAL<strong><br \/>\n100% Baby-Alpaka<br \/>\n<\/strong><\/p>\n<p>F\u00dcLLUNG<strong><br \/>\nEs werden keine Innenkissen mitgeliefert, sondern nur die Kissenbez\u00fcge<\/strong><\/p>\n","protected":false},"featured_media":7296,"template":"","meta":{"_acf_changed":false},"product_brand":[],"product_cat":[112,113],"product_tag":[],"product_shipping_class":[],"pa_soft-wrap-cardigan":[],"class_list":{"0":"post-7941","1":"product","2":"type-product","3":"status-publish","4":"has-post-thumbnail","6":"product_cat-interieur","7":"product_cat-kissen","9":"first","10":"instock","11":"taxable","12":"shipping-taxable","13":"purchasable","14":"product-type-variable","15":"has-default-attributes","16":"wvs-archive-product-wrapper"},"bundled_by":[],"bundle_stock_status":"instock","bundle_stock_quantity":null,"bundle_virtual":false,"bundle_layout":"","bundle_add_to_cart_form_location":"","bundle_editable_in_cart":false,"bundle_sold_individually_context":"","bundle_item_grouping":"","bundle_min_size":"","bundle_max_size":"","bundle_price":[],"bundled_items":[],"bundle_sell_ids":[],"acf":[],"aioseo_notices":[],"_links":{"self":[{"href":"https:\/\/alpaka-shop.com\/de\/wp-json\/wp\/v2\/product\/7941","targetHints":{"allow":["GET"]}}],"collection":[{"href":"https:\/\/alpaka-shop.com\/de\/wp-json\/wp\/v2\/product"}],"about":[{"href":"https:\/\/alpaka-shop.com\/de\/wp-json\/wp\/v2\/types\/product"}],"wp:featuredmedia":[{"embeddable":true,"href":"https:\/\/alpaka-shop.com\/de\/wp-json\/wp\/v2\/media\/7296"}],"wp:attachment":[{"href":"https:\/\/alpaka-shop.com\/de\/wp-json\/wp\/v2\/media?parent=7941"}],"wp:term":[{"taxonomy":"product_brand","embeddable":true,"href":"https:\/\/alpaka-shop.com\/de\/wp-json\/wp\/v2\/product_brand?post=7941"},{"taxonomy":"product_cat","embeddable":true,"href":"https:\/\/alpaka-shop.com\/de\/wp-json\/wp\/v2\/product_cat?post=7941"},{"taxonomy":"product_tag","embeddable":true,"href":"https:\/\/alpaka-shop.com\/de\/wp-json\/wp\/v2\/product_tag?post=7941"},{"taxonomy":"product_shipping_class","embeddable":true,"href":"https:\/\/alpaka-shop.com\/de\/wp-json\/wp\/v2\/product_shipping_class?post=7941"},{"taxonomy":"pa_soft-wrap-cardigan","embeddable":true,"href":"https:\/\/alpaka-shop.com\/de\/wp-json\/wp\/v2\/pa_soft-wrap-cardigan?post=7941"}],"curies":[{"name":"wp","href":"https:\/\/api.w.org\/{rel}","templated":true}]}}