{"id":7975,"date":"2019-08-30T12:06:11","date_gmt":"2019-08-30T12:06:11","guid":{"rendered":"https:\/\/uus.alpaka-shop.com\/product\/yaku-teddybaren\/"},"modified":"2026-04-10T10:00:15","modified_gmt":"2026-04-10T07:00:15","slug":"yaku-teddybar","status":"publish","type":"product","link":"https:\/\/alpaka-shop.com\/de\/yaku-teddybar\/","title":{"rendered":"Yaku-Teddyb\u00e4r"},"content":{"rendered":"","protected":false},"excerpt":{"rendered":"<p>Yaku-Teddyb\u00e4ren bestehen aus nat\u00fcrlichem Alpaka-Fell, das sich von allen Fellen der Welt am sanftesten und geschmeidigsten anf\u00fchlt. Langhaariges Fell verleiht dem Teddyb\u00e4ren einen besonderen Charakter und ein unterhaltsames Aussehen. Jeder ALPAKA-Teddyb\u00e4r wird mit Liebe und Sorgfalt nach h\u00f6chsten Qualit\u00e4tsstandards handgefertigt. Jeder ist ein Unikat und es gibt keine zwei identischen Teddyb\u00e4ren. Alpakafell enth\u00e4lt kein Lanolin, so dass alle unsere Teddyb\u00e4ren allergiefrei sind. Der ALPAKA-Teddyb\u00e4r ist die perfekte Wahl als Geschenk und bringt jedem die w\u00e4rmsten Umarmungen!<\/p>\n<p>MATERIAL<strong><br \/>\nNat\u00fcrliches Alpakafell<\/strong><\/p>\n","protected":false},"featured_media":7466,"template":"","meta":{"_acf_changed":false},"product_brand":[],"product_cat":[111],"product_tag":[],"product_shipping_class":[],"pa_soft-wrap-cardigan":[],"class_list":{"0":"post-7975","1":"product","2":"type-product","3":"status-publish","4":"has-post-thumbnail","6":"product_cat-teddybaren","8":"first","9":"instock","10":"taxable","11":"shipping-taxable","12":"purchasable","13":"product-type-variable","14":"has-default-attributes","15":"wvs-archive-product-wrapper"},"bundled_by":[],"bundle_stock_status":"instock","bundle_stock_quantity":null,"bundle_virtual":false,"bundle_layout":"","bundle_add_to_cart_form_location":"","bundle_editable_in_cart":false,"bundle_sold_individually_context":"","bundle_item_grouping":"","bundle_min_size":"","bundle_max_size":"","bundle_price":[],"bundled_items":[],"bundle_sell_ids":[],"acf":[],"aioseo_notices":[],"_links":{"self":[{"href":"https:\/\/alpaka-shop.com\/de\/wp-json\/wp\/v2\/product\/7975","targetHints":{"allow":["GET"]}}],"collection":[{"href":"https:\/\/alpaka-shop.com\/de\/wp-json\/wp\/v2\/product"}],"about":[{"href":"https:\/\/alpaka-shop.com\/de\/wp-json\/wp\/v2\/types\/product"}],"wp:featuredmedia":[{"embeddable":true,"href":"https:\/\/alpaka-shop.com\/de\/wp-json\/wp\/v2\/media\/7466"}],"wp:attachment":[{"href":"https:\/\/alpaka-shop.com\/de\/wp-json\/wp\/v2\/media?parent=7975"}],"wp:term":[{"taxonomy":"product_brand","embeddable":true,"href":"https:\/\/alpaka-shop.com\/de\/wp-json\/wp\/v2\/product_brand?post=7975"},{"taxonomy":"product_cat","embeddable":true,"href":"https:\/\/alpaka-shop.com\/de\/wp-json\/wp\/v2\/product_cat?post=7975"},{"taxonomy":"product_tag","embeddable":true,"href":"https:\/\/alpaka-shop.com\/de\/wp-json\/wp\/v2\/product_tag?post=7975"},{"taxonomy":"product_shipping_class","embeddable":true,"href":"https:\/\/alpaka-shop.com\/de\/wp-json\/wp\/v2\/product_shipping_class?post=7975"},{"taxonomy":"pa_soft-wrap-cardigan","embeddable":true,"href":"https:\/\/alpaka-shop.com\/de\/wp-json\/wp\/v2\/pa_soft-wrap-cardigan?post=7975"}],"curies":[{"name":"wp","href":"https:\/\/api.w.org\/{rel}","templated":true}]}}