{"id":8018,"date":"2019-08-30T12:08:01","date_gmt":"2019-08-30T12:08:01","guid":{"rendered":"https:\/\/uus.alpaka-shop.com\/product\/sami-teddy-bear\/"},"modified":"2026-04-13T10:30:04","modified_gmt":"2026-04-13T07:30:04","slug":"sami-teddy-bear","status":"publish","type":"product","link":"https:\/\/alpaka-shop.com\/de\/sami-teddy-bear\/","title":{"rendered":"Sami-Teddyb\u00e4r"},"content":{"rendered":"","protected":false},"excerpt":{"rendered":"<p>Sami-Teddyb\u00e4ren sind aus weichem und dickem Alpaka-Fell gefertigt und f\u00fchlen sich wie eine Wolke an. Kurzes und flauschiges Haar verleiht dem Teddy ein charmantes Aussehen und eine herrliche Note. Die Sami-Teddyb\u00e4ren gewinnen sofort die Herzen von Klein und Gro\u00df. Jeder Teddy ist handgefertigt und somit ein Unikat. Alpakafell enth\u00e4lt kein Lanolin, was bedeutet, dass alle unsere Teddyb\u00e4ren hypoallergen sind Der Sami-Teddyb\u00e4r ist ein perfektes Geschenk, das allen Menschen viel Freude und Gl\u00fcck bringt.<\/p>\n<p>MATERIAL<strong><br \/>\nNat\u00fcrliches Alpakafell<\/strong><\/p>\n","protected":false},"featured_media":45311,"template":"","meta":{"_acf_changed":false},"product_brand":[],"product_cat":[111],"product_tag":[],"product_shipping_class":[],"pa_soft-wrap-cardigan":[],"class_list":{"0":"post-8018","1":"product","2":"type-product","3":"status-publish","4":"has-post-thumbnail","6":"product_cat-teddybaren","8":"first","9":"instock","10":"taxable","11":"shipping-taxable","12":"purchasable","13":"product-type-variable","14":"has-default-attributes","15":"wvs-archive-product-wrapper"},"bundled_by":[],"bundle_stock_status":"instock","bundle_stock_quantity":null,"bundle_virtual":false,"bundle_layout":"","bundle_add_to_cart_form_location":"","bundle_editable_in_cart":false,"bundle_sold_individually_context":"","bundle_item_grouping":"","bundle_min_size":"","bundle_max_size":"","bundle_price":[],"bundled_items":[],"bundle_sell_ids":[],"acf":[],"aioseo_notices":[],"_links":{"self":[{"href":"https:\/\/alpaka-shop.com\/de\/wp-json\/wp\/v2\/product\/8018","targetHints":{"allow":["GET"]}}],"collection":[{"href":"https:\/\/alpaka-shop.com\/de\/wp-json\/wp\/v2\/product"}],"about":[{"href":"https:\/\/alpaka-shop.com\/de\/wp-json\/wp\/v2\/types\/product"}],"wp:featuredmedia":[{"embeddable":true,"href":"https:\/\/alpaka-shop.com\/de\/wp-json\/wp\/v2\/media\/45311"}],"wp:attachment":[{"href":"https:\/\/alpaka-shop.com\/de\/wp-json\/wp\/v2\/media?parent=8018"}],"wp:term":[{"taxonomy":"product_brand","embeddable":true,"href":"https:\/\/alpaka-shop.com\/de\/wp-json\/wp\/v2\/product_brand?post=8018"},{"taxonomy":"product_cat","embeddable":true,"href":"https:\/\/alpaka-shop.com\/de\/wp-json\/wp\/v2\/product_cat?post=8018"},{"taxonomy":"product_tag","embeddable":true,"href":"https:\/\/alpaka-shop.com\/de\/wp-json\/wp\/v2\/product_tag?post=8018"},{"taxonomy":"product_shipping_class","embeddable":true,"href":"https:\/\/alpaka-shop.com\/de\/wp-json\/wp\/v2\/product_shipping_class?post=8018"},{"taxonomy":"pa_soft-wrap-cardigan","embeddable":true,"href":"https:\/\/alpaka-shop.com\/de\/wp-json\/wp\/v2\/pa_soft-wrap-cardigan?post=8018"}],"curies":[{"name":"wp","href":"https:\/\/api.w.org\/{rel}","templated":true}]}}