{"id":8046,"date":"2019-08-30T12:40:42","date_gmt":"2019-08-30T12:40:42","guid":{"rendered":"https:\/\/uus.alpaka-shop.com\/product\/sami-xl-teddy-bear\/"},"modified":"2026-04-10T14:00:08","modified_gmt":"2026-04-10T11:00:08","slug":"sami-xl-teddybar","status":"publish","type":"product","link":"https:\/\/alpaka-shop.com\/de\/sami-xl-teddybar\/","title":{"rendered":"Sami XL Teddyb\u00e4r"},"content":{"rendered":"","protected":false},"excerpt":{"rendered":"<p>Der superweiche Teddyb\u00e4r aus echtem Alpaka-Fell ist mit seiner Gr\u00f6\u00dfe perfekt zum Umarmen oder Ausstellen. Kurzes, flauschiges Haar verleiht dem B\u00e4ren ein entz\u00fcckendes Aussehen und eine unwiderstehliche Note. Jeder Teddy wird mit viel Liebe und Sorgfalt von Hand gefertigt und hat seinen eigenen Charakter und Charme. Alpakafell hat kein Lanolin, was ihn zur perfekten Wahl f\u00fcr empfindliche Haut macht. Jeder wird die herzliche Umarmung eines Alpaka-Teddyb\u00e4ren lieben!<\/p>\n<p>MATERIAL<strong><br \/>\nNat\u00fcrliches Alpakafell<\/strong><\/p>\n","protected":false},"featured_media":49759,"template":"","meta":{"_acf_changed":false},"product_brand":[],"product_cat":[111],"product_tag":[],"product_shipping_class":[],"pa_soft-wrap-cardigan":[],"class_list":{"0":"post-8046","1":"product","2":"type-product","3":"status-publish","4":"has-post-thumbnail","6":"product_cat-teddybaren","8":"first","9":"instock","10":"taxable","11":"shipping-taxable","12":"purchasable","13":"product-type-variable","14":"has-default-attributes","15":"wvs-archive-product-wrapper"},"bundled_by":[],"bundle_stock_status":"instock","bundle_stock_quantity":null,"bundle_virtual":false,"bundle_layout":"","bundle_add_to_cart_form_location":"","bundle_editable_in_cart":false,"bundle_sold_individually_context":"","bundle_item_grouping":"","bundle_min_size":"","bundle_max_size":"","bundle_price":[],"bundled_items":[],"bundle_sell_ids":[],"acf":[],"aioseo_notices":[],"_links":{"self":[{"href":"https:\/\/alpaka-shop.com\/de\/wp-json\/wp\/v2\/product\/8046","targetHints":{"allow":["GET"]}}],"collection":[{"href":"https:\/\/alpaka-shop.com\/de\/wp-json\/wp\/v2\/product"}],"about":[{"href":"https:\/\/alpaka-shop.com\/de\/wp-json\/wp\/v2\/types\/product"}],"wp:featuredmedia":[{"embeddable":true,"href":"https:\/\/alpaka-shop.com\/de\/wp-json\/wp\/v2\/media\/49759"}],"wp:attachment":[{"href":"https:\/\/alpaka-shop.com\/de\/wp-json\/wp\/v2\/media?parent=8046"}],"wp:term":[{"taxonomy":"product_brand","embeddable":true,"href":"https:\/\/alpaka-shop.com\/de\/wp-json\/wp\/v2\/product_brand?post=8046"},{"taxonomy":"product_cat","embeddable":true,"href":"https:\/\/alpaka-shop.com\/de\/wp-json\/wp\/v2\/product_cat?post=8046"},{"taxonomy":"product_tag","embeddable":true,"href":"https:\/\/alpaka-shop.com\/de\/wp-json\/wp\/v2\/product_tag?post=8046"},{"taxonomy":"product_shipping_class","embeddable":true,"href":"https:\/\/alpaka-shop.com\/de\/wp-json\/wp\/v2\/product_shipping_class?post=8046"},{"taxonomy":"pa_soft-wrap-cardigan","embeddable":true,"href":"https:\/\/alpaka-shop.com\/de\/wp-json\/wp\/v2\/pa_soft-wrap-cardigan?post=8046"}],"curies":[{"name":"wp","href":"https:\/\/api.w.org\/{rel}","templated":true}]}}