{"id":8066,"date":"2019-08-30T12:52:58","date_gmt":"2019-08-30T12:52:58","guid":{"rendered":"https:\/\/uus.alpaka-shop.com\/product\/inti-teddy-bears\/"},"modified":"2026-01-19T11:01:34","modified_gmt":"2026-01-19T09:01:34","slug":"inti-teddy-bear","status":"publish","type":"product","link":"https:\/\/alpaka-shop.com\/de\/inti-teddy-bear\/","title":{"rendered":"Inti-Teddyb\u00e4r"},"content":{"rendered":"","protected":false},"excerpt":{"rendered":"<p>Puderweiche Inti-Teddyb\u00e4ren bestehen aus nat\u00fcrlichem Alpaka-Fell, das sich so seidig anf\u00fchlt wie kein anderes Fell der Welt. Inti-Fell verleiht dem Teddyb\u00e4ren ein s\u00fc\u00dfes und flauschiges Aussehen. Jeder Teddyb\u00e4r ist handgefertigt und es gibt keine zwei identischen Teddyb\u00e4ren. Alpakafell enth\u00e4lt kein Lanolin, so dass alle unsere Teddyb\u00e4ren allergiefrei sind. Der Alpaka-Teddyb\u00e4r wird alle zum L\u00e4cheln bringen und garantiert gute Laune f\u00fcr lange!<\/p>\n<p>MATERIAL<strong><br \/>\nNat\u00fcrliches Alpakafell<\/strong><\/p>\n","protected":false},"featured_media":52154,"template":"","meta":{"_acf_changed":false},"product_brand":[],"product_cat":[111],"product_tag":[],"product_shipping_class":[],"pa_soft-wrap-cardigan":[],"class_list":{"0":"post-8066","1":"product","2":"type-product","3":"status-publish","4":"has-post-thumbnail","6":"product_cat-teddybaren","8":"first","9":"instock","10":"taxable","11":"shipping-taxable","12":"purchasable","13":"product-type-variable","14":"has-default-attributes","15":"wvs-archive-product-wrapper"},"bundled_by":[],"bundle_stock_status":"instock","bundle_stock_quantity":null,"bundle_virtual":false,"bundle_layout":"","bundle_add_to_cart_form_location":"","bundle_editable_in_cart":false,"bundle_sold_individually_context":"","bundle_item_grouping":"","bundle_min_size":"","bundle_max_size":"","bundle_price":[],"bundled_items":[],"bundle_sell_ids":[],"acf":[],"aioseo_notices":[],"_links":{"self":[{"href":"https:\/\/alpaka-shop.com\/de\/wp-json\/wp\/v2\/product\/8066","targetHints":{"allow":["GET"]}}],"collection":[{"href":"https:\/\/alpaka-shop.com\/de\/wp-json\/wp\/v2\/product"}],"about":[{"href":"https:\/\/alpaka-shop.com\/de\/wp-json\/wp\/v2\/types\/product"}],"wp:featuredmedia":[{"embeddable":true,"href":"https:\/\/alpaka-shop.com\/de\/wp-json\/wp\/v2\/media\/52154"}],"wp:attachment":[{"href":"https:\/\/alpaka-shop.com\/de\/wp-json\/wp\/v2\/media?parent=8066"}],"wp:term":[{"taxonomy":"product_brand","embeddable":true,"href":"https:\/\/alpaka-shop.com\/de\/wp-json\/wp\/v2\/product_brand?post=8066"},{"taxonomy":"product_cat","embeddable":true,"href":"https:\/\/alpaka-shop.com\/de\/wp-json\/wp\/v2\/product_cat?post=8066"},{"taxonomy":"product_tag","embeddable":true,"href":"https:\/\/alpaka-shop.com\/de\/wp-json\/wp\/v2\/product_tag?post=8066"},{"taxonomy":"product_shipping_class","embeddable":true,"href":"https:\/\/alpaka-shop.com\/de\/wp-json\/wp\/v2\/product_shipping_class?post=8066"},{"taxonomy":"pa_soft-wrap-cardigan","embeddable":true,"href":"https:\/\/alpaka-shop.com\/de\/wp-json\/wp\/v2\/pa_soft-wrap-cardigan?post=8066"}],"curies":[{"name":"wp","href":"https:\/\/api.w.org\/{rel}","templated":true}]}}