{"id":8654,"date":"2019-12-16T11:02:10","date_gmt":"2019-12-16T11:02:10","guid":{"rendered":"https:\/\/uus.alpaka-shop.com\/?post_type=product&#038;p=8654"},"modified":"2026-04-10T10:00:12","modified_gmt":"2026-04-10T07:00:12","slug":"schal-exclusive-herren","status":"publish","type":"product","link":"https:\/\/alpaka-shop.com\/de\/schal-exclusive-herren\/","title":{"rendered":"Schal Exclusive 180"},"content":{"rendered":"","protected":false},"excerpt":{"rendered":"<p>Baby-Alpaka-Schal, der Sie von innen warm h\u00e4lt und nach au\u00dfen strahlt. Hervorragende Wahl f\u00fcr Menschen, die einen reduzierten Look mit einfachen Form- und Farboptionen bevorzugen. Baby-Alpaka ist bekannt f\u00fcr seinen weichen und seidigen Touch, bemerkenswerte W\u00e4rme und Hautfreundlichkeit. Umarmen Sie die w\u00e4rmsten Gef\u00fchle, die durch die sanfte Liebkosung und den Komfort von Naturfasern zu Ihnen gebracht werden.<\/p>\n<p>MATERIAL<strong><br \/>\n100% Baby-Alpaka<\/strong><\/p>\n<p>VERPACKUNG<br \/>\n<strong>Geschenkbox<\/strong><\/p>\n","protected":false},"featured_media":5062,"template":"","meta":{"_acf_changed":false},"product_brand":[],"product_cat":[70,116],"product_tag":[],"product_shipping_class":[],"pa_soft-wrap-cardigan":[],"class_list":{"0":"post-8654","1":"product","2":"type-product","3":"status-publish","4":"has-post-thumbnail","6":"product_cat-herren","7":"product_cat-umschlagtucher-schals","9":"first","10":"instock","11":"taxable","12":"shipping-taxable","13":"purchasable","14":"product-type-variable","15":"has-default-attributes","16":"wvs-archive-product-wrapper"},"bundled_by":[],"bundle_stock_status":"instock","bundle_stock_quantity":null,"bundle_virtual":false,"bundle_layout":"","bundle_add_to_cart_form_location":"","bundle_editable_in_cart":false,"bundle_sold_individually_context":"","bundle_item_grouping":"","bundle_min_size":"","bundle_max_size":"","bundle_price":[],"bundled_items":[],"bundle_sell_ids":[],"acf":[],"aioseo_notices":[],"_links":{"self":[{"href":"https:\/\/alpaka-shop.com\/de\/wp-json\/wp\/v2\/product\/8654","targetHints":{"allow":["GET"]}}],"collection":[{"href":"https:\/\/alpaka-shop.com\/de\/wp-json\/wp\/v2\/product"}],"about":[{"href":"https:\/\/alpaka-shop.com\/de\/wp-json\/wp\/v2\/types\/product"}],"wp:featuredmedia":[{"embeddable":true,"href":"https:\/\/alpaka-shop.com\/de\/wp-json\/wp\/v2\/media\/5062"}],"wp:attachment":[{"href":"https:\/\/alpaka-shop.com\/de\/wp-json\/wp\/v2\/media?parent=8654"}],"wp:term":[{"taxonomy":"product_brand","embeddable":true,"href":"https:\/\/alpaka-shop.com\/de\/wp-json\/wp\/v2\/product_brand?post=8654"},{"taxonomy":"product_cat","embeddable":true,"href":"https:\/\/alpaka-shop.com\/de\/wp-json\/wp\/v2\/product_cat?post=8654"},{"taxonomy":"product_tag","embeddable":true,"href":"https:\/\/alpaka-shop.com\/de\/wp-json\/wp\/v2\/product_tag?post=8654"},{"taxonomy":"product_shipping_class","embeddable":true,"href":"https:\/\/alpaka-shop.com\/de\/wp-json\/wp\/v2\/product_shipping_class?post=8654"},{"taxonomy":"pa_soft-wrap-cardigan","embeddable":true,"href":"https:\/\/alpaka-shop.com\/de\/wp-json\/wp\/v2\/pa_soft-wrap-cardigan?post=8654"}],"curies":[{"name":"wp","href":"https:\/\/api.w.org\/{rel}","templated":true}]}}