{"id":10118,"date":"2020-01-08T13:05:06","date_gmt":"2020-01-08T13:05:06","guid":{"rendered":"https:\/\/uus.alpaka-shop.com\/meie-vaartused\/"},"modified":"2023-08-07T11:39:27","modified_gmt":"2023-08-07T08:39:27","slug":"meie-vaartused","status":"publish","type":"page","link":"https:\/\/alpaka-shop.com\/et\/meie-vaartused\/","title":{"rendered":"Meie v\u00e4\u00e4rtused"},"content":{"rendered":"<section class=\"l-section wpb_row height_small\"><div class=\"l-section-h i-cf\"><div class=\"g-cols vc_row via_flex valign_top type_default stacking_default\"><div class=\"vc_col-sm-12 wpb_column vc_column_container\"><div class=\"vc_column-inner\"><div class=\"wpb_wrapper\"><div class=\"wpb_text_column story-text-container\"><div class=\"wpb_wrapper\"><h1 style=\"text-align: center;\">Meie v\u00e4\u00e4rtused<\/h1>\n<\/div><\/div><div class=\"w-image story-picture-container align_none\"><div class=\"w-image-h\"><img decoding=\"async\" width=\"1600\" height=\"888\" src=\"https:\/\/alpaka-shop.com\/wp-content\/uploads\/2020\/03\/Alpaka-story.jpg\" class=\"attachment-full size-full wvs-archive-product-image\" alt=\"\" loading=\"lazy\" srcset=\"https:\/\/alpaka-shop.com\/wp-content\/uploads\/2020\/03\/Alpaka-story.jpg 1600w, https:\/\/alpaka-shop.com\/wp-content\/uploads\/2020\/03\/Alpaka-story-300x167.jpg 300w, https:\/\/alpaka-shop.com\/wp-content\/uploads\/2020\/03\/Alpaka-story-600x333.jpg 600w, https:\/\/alpaka-shop.com\/wp-content\/uploads\/2020\/03\/Alpaka-story-1024x568.jpg 1024w, https:\/\/alpaka-shop.com\/wp-content\/uploads\/2020\/03\/Alpaka-story-1536x852.jpg 1536w\" sizes=\"auto, (max-width: 1600px) 100vw, 1600px\" \/><\/div><\/div><\/div><\/div><\/div><\/div><\/div><\/section><section class=\"l-section wpb_row content-page-custom-heading height_small\"><div class=\"l-section-h i-cf\"><div class=\"g-cols vc_row via_flex valign_top type_default stacking_default\"><div class=\"vc_col-sm-12 wpb_column vc_column_container\"><div class=\"vc_column-inner\"><div class=\"wpb_wrapper\"><div class=\"wpb_text_column\"><div class=\"wpb_wrapper\"><h2 style=\"text-align: center;\">K\u00f5igis oma tegemistes<br \/>\njuhindume kolmest p\u00f5hiv\u00e4\u00e4rtusest \u2013 austus, hoolimine ja p\u00fchendumus.<\/h2>\n<h2 style=\"text-align: center;\">and commitment.<\/h2>\n<\/div><\/div><\/div><\/div><\/div><\/div><\/div><\/section><section class=\"l-section wpb_row height_small\"><div class=\"l-section-h i-cf\"><div class=\"g-cols vc_row via_flex valign_middle type_default stacking_default\"><div class=\"vc_col-sm-6 wpb_column vc_column_container\"><div class=\"vc_column-inner\"><div class=\"wpb_wrapper\"><div class=\"w-image align_none\"><div class=\"w-image-h\"><img decoding=\"async\" width=\"683\" height=\"1024\" src=\"https:\/\/alpaka-shop.com\/wp-content\/uploads\/2019\/10\/Alpaka-philosophy-683x1024.jpg\" class=\"attachment-large size-large wvs-archive-product-image\" alt=\"\" loading=\"lazy\" srcset=\"https:\/\/alpaka-shop.com\/wp-content\/uploads\/2019\/10\/Alpaka-philosophy-683x1024.jpg 683w, https:\/\/alpaka-shop.com\/wp-content\/uploads\/2019\/10\/Alpaka-philosophy-300x450.jpg 300w, https:\/\/alpaka-shop.com\/wp-content\/uploads\/2019\/10\/Alpaka-philosophy-600x900.jpg 600w, https:\/\/alpaka-shop.com\/wp-content\/uploads\/2019\/10\/Alpaka-philosophy-200x300.jpg 200w, https:\/\/alpaka-shop.com\/wp-content\/uploads\/2019\/10\/Alpaka-philosophy.jpg 800w\" sizes=\"auto, (max-width: 683px) 100vw, 683px\" \/><\/div><\/div><\/div><\/div><\/div><div class=\"vc_col-sm-6 wpb_column vc_column_container why-alpaka-text-container\"><div class=\"vc_column-inner\"><div class=\"wpb_wrapper\"><div class=\"wpb_text_column content-page-text-block\"><div class=\"wpb_wrapper\"><h2><b>Austus<\/b><b><span class=\"Apple-converted-space\">\u00a0<\/span><\/b><\/h2>\n<p>Juhindume austusest materjalide ja nende p\u00e4ritolu vastu. V\u00e4\u00e4rtustame inimeste \u00f5iguseid ja heaolu ning v\u00f5tame vastutuse \u00f5iglase t\u00f6\u00f6keskkonna loomise eest oma t\u00f6\u00f6tajatele. Teeme koost\u00f6\u00f6d v\u00e4ikeste kogukondade ja farmeritega Peruus, et tagada loomade heaolu.<span class=\"Apple-converted-space\">\u00a0<\/span><\/p>\n<\/div><\/div><\/div><\/div><\/div><\/div><\/div><\/section><section class=\"l-section wpb_row height_small\"><div class=\"l-section-h i-cf\"><div class=\"g-cols vc_row via_flex valign_top type_default stacking_default\"><div class=\"vc_col-sm-12 wpb_column vc_column_container\"><div class=\"vc_column-inner\"><div class=\"wpb_wrapper\"><div class=\"wpb_text_column content-page-text-block\"><div class=\"wpb_wrapper\"><h2 style=\"text-align: center;\">Hoolimine<\/h2>\n<p style=\"text-align: center;\">See on enamat kui v\u00e4ljakutse, see on meie kirg. Soov luua ilusaid esemeid ja inspireerida inimesi looma emotsionaalne side selle erakordse materjaliga just nagu meiegi oleme seda teinud. Kirg edendada teadlikku ja j\u00e4tkusuutlikku tarbimist l\u00e4bi hoolega valmistatud k\u00f5rgkvaliteetsete esemete.<span class=\"Apple-converted-space\">\u00a0<\/span><\/p>\n<p style=\"text-align: center;\"><br style=\"font-weight: 400;\" \/><br style=\"font-weight: 400;\" \/><\/p>\n<\/div><\/div><\/div><\/div><\/div><\/div><\/div><\/section><section class=\"l-section wpb_row height_small\"><div class=\"l-section-h i-cf\"><div class=\"g-cols vc_row via_flex valign_middle type_default stacking_default\"><div class=\"vc_col-sm-6 wpb_column vc_column_container why-alpaka-text-container left-container\"><div class=\"vc_column-inner\"><div class=\"wpb_wrapper\"><div class=\"wpb_text_column content-page-text-block\"><div class=\"wpb_wrapper\"><h2>P\u00fchendumus<\/h2>\n<p>Meie tugevus peitub kogukondades, kellega t\u00f6\u00f6tame. Oleme p\u00fchendunud eetiliste ja \u00f5iglaste tingimuste tagamisele. V\u00e4hendame oma \u00f6koloogilist jalaj\u00e4lge t\u00e4nu teadlikule panusele leida j\u00e4tkusuutlikumaid lahendusi. Hoiame oma kliente ja loome neile tooteid, mis kannavad edasi v\u00e4\u00e4rtust, p\u00fchendumust ja sihti.<\/p>\n<\/div><\/div><\/div><\/div><\/div><div class=\"vc_col-sm-6 wpb_column vc_column_container\"><div class=\"vc_column-inner\"><div class=\"wpb_wrapper\"><div class=\"w-image align_none\"><div class=\"w-image-h\"><img decoding=\"async\" width=\"683\" height=\"1024\" src=\"https:\/\/alpaka-shop.com\/wp-content\/uploads\/2019\/10\/Our-Philosophy-683x1024.jpg\" class=\"attachment-large size-large wvs-archive-product-image\" alt=\"\" loading=\"lazy\" srcset=\"https:\/\/alpaka-shop.com\/wp-content\/uploads\/2019\/10\/Our-Philosophy-683x1024.jpg 683w, https:\/\/alpaka-shop.com\/wp-content\/uploads\/2019\/10\/Our-Philosophy-300x450.jpg 300w, https:\/\/alpaka-shop.com\/wp-content\/uploads\/2019\/10\/Our-Philosophy-600x900.jpg 600w, https:\/\/alpaka-shop.com\/wp-content\/uploads\/2019\/10\/Our-Philosophy-200x300.jpg 200w, https:\/\/alpaka-shop.com\/wp-content\/uploads\/2019\/10\/Our-Philosophy.jpg 800w\" sizes=\"auto, (max-width: 683px) 100vw, 683px\" \/><\/div><\/div><\/div><\/div><\/div><\/div><\/div><\/section>\n","protected":false},"excerpt":{"rendered":"Meie v\u00e4\u00e4rtused K\u00f5igis oma tegemistes juhindume kolmest p\u00f5hiv\u00e4\u00e4rtusest \u2013 austus, hoolimine ja p\u00fchendumus. and commitment. Austus\u00a0 Juhindume austusest materjalide ja nende p\u00e4ritolu vastu. V\u00e4\u00e4rtustame inimeste \u00f5iguseid ja heaolu ning v\u00f5tame vastutuse \u00f5iglase t\u00f6\u00f6keskkonna loomise eest oma t\u00f6\u00f6tajatele. Teeme koost\u00f6\u00f6d v\u00e4ikeste kogukondade ja farmeritega Peruus, et tagada loomade heaolu.\u00a0 Hoolimine See on enamat kui v\u00e4ljakutse, see...","protected":false},"author":1,"featured_media":0,"parent":0,"menu_order":0,"comment_status":"closed","ping_status":"closed","template":"","meta":{"_acf_changed":false,"footnotes":""},"class_list":["post-10118","page","type-page","status-publish","hentry"],"acf":[],"aioseo_notices":[],"_links":{"self":[{"href":"https:\/\/alpaka-shop.com\/et\/wp-json\/wp\/v2\/pages\/10118","targetHints":{"allow":["GET"]}}],"collection":[{"href":"https:\/\/alpaka-shop.com\/et\/wp-json\/wp\/v2\/pages"}],"about":[{"href":"https:\/\/alpaka-shop.com\/et\/wp-json\/wp\/v2\/types\/page"}],"author":[{"embeddable":true,"href":"https:\/\/alpaka-shop.com\/et\/wp-json\/wp\/v2\/users\/1"}],"replies":[{"embeddable":true,"href":"https:\/\/alpaka-shop.com\/et\/wp-json\/wp\/v2\/comments?post=10118"}],"version-history":[{"count":0,"href":"https:\/\/alpaka-shop.com\/et\/wp-json\/wp\/v2\/pages\/10118\/revisions"}],"wp:attachment":[{"href":"https:\/\/alpaka-shop.com\/et\/wp-json\/wp\/v2\/media?parent=10118"}],"curies":[{"name":"wp","href":"https:\/\/api.w.org\/{rel}","templated":true}]}}