{"id":10119,"date":"2020-01-08T13:08:30","date_gmt":"2020-01-08T13:08:30","guid":{"rendered":"https:\/\/uus.alpaka-shop.com\/eas\/"},"modified":"2024-07-29T15:44:58","modified_gmt":"2024-07-29T12:44:58","slug":"eas","status":"publish","type":"page","link":"https:\/\/alpaka-shop.com\/et\/eas\/","title":{"rendered":"EAS"},"content":{"rendered":"<section class=\"l-section wpb_row height_small\"><div class=\"l-section-h i-cf\"><div class=\"g-cols vc_row via_flex valign_top type_default stacking_default\"><div class=\"vc_col-sm-12 wpb_column vc_column_container\"><div class=\"vc_column-inner\"><div class=\"wpb_wrapper\"><div class=\"wpb_text_column\"><div class=\"wpb_wrapper\"><h1 style=\"text-align: center;\">EASi toetus<\/h1>\n<\/div><\/div><\/div><\/div><\/div><\/div><\/div><\/section><section class=\"l-section wpb_row height_small\"><div class=\"l-section-h i-cf\"><div class=\"g-cols vc_row via_flex valign_top type_default stacking_default\"><div class=\"vc_col-sm-6 wpb_column vc_column_container\"><div class=\"vc_column-inner\"><div class=\"wpb_wrapper\"><div class=\"w-image align_right\"><div class=\"w-image-h\"><img decoding=\"async\" width=\"300\" height=\"120\" src=\"https:\/\/alpaka-shop.com\/wp-content\/uploads\/2024\/07\/eas-eesti.png\" class=\"attachment-full size-full wvs-archive-product-image\" alt=\"eas-eesti\" loading=\"lazy\" srcset=\"https:\/\/alpaka-shop.com\/wp-content\/uploads\/2024\/07\/eas-eesti.png 300w, https:\/\/alpaka-shop.com\/wp-content\/uploads\/2024\/07\/eas-eesti-100x40.png 100w\" sizes=\"auto, (max-width: 300px) 100vw, 300px\" \/><\/div><\/div><\/div><\/div><\/div><div class=\"vc_col-sm-6 wpb_column vc_column_container\"><div class=\"vc_column-inner\"><div class=\"wpb_wrapper\"><div class=\"w-image align_left\"><div class=\"w-image-h\"><img decoding=\"async\" width=\"300\" height=\"120\" src=\"https:\/\/alpaka-shop.com\/wp-content\/uploads\/2024\/07\/easee-1.png\" class=\"attachment-full size-full wvs-archive-product-image\" alt=\"easee\" loading=\"lazy\" srcset=\"https:\/\/alpaka-shop.com\/wp-content\/uploads\/2024\/07\/easee-1.png 300w, https:\/\/alpaka-shop.com\/wp-content\/uploads\/2024\/07\/easee-1-100x40.png 100w\" sizes=\"auto, (max-width: 300px) 100vw, 300px\" \/><\/div><\/div><\/div><\/div><\/div><\/div><\/div><\/section><section class=\"l-section wpb_row height_small\"><div class=\"l-section-h i-cf\"><div class=\"g-cols vc_row via_flex valign_top type_default stacking_default\"><div class=\"vc_col-sm-12 wpb_column vc_column_container\"><div class=\"vc_column-inner\"><div class=\"wpb_wrapper\"><div class=\"wpb_text_column content-page-text-block\"><div class=\"wpb_wrapper\"><h2><strong>O\u00dc DECORETER ON SAANUD TOETUSE EAS-ILT<\/strong><\/h2>\n<p>Projekt EU50630 \u2013 ALPAKA arenguplaan etapp I 14.07.2016-31.12.2017.<br \/>\nProjekti eesm\u00e4rgiks ALPAKA kaubam\u00e4rgi tutvustamine v\u00e4listurgudel, osalemine v\u00e4lismessidel, uutele moetoodete kollektsioonidele uute turunduskanalite v\u00e4ljat\u00f6\u00f6tamine. Projekti maksimaalne toetussumma on 98100 eurot.<\/p>\n<p>Projekt EU51525 \u2013 ALPAKA moeeksport 01.06.2017-31.05.2018.<br \/>\nProjekti eesm\u00e4rgiks on uue ALPAKA moekollektsiooni ekspordi arendamine. Eesm\u00e4rgid on tutvustada ALPAKA moekollektsiooni v\u00f5imalikele ostjatele Prantsusmaal, USA-s ja Jaapanis. Projekti maksimaalne toetussumma on 46850 eurot.<\/p>\n<p>Projekt EU52384 &#8211; Decoreter O\u00dc arenguplaan etapp II 14.05.2018- 31.10.2019.<br \/>\nProjekti eesm\u00e4rgiks on kaasa aidata ettev\u00f5tte arenguplaanis seatud strateegiliste eesm\u00e4rkide saavutamisele. Projekti l\u00e4biviimine annab v\u00f5imaluse osaleda rohkematel rahvusvahelistel messidel, v\u00f5tta t\u00f6\u00f6le turundusspetsialist, luua uusi ja kvaliteetseid turundusmaterjale, aidata kaasa uute kollektsioonide loomisele ja tootevaliku laiendamisele. Projekti maksimaalne toetussumma on 127 800 eurot.<\/p>\n<p><span style=\"font-weight: 400;\">Projekt 2014-2020.5.03.22-0364 &#8211; Decoreter O\u00dc loomemajanduse arenguprojekt 09.03.2022-15.07.2023<\/span><br \/>\n<span style=\"font-weight: 400;\">Projekti eesm\u00e4rgiks on anal\u00fc\u00fcsida ettev\u00f5tte toodete ja tootmise keskkonnam\u00f5ju ja kestlikkust, leida kohad mida ja kuidas paremini teha ning viia sisse rohep\u00f6\u00f6re. Projekti l\u00e4biviimine annab v\u00f5imaluse j\u00e4\u00e4da truuks oma keskkonnaalastele v\u00e4\u00e4rtustele, kuiv\u00f5rd l\u00e4biviidava anal\u00fc\u00fcsi tulemusena saame reaalsed s\u00f5ltumatud andmed, mille p\u00f5hjal luua vastava strateegia nii rohep\u00f6\u00f6res kui ka sisuloomeks ja turunduseks. Projekti tulemusel kasvab ettev\u00f5tte k\u00e4ive ja seda peamiselt eksportturgudel. Projekti maksimaalne toetussumma on 70 200 eurot.<\/span><\/p>\n<p>Projekt 2021- 2027.1.03.24-0240 \u201eALPAKA ekspordiv\u00f5imekuse t\u00f5stmine\u201c 01.03.2024-28.02.2026<br \/>\nProjekti eesm\u00e4rk on ettev\u00f5tte eksport 2025 aastal viia v\u00e4hemalt COVID eelsele tasemele ja 2026 aastaks kasvada eksportturgudel v\u00f5rreldes 2023 eksportm\u00fc\u00fcgiga v\u00e4hemalt +140%. Kasvatada ettev\u00f5tte tuntust valitud sihtturgudel Prantsusmaal ja Jaapanis, suurendada ettev\u00f5tte v\u00f5imekust ning laiendada tooteportfelli. Projekti maksimaalne toetussumma on 49 958,30 eurot.<\/p>\n<\/div><\/div><\/div><\/div><\/div><\/div><\/div><\/section>\n","protected":false},"excerpt":{"rendered":"EASi toetus O\u00dc DECORETER ON SAANUD TOETUSE EAS-ILT Projekt EU50630 \u2013 ALPAKA arenguplaan etapp I 14.07.2016-31.12.2017. Projekti eesm\u00e4rgiks ALPAKA kaubam\u00e4rgi tutvustamine v\u00e4listurgudel, osalemine v\u00e4lismessidel, uutele moetoodete kollektsioonidele uute turunduskanalite v\u00e4ljat\u00f6\u00f6tamine. Projekti maksimaalne toetussumma on 98100 eurot. Projekt EU51525 \u2013 ALPAKA moeeksport 01.06.2017-31.05.2018. Projekti eesm\u00e4rgiks on uue ALPAKA moekollektsiooni ekspordi arendamine. Eesm\u00e4rgid on tutvustada ALPAKA moekollektsiooni...","protected":false},"author":1,"featured_media":0,"parent":0,"menu_order":0,"comment_status":"closed","ping_status":"closed","template":"","meta":{"_acf_changed":false,"footnotes":""},"class_list":["post-10119","page","type-page","status-publish","hentry"],"acf":[],"aioseo_notices":[],"_links":{"self":[{"href":"https:\/\/alpaka-shop.com\/et\/wp-json\/wp\/v2\/pages\/10119","targetHints":{"allow":["GET"]}}],"collection":[{"href":"https:\/\/alpaka-shop.com\/et\/wp-json\/wp\/v2\/pages"}],"about":[{"href":"https:\/\/alpaka-shop.com\/et\/wp-json\/wp\/v2\/types\/page"}],"author":[{"embeddable":true,"href":"https:\/\/alpaka-shop.com\/et\/wp-json\/wp\/v2\/users\/1"}],"replies":[{"embeddable":true,"href":"https:\/\/alpaka-shop.com\/et\/wp-json\/wp\/v2\/comments?post=10119"}],"version-history":[{"count":0,"href":"https:\/\/alpaka-shop.com\/et\/wp-json\/wp\/v2\/pages\/10119\/revisions"}],"wp:attachment":[{"href":"https:\/\/alpaka-shop.com\/et\/wp-json\/wp\/v2\/media?parent=10119"}],"curies":[{"name":"wp","href":"https:\/\/api.w.org\/{rel}","templated":true}]}}