{"id":10827,"date":"2020-02-05T05:01:14","date_gmt":"2020-02-05T05:01:14","guid":{"rendered":"https:\/\/uus.alpaka-shop.com\/news\/"},"modified":"2022-08-09T14:23:38","modified_gmt":"2022-08-09T11:23:38","slug":"blogi","status":"publish","type":"page","link":"https:\/\/alpaka-shop.com\/et\/blogi\/","title":{"rendered":"Blogi"},"content":{"rendered":"<section class=\"l-section wpb_row height_small\"><div class=\"l-section-h i-cf\"><div class=\"g-cols vc_row via_flex valign_top type_default stacking_default\"><div class=\"vc_col-sm-12 wpb_column vc_column_container\"><div class=\"vc_column-inner\"><div class=\"wpb_wrapper\"><div class=\"wpb_text_column\"><div class=\"wpb_wrapper\"><h1 style=\"text-align: center;\">Blogi<\/h1>\n<\/div><\/div><\/div><\/div><\/div><\/div><\/div><\/section><section class=\"l-section wpb_row height_small\"><div class=\"l-section-h i-cf\"><div class=\"g-cols vc_row via_flex valign_top type_default stacking_default\"><div class=\"vc_col-sm-12 wpb_column vc_column_container\"><div class=\"vc_column-inner\"><div class=\"wpb_wrapper\"><div class=\"w-grid blog-grid-element type_grid layout_3289 cols_1 pagination_ajax preload_style_spinner\" id=\"us_grid_1\" style=\"--columns:1;--gap:3rem;\" data-filterable=\"true\"><style>.layout_3289 .w-grid-item-h{}.layout_3289 .usg_post_title_1{font-size:1.75rem!important}.layout_3289 .usg_post_date_1{font-family:Mueseo Sans 700!important;text-transform:uppercase!important}<\/style><div class=\"w-grid-list\">\t<article class=\"w-grid-item size_1x1 post-60207 post type-post status-publish format-standard has-post-thumbnail hentry category-news\" data-id=\"60207\">\r\n\t\t<div class=\"w-grid-item-h\">\r\n\t\t\t\t\t\t\t<a href=\"https:\/\/alpaka-shop.com\/et\/eliminating-polyester-in-our-knitwear\/\" class=\"w-grid-item-anchor\" aria-label=\"Better for You, Better for the Planet: Eliminating Polyester in Our Knitwear\"><\/a>\r\n\t\t\t\t\t\t<div class=\"w-hwrapper usg_hwrapper_1 blog-grid-container align_left valign_middle\"><div class=\"w-vwrapper usg_vwrapper_2 blog-grid-img align_left valign_top\"><\/div><div class=\"w-vwrapper usg_vwrapper_1 blog-grid-text align_left valign_middle\"><h2 class=\"w-post-elm post_title usg_post_title_1 entry-title color_link_inherit\">Better for You, Better for the Planet: Eliminating Polyester in Our Knitwear<\/h2><div class=\"w-post-elm post_content usg_post_content_1\">At Alpaka, we have always been committed to creating sustainable, high-quality knitwear that respects both people and the planet. Today, we are proud to share a significant step forward: we&hellip;<\/div><time class=\"w-post-elm post_date usg_post_date_1 entry-date published\" datetime=\"2025-04-28T18:42:10+03:00\">apr. 28 \/ 2025<\/time><\/div><\/div>\t\t<\/div>\r\n\t\t\t<\/article>\r\n\t<article class=\"w-grid-item size_1x1 post-54469 post type-post status-publish format-standard has-post-thumbnail hentry category-uncategorized\" data-id=\"54469\">\r\n\t\t<div class=\"w-grid-item-h\">\r\n\t\t\t\t\t\t\t<a href=\"https:\/\/alpaka-shop.com\/the-gentle-luxury-of-baby-alpaca\/\" class=\"w-grid-item-anchor\" aria-label=\"The gentle luxury of baby alpaca\"><\/a>\r\n\t\t\t\t\t\t<div class=\"w-hwrapper usg_hwrapper_1 blog-grid-container align_left valign_middle\"><div class=\"w-vwrapper usg_vwrapper_2 blog-grid-img align_left valign_top\"><\/div><div class=\"w-vwrapper usg_vwrapper_1 blog-grid-text align_left valign_middle\"><h2 class=\"w-post-elm post_title usg_post_title_1 entry-title color_link_inherit\">The gentle luxury of baby alpaca<\/h2><div class=\"w-post-elm post_content usg_post_content_1\">In the realm of quiet luxury, baby alpaca reigns supreme, providing unparalleled softness, lightweight warmth, and efficient insulation, without any added bulk.\u00a0 Contrary to the imagery that might come to&hellip;<\/div><time class=\"w-post-elm post_date usg_post_date_1 entry-date published\" datetime=\"2024-06-04T11:13:49+03:00\">juuni 4 \/ 2024<\/time><\/div><\/div>\t\t<\/div>\r\n\t\t\t<\/article>\r\n\t<article class=\"w-grid-item size_1x1 post-52059 post type-post status-publish format-standard has-post-thumbnail hentry category-uncategorized-et\" data-id=\"52059\">\r\n\t\t<div class=\"w-grid-item-h\">\r\n\t\t\t\t\t\t\t<a href=\"https:\/\/alpaka-shop.com\/et\/alpaka-tallinn-fashion-weekil\/\" class=\"w-grid-item-anchor\" aria-label=\"ALPAKA Tallinn Fashion Week&#8217;il\"><\/a>\r\n\t\t\t\t\t\t<div class=\"w-hwrapper usg_hwrapper_1 blog-grid-container align_left valign_middle\"><div class=\"w-vwrapper usg_vwrapper_2 blog-grid-img align_left valign_top\"><div class=\"w-post-elm post_custom_field usg_post_custom_field_1 type_image us_tile_additional_image color_link_inherit\"><img decoding=\"async\" width=\"1400\" height=\"730\" src=\"https:\/\/alpaka-shop.com\/wp-content\/uploads\/2023\/10\/ALPAKA-Tallinn-Fashion-Week.jpg\" class=\"attachment-full size-full wvs-archive-product-image\" alt=\"\" srcset=\"https:\/\/alpaka-shop.com\/wp-content\/uploads\/2023\/10\/ALPAKA-Tallinn-Fashion-Week.jpg 1400w, https:\/\/alpaka-shop.com\/wp-content\/uploads\/2023\/10\/ALPAKA-Tallinn-Fashion-Week-300x156.jpg 300w, https:\/\/alpaka-shop.com\/wp-content\/uploads\/2023\/10\/ALPAKA-Tallinn-Fashion-Week-1024x534.jpg 1024w, https:\/\/alpaka-shop.com\/wp-content\/uploads\/2023\/10\/ALPAKA-Tallinn-Fashion-Week-600x313.jpg 600w, https:\/\/alpaka-shop.com\/wp-content\/uploads\/2023\/10\/ALPAKA-Tallinn-Fashion-Week-100x52.jpg 100w\" sizes=\"(max-width: 1400px) 100vw, 1400px\" \/><\/div><\/div><div class=\"w-vwrapper usg_vwrapper_1 blog-grid-text align_left valign_middle\"><h2 class=\"w-post-elm post_title usg_post_title_1 entry-title color_link_inherit\">ALPAKA Tallinn Fashion Week&#8217;il<\/h2><div class=\"w-post-elm post_content usg_post_content_1\">K\u00f5ige soojemad emotsioonid TFW moelaval Meie hiljutine \u00fclesastumine Tallinn Fashion Week&#8217;il oli siiras tunnustus klassikalisele moele ja k\u00f5rgkvaliteetsele k\u00e4sit\u00f6\u00f6le. Just see v\u00f5imaldab s\u00e4rada alpakavilla erilistel omadustel. Meie valikusse kuuluvad ainult&hellip;<\/div><time class=\"w-post-elm post_date usg_post_date_1 entry-date published\" datetime=\"2023-10-27T16:08:45+03:00\">okt. 27 \/ 2023<\/time><\/div><\/div>\t\t<\/div>\r\n\t\t\t<\/article>\r\n\t<article class=\"w-grid-item size_1x1 post-50066 post type-post status-publish format-standard has-post-thumbnail hentry category-uncategorized-et\" data-id=\"50066\">\r\n\t\t<div class=\"w-grid-item-h\">\r\n\t\t\t\t\t\t\t<a href=\"https:\/\/alpaka-shop.com\/et\/kas-alpakavill-pohjustab-arritust\/\" class=\"w-grid-item-anchor\" aria-label=\"Kas alpakavill p\u00f5hjustab \u00e4rritust?\"><\/a>\r\n\t\t\t\t\t\t<div class=\"w-hwrapper usg_hwrapper_1 blog-grid-container align_left valign_middle\"><div class=\"w-vwrapper usg_vwrapper_2 blog-grid-img align_left valign_top\"><div class=\"w-post-elm post_custom_field usg_post_custom_field_1 type_image us_tile_additional_image color_link_inherit\"><img decoding=\"async\" width=\"1024\" height=\"534\" src=\"https:\/\/alpaka-shop.com\/wp-content\/uploads\/2023\/04\/blog-cover-1.jpg\" class=\"attachment-full size-full wvs-archive-product-image\" alt=\"\" srcset=\"https:\/\/alpaka-shop.com\/wp-content\/uploads\/2023\/04\/blog-cover-1.jpg 1024w, https:\/\/alpaka-shop.com\/wp-content\/uploads\/2023\/04\/blog-cover-1-300x156.jpg 300w, https:\/\/alpaka-shop.com\/wp-content\/uploads\/2023\/04\/blog-cover-1-600x313.jpg 600w, https:\/\/alpaka-shop.com\/wp-content\/uploads\/2023\/04\/blog-cover-1-100x52.jpg 100w\" sizes=\"(max-width: 1024px) 100vw, 1024px\" \/><\/div><\/div><div class=\"w-vwrapper usg_vwrapper_1 blog-grid-text align_left valign_middle\"><h2 class=\"w-post-elm post_title usg_post_title_1 entry-title color_link_inherit\">Kas alpakavill p\u00f5hjustab \u00e4rritust?<\/h2><div class=\"w-post-elm post_content usg_post_content_1\">J\u00e4tkusuutlikku ja aeglast moodi esindavate br\u00e4ndide seas kogub alpakavill j\u00e4rjest enam populaarsust. Oma pehmuse, soojuse ja h\u00fcpoallergeense loomu poolest tuntud vill on hinnatud materjal. Kui oled tundliku nahaga siis oled&hellip;<\/div><time class=\"w-post-elm post_date usg_post_date_1 entry-date published\" datetime=\"2023-04-27T16:33:07+03:00\">apr. 27 \/ 2023<\/time><\/div><\/div>\t\t<\/div>\r\n\t\t\t<\/article>\r\n\t<article class=\"w-grid-item size_1x1 post-45885 post type-post status-publish format-standard has-post-thumbnail hentry category-uudised\" data-id=\"45885\">\r\n\t\t<div class=\"w-grid-item-h\">\r\n\t\t\t\t\t\t\t<a href=\"https:\/\/alpaka-shop.com\/et\/mis-teeb-alpakavilla-eriliseks\/\" class=\"w-grid-item-anchor\" aria-label=\"Mis teeb alpakavilla eriliseks?\"><\/a>\r\n\t\t\t\t\t\t<div class=\"w-hwrapper usg_hwrapper_1 blog-grid-container align_left valign_middle\"><div class=\"w-vwrapper usg_vwrapper_2 blog-grid-img align_left valign_top\"><div class=\"w-post-elm post_custom_field usg_post_custom_field_1 type_image us_tile_additional_image color_link_inherit\"><img decoding=\"async\" width=\"1400\" height=\"730\" src=\"https:\/\/alpaka-shop.com\/wp-content\/uploads\/2022\/11\/Blog-cover.png\" class=\"attachment-full size-full wvs-archive-product-image\" alt=\"\" srcset=\"https:\/\/alpaka-shop.com\/wp-content\/uploads\/2022\/11\/Blog-cover.png 1400w, https:\/\/alpaka-shop.com\/wp-content\/uploads\/2022\/11\/Blog-cover-300x156.png 300w, https:\/\/alpaka-shop.com\/wp-content\/uploads\/2022\/11\/Blog-cover-1024x534.png 1024w, https:\/\/alpaka-shop.com\/wp-content\/uploads\/2022\/11\/Blog-cover-600x313.png 600w, https:\/\/alpaka-shop.com\/wp-content\/uploads\/2022\/11\/Blog-cover-100x52.png 100w\" sizes=\"(max-width: 1400px) 100vw, 1400px\" \/><\/div><\/div><div class=\"w-vwrapper usg_vwrapper_1 blog-grid-text align_left valign_middle\"><h2 class=\"w-post-elm post_title usg_post_title_1 entry-title color_link_inherit\">Mis teeb alpakavilla eriliseks?<\/h2><div class=\"w-post-elm post_content usg_post_content_1\">Kas oled juba alpakavillaste toodete usku v\u00f5i oled selle alles avastanud? Siin artiklis jagame Sinuga selle erilise kiu parimaid omadusi. Alpakasid on alati v\u00e4\u00e4rtustatud nende villa eriliste omaduste poolest ning&hellip;<\/div><time class=\"w-post-elm post_date usg_post_date_1 entry-date published\" datetime=\"2022-11-18T20:44:05+02:00\">nov. 18 \/ 2022<\/time><\/div><\/div>\t\t<\/div>\r\n\t\t\t<\/article>\r\n\t<article class=\"w-grid-item size_1x1 post-42599 post type-post status-publish format-standard has-post-thumbnail hentry category-news\" data-id=\"42599\">\r\n\t\t<div class=\"w-grid-item-h\">\r\n\t\t\t\t\t\t\t<a href=\"https:\/\/alpaka-shop.com\/et\/aw22-23-join-us-for-journey-back-to-the-origins\/\" class=\"w-grid-item-anchor\" aria-label=\"AW22\/23: Join us for journey back to the origins\"><\/a>\r\n\t\t\t\t\t\t<div class=\"w-hwrapper usg_hwrapper_1 blog-grid-container align_left valign_middle\"><div class=\"w-vwrapper usg_vwrapper_2 blog-grid-img align_left valign_top\"><div class=\"w-post-elm post_custom_field usg_post_custom_field_1 type_image us_tile_additional_image color_link_inherit\"><img decoding=\"async\" width=\"1400\" height=\"730\" src=\"https:\/\/alpaka-shop.com\/wp-content\/uploads\/2022\/10\/Blog-cover.jpg\" class=\"attachment-full size-full wvs-archive-product-image\" alt=\"\" srcset=\"https:\/\/alpaka-shop.com\/wp-content\/uploads\/2022\/10\/Blog-cover.jpg 1400w, https:\/\/alpaka-shop.com\/wp-content\/uploads\/2022\/10\/Blog-cover-300x156.jpg 300w, https:\/\/alpaka-shop.com\/wp-content\/uploads\/2022\/10\/Blog-cover-1024x534.jpg 1024w, https:\/\/alpaka-shop.com\/wp-content\/uploads\/2022\/10\/Blog-cover-600x313.jpg 600w, https:\/\/alpaka-shop.com\/wp-content\/uploads\/2022\/10\/Blog-cover-100x52.jpg 100w\" sizes=\"(max-width: 1400px) 100vw, 1400px\" \/><\/div><\/div><div class=\"w-vwrapper usg_vwrapper_1 blog-grid-text align_left valign_middle\"><h2 class=\"w-post-elm post_title usg_post_title_1 entry-title color_link_inherit\">AW22\/23: Join us for journey back to the origins<\/h2><div class=\"w-post-elm post_content usg_post_content_1\">As we have always found the creations of nature to be mesmerising, we decided to take you on a journey back to where our precious source material originates from. This&hellip;<\/div><time class=\"w-post-elm post_date usg_post_date_1 entry-date published\" datetime=\"2022-10-13T09:06:43+03:00\">okt. 13 \/ 2022<\/time><\/div><\/div>\t\t<\/div>\r\n\t\t\t<\/article>\r\n<\/div><div class=\"w-grid-preloader\">\t<div class=\"g-preloader type_1\">\r\n\t\t<div><\/div>\r\n\t<\/div>\r\n\t<\/div>\t\t\t<div class=\"g-loadmore \">\r\n\t\t\t\t<div class=\"g-preloader type_1\">\r\n\t\t\t\t\t<div><\/div>\r\n\t\t\t\t<\/div>\r\n\t\t\t\t<button class=\"w-btn us-btn-style_1\">\r\n\t\t\t\t\t<span class=\"w-btn-label\">LOAD MORE<\/span>\r\n\t\t\t\t<\/button>\r\n\t\t\t<\/div>\r\n\t\t\t\t<div class=\"w-grid-json hidden\" onclick='return {&quot;action&quot;:&quot;us_ajax_grid&quot;,&quot;infinite_scroll&quot;:0,&quot;max_num_pages&quot;:7,&quot;pagination&quot;:&quot;ajax&quot;,&quot;template_vars&quot;:{&quot;columns&quot;:&quot;1&quot;,&quot;exclude_items&quot;:&quot;none&quot;,&quot;img_size&quot;:&quot;default&quot;,&quot;ignore_items_size&quot;:0,&quot;items_layout&quot;:&quot;3289&quot;,&quot;items_offset&quot;:&quot;1&quot;,&quot;load_animation&quot;:&quot;none&quot;,&quot;overriding_link&quot;:&quot;%7B%22type%22%3A%22post%22%7D&quot;,&quot;post_id&quot;:0,&quot;query_args&quot;:{&quot;post_type&quot;:[&quot;post&quot;],&quot;post_status&quot;:[&quot;publish&quot;,&quot;acf-disabled&quot;,&quot;wc-mon-part-refund&quot;,&quot;wc-mon-label-printed&quot;],&quot;posts_per_page&quot;:&quot;6&quot;},&quot;orderby_query_args&quot;:{&quot;orderby&quot;:{&quot;date&quot;:&quot;DESC&quot;}},&quot;type&quot;:&quot;grid&quot;,&quot;us_grid_post_type&quot;:&quot;post&quot;,&quot;us_grid_ajax_index&quot;:1,&quot;us_grid_filter_query_string&quot;:null,&quot;us_grid_index&quot;:1,&quot;page_args&quot;:[],&quot;lang&quot;:&quot;et&quot;}}'><\/div>\r\n\t<\/div><\/div><\/div><\/div><\/div><\/div><\/section>\n","protected":false},"excerpt":{"rendered":"As we have always found the creations of nature to be mesmerising, we decided to take you on a journey back to where our precious source material originates from. This season's colour inspiration comes from Peru and its magnificent and wondrous natural palette. In the Andes you will come across a mountain named Vinicunca, or...","protected":false},"author":1,"featured_media":0,"parent":0,"menu_order":0,"comment_status":"closed","ping_status":"closed","template":"","meta":{"_acf_changed":false,"footnotes":""},"class_list":["post-10827","page","type-page","status-publish","hentry"],"acf":[],"aioseo_notices":[],"_links":{"self":[{"href":"https:\/\/alpaka-shop.com\/et\/wp-json\/wp\/v2\/pages\/10827","targetHints":{"allow":["GET"]}}],"collection":[{"href":"https:\/\/alpaka-shop.com\/et\/wp-json\/wp\/v2\/pages"}],"about":[{"href":"https:\/\/alpaka-shop.com\/et\/wp-json\/wp\/v2\/types\/page"}],"author":[{"embeddable":true,"href":"https:\/\/alpaka-shop.com\/et\/wp-json\/wp\/v2\/users\/1"}],"replies":[{"embeddable":true,"href":"https:\/\/alpaka-shop.com\/et\/wp-json\/wp\/v2\/comments?post=10827"}],"version-history":[{"count":0,"href":"https:\/\/alpaka-shop.com\/et\/wp-json\/wp\/v2\/pages\/10827\/revisions"}],"wp:attachment":[{"href":"https:\/\/alpaka-shop.com\/et\/wp-json\/wp\/v2\/media?parent=10827"}],"curies":[{"name":"wp","href":"https:\/\/api.w.org\/{rel}","templated":true}]}}