{"id":26870,"date":"2021-03-23T20:28:58","date_gmt":"2021-03-23T18:28:58","guid":{"rendered":"https:\/\/alpaka-shop.com\/test\/"},"modified":"2021-05-12T15:09:05","modified_gmt":"2021-05-12T12:09:05","slug":"ss21","status":"publish","type":"page","link":"https:\/\/alpaka-shop.com\/et\/ss21\/","title":{"rendered":"SS21"},"content":{"rendered":"<section class=\"l-section wpb_row category-description height_small\"><div class=\"l-section-h i-cf\"><div class=\"g-cols vc_row via_flex valign_top type_default stacking_default\"><div class=\"vc_col-sm-12 wpb_column vc_column_container\"><div class=\"vc_column-inner\"><div class=\"wpb_wrapper\"><div class=\"wpb_text_column\"><div class=\"wpb_wrapper\"><h1 style=\"text-align: center;\">KEVAD-SUVINE KOLLEKTSIOON<\/h1>\n<p style=\"text-align: center;\">ALPAKA kevad-suvise kollektsiooni unikaalne \u00f5hk\u00f5rnade materjalide kooslus muudab r\u00f5ivad imeliselt kergeks ja laseb nahal hingata, hoides sind samal ajal m\u00f5nusalt soojas. Mugava, kuid samas ajatult \u0161iki kollektsiooni p\u00f5hir\u00f5hk on meid \u00fcmbritseval uuel reaalsusel. \u00a0Looduslikult mahedad toonid ja kvaliteetsed materjalid hoolitsevad selle eest, et kudumid oleksid hooaja\u00fclesed ja kantavad ka aastate p\u00e4rast.<\/p>\n<\/div><\/div><\/div><\/div><\/div><\/div><\/div><\/section><section class=\"l-section wpb_row collection-grid height_small\"><div class=\"l-section-h i-cf\"><div class=\"g-cols vc_row via_flex valign_top type_default stacking_default\"><div class=\"vc_col-sm-6 wpb_column vc_column_container\"><div class=\"vc_column-inner\"><div class=\"wpb_wrapper\"><div class=\"w-image align_center\"><a title=\"L\u00e4bipaistvate detailidega pluus\" href=\"https:\/\/alpaka-shop.com\/et\/draped-light-sweater\/\" aria-label=\"ALPAKA Draped light Sweater Ivory Maarja Jakobson\" class=\"w-image-h\"><img decoding=\"async\" width=\"731\" height=\"1024\" src=\"https:\/\/alpaka-shop.com\/wp-content\/uploads\/2021\/04\/ALPAKA-Draped-light-Sweater-Ivory-Maarja-Jakobson-731x1024.jpg\" class=\"attachment-large size-large wvs-archive-product-image\" alt=\"\" loading=\"lazy\" srcset=\"https:\/\/alpaka-shop.com\/wp-content\/uploads\/2021\/04\/ALPAKA-Draped-light-Sweater-Ivory-Maarja-Jakobson-731x1024.jpg 731w, https:\/\/alpaka-shop.com\/wp-content\/uploads\/2021\/04\/ALPAKA-Draped-light-Sweater-Ivory-Maarja-Jakobson-214x300.jpg 214w, https:\/\/alpaka-shop.com\/wp-content\/uploads\/2021\/04\/ALPAKA-Draped-light-Sweater-Ivory-Maarja-Jakobson-300x420.jpg 300w, https:\/\/alpaka-shop.com\/wp-content\/uploads\/2021\/04\/ALPAKA-Draped-light-Sweater-Ivory-Maarja-Jakobson-600x840.jpg 600w, https:\/\/alpaka-shop.com\/wp-content\/uploads\/2021\/04\/ALPAKA-Draped-light-Sweater-Ivory-Maarja-Jakobson.jpg 800w\" sizes=\"auto, (max-width: 731px) 100vw, 731px\" \/><\/a><\/div><div class=\"wpb_text_column\"><div class=\"wpb_wrapper\"><p><a href=\"https:\/\/alpaka-shop.com\/et\/draped-light-sweater\/\"><span style=\"color: #212121;\">As\u00fcmmeetriline kampsun<\/span><\/a><\/p>\n<\/div><\/div><\/div><\/div><\/div><div class=\"vc_col-sm-6 wpb_column vc_column_container two-column-grid\"><div class=\"vc_column-inner\"><div class=\"wpb_wrapper\"><div class=\"g-cols wpb_row via_flex valign_top type_default stacking_default\"><div class=\"vc_col-sm-6 wpb_column vc_column_container\"><div class=\"vc_column-inner\"><div class=\"wpb_wrapper\"><div class=\"w-image align_center\"><a title=\"L\u00e4bipaistvate detailidega pluus\" href=\"https:\/\/alpaka-shop.com\/et\/draped-cotton-cardigan\/\" aria-label=\"ALPAKA Draped cotton cardigan LIGHT TAUPE Maarja Jakobson\" class=\"w-image-h\"><img decoding=\"async\" width=\"400\" height=\"560\" src=\"https:\/\/alpaka-shop.com\/wp-content\/uploads\/2021\/04\/ALPAKA-Draped-cotton-cardigan-LIGHT-TAUPE-Maarja-Jakobson-.jpg\" class=\"attachment-shop_single size-shop_single wvs-archive-product-image\" alt=\"\" loading=\"lazy\" srcset=\"https:\/\/alpaka-shop.com\/wp-content\/uploads\/2021\/04\/ALPAKA-Draped-cotton-cardigan-LIGHT-TAUPE-Maarja-Jakobson-.jpg 400w, https:\/\/alpaka-shop.com\/wp-content\/uploads\/2021\/04\/ALPAKA-Draped-cotton-cardigan-LIGHT-TAUPE-Maarja-Jakobson--214x300.jpg 214w, https:\/\/alpaka-shop.com\/wp-content\/uploads\/2021\/04\/ALPAKA-Draped-cotton-cardigan-LIGHT-TAUPE-Maarja-Jakobson--300x420.jpg 300w\" sizes=\"auto, (max-width: 400px) 100vw, 400px\" \/><\/a><\/div><div class=\"wpb_text_column\"><div class=\"wpb_wrapper\"><p><a href=\"https:\/\/alpaka-shop.com\/et\/draped-cotton-cardigan\/\">Avatud tekstuurne kardigan<\/a><\/p>\n<\/div><\/div><div class=\"w-image align_center\"><a title=\"L\u00e4bipaistvate detailidega pluus\" href=\"https:\/\/alpaka-shop.com\/et\/ribbed-tunic-dress\/\" aria-label=\"ALPAKA-Ribbed-tunic-dress-ivory-in-studio-side_grey_400x560px\" class=\"w-image-h\"><img decoding=\"async\" width=\"400\" height=\"560\" src=\"https:\/\/alpaka-shop.com\/wp-content\/uploads\/2021\/04\/ALPAKA-Ribbed-tunic-dress-ivory-in-studio-side_grey_400x560px.jpg\" class=\"attachment-shop_single size-shop_single wvs-archive-product-image\" alt=\"\" loading=\"lazy\" srcset=\"https:\/\/alpaka-shop.com\/wp-content\/uploads\/2021\/04\/ALPAKA-Ribbed-tunic-dress-ivory-in-studio-side_grey_400x560px.jpg 400w, https:\/\/alpaka-shop.com\/wp-content\/uploads\/2021\/04\/ALPAKA-Ribbed-tunic-dress-ivory-in-studio-side_grey_400x560px-214x300.jpg 214w, https:\/\/alpaka-shop.com\/wp-content\/uploads\/2021\/04\/ALPAKA-Ribbed-tunic-dress-ivory-in-studio-side_grey_400x560px-300x420.jpg 300w\" sizes=\"auto, (max-width: 400px) 100vw, 400px\" \/><\/a><\/div><div class=\"wpb_text_column\"><div class=\"wpb_wrapper\"><p><a href=\"https:\/\/alpaka-shop.com\/et\/ribbed-tunic-dress\/\">Soonikkleit<\/a><\/p>\n<\/div><\/div><\/div><\/div><\/div><div class=\"vc_col-sm-6 wpb_column vc_column_container\"><div class=\"vc_column-inner\"><div class=\"wpb_wrapper\"><div class=\"w-image align_center\"><a title=\"L\u00e4bipaistvate detailidega pluus\" href=\"https:\/\/alpaka-shop.com\/et\/light-blouse-with-transparency\/\" aria-label=\"ALPAKA-Light-Blouse-with-Transparency-Vanilla-front_grey-(2)-400x560px\" class=\"w-image-h\"><img decoding=\"async\" width=\"400\" height=\"560\" src=\"https:\/\/alpaka-shop.com\/wp-content\/uploads\/2021\/04\/ALPAKA-Light-Blouse-with-Transparency-Vanilla-front_grey-2-400x560px.jpg\" class=\"attachment-shop_single size-shop_single wvs-archive-product-image\" alt=\"\" loading=\"lazy\" srcset=\"https:\/\/alpaka-shop.com\/wp-content\/uploads\/2021\/04\/ALPAKA-Light-Blouse-with-Transparency-Vanilla-front_grey-2-400x560px.jpg 400w, https:\/\/alpaka-shop.com\/wp-content\/uploads\/2021\/04\/ALPAKA-Light-Blouse-with-Transparency-Vanilla-front_grey-2-400x560px-214x300.jpg 214w, https:\/\/alpaka-shop.com\/wp-content\/uploads\/2021\/04\/ALPAKA-Light-Blouse-with-Transparency-Vanilla-front_grey-2-400x560px-300x420.jpg 300w\" sizes=\"auto, (max-width: 400px) 100vw, 400px\" \/><\/a><\/div><div class=\"wpb_text_column\"><div class=\"wpb_wrapper\"><p><a href=\"https:\/\/alpaka-shop.com\/et\/ss21\/light-blouse-with-transparency\/\">L\u00e4bipaistvate detailidega pluus<\/a><\/p>\n<\/div><\/div><div class=\"w-image align_center\"><a title=\"T\u00e4ispikk Royal kardigan\" href=\"https:\/\/alpaka-shop.com\/et\/royal-robe\/\" aria-label=\"ALPAKA-Royal-robe-taupe-in-studio-side-_grey_400x560px-(1)\" class=\"w-image-h\"><img decoding=\"async\" width=\"400\" height=\"560\" src=\"https:\/\/alpaka-shop.com\/wp-content\/uploads\/2021\/04\/ALPAKA-Royal-robe-taupe-in-studio-side-_grey_400x560px-1.jpg\" class=\"attachment-shop_single size-shop_single wvs-archive-product-image\" alt=\"\" loading=\"lazy\" srcset=\"https:\/\/alpaka-shop.com\/wp-content\/uploads\/2021\/04\/ALPAKA-Royal-robe-taupe-in-studio-side-_grey_400x560px-1.jpg 400w, https:\/\/alpaka-shop.com\/wp-content\/uploads\/2021\/04\/ALPAKA-Royal-robe-taupe-in-studio-side-_grey_400x560px-1-214x300.jpg 214w, https:\/\/alpaka-shop.com\/wp-content\/uploads\/2021\/04\/ALPAKA-Royal-robe-taupe-in-studio-side-_grey_400x560px-1-300x420.jpg 300w\" sizes=\"auto, (max-width: 400px) 100vw, 400px\" \/><\/a><\/div><div class=\"wpb_text_column\"><div class=\"wpb_wrapper\"><p><a title=\"Royal Robe\" href=\"https:\/\/alpaka-shop.com\/et\/royal-robe\/\">T\u00e4ispikk Royal kardigan<\/a><\/p>\n<\/div><\/div><\/div><\/div><\/div><\/div><\/div><\/div><\/div><\/div><\/div><\/section><section class=\"l-section wpb_row collection-grid height_small\"><div class=\"l-section-h i-cf\"><div class=\"g-cols vc_row via_flex valign_top type_default stacking_default\"><div class=\"vc_col-sm-12 wpb_column vc_column_container\"><div class=\"vc_column-inner\"><div class=\"wpb_wrapper\"><div class=\"w-image align_center\"><a title=\"Light blouse with transparency\" href=\"https:\/\/alpaka-shop.com\/et\/light-blouse-with-transparency\/\" aria-label=\"Light-blouse-with-transparency\" class=\"w-image-h\"><img decoding=\"async\" width=\"1501\" height=\"1000\" src=\"https:\/\/alpaka-shop.com\/wp-content\/uploads\/2021\/03\/Light-blouse-with-transparency.jpg\" class=\"attachment-full size-full wvs-archive-product-image\" alt=\"\" loading=\"lazy\" srcset=\"https:\/\/alpaka-shop.com\/wp-content\/uploads\/2021\/03\/Light-blouse-with-transparency.jpg 1501w, https:\/\/alpaka-shop.com\/wp-content\/uploads\/2021\/03\/Light-blouse-with-transparency-300x200.jpg 300w, https:\/\/alpaka-shop.com\/wp-content\/uploads\/2021\/03\/Light-blouse-with-transparency-1024x682.jpg 1024w, https:\/\/alpaka-shop.com\/wp-content\/uploads\/2021\/03\/Light-blouse-with-transparency-600x400.jpg 600w\" sizes=\"auto, (max-width: 1501px) 100vw, 1501px\" \/><\/a><\/div><div class=\"wpb_text_column\"><div class=\"wpb_wrapper\"><p><a href=\"https:\/\/alpaka-shop.com\/et\/ss21\/light-blouse-with-transparency\/\">L\u00e4bipaistvate detailidega pluus<\/a><\/p>\n<\/div><\/div><\/div><\/div><\/div><\/div><\/div><\/section><section class=\"l-section wpb_row collection-grid height_small\"><div class=\"l-section-h i-cf\"><div class=\"g-cols vc_row via_flex valign_top type_default stacking_default\"><div class=\"vc_col-sm-6 wpb_column vc_column_container two-column-grid\"><div class=\"vc_column-inner\"><div class=\"wpb_wrapper\"><div class=\"g-cols wpb_row via_flex valign_top type_default stacking_default\"><div class=\"vc_col-sm-6 wpb_column vc_column_container\"><div class=\"vc_column-inner\"><div class=\"wpb_wrapper\"><div class=\"w-image align_center\"><a title=\"Klassikaline Royal kampsun\" href=\"https:\/\/alpaka-shop.com\/et\/klassikaline-royal-kampsun\/\" aria-label=\"ALPAKA-Womens-Royal-crew-pastel-pink-in-studio-side-grey_400x560px\" class=\"w-image-h\"><img decoding=\"async\" width=\"400\" height=\"560\" src=\"https:\/\/alpaka-shop.com\/wp-content\/uploads\/2021\/04\/ALPAKA-Womens-Royal-crew-pastel-pink-in-studio-side-grey_400x560px.jpg\" class=\"attachment-shop_single size-shop_single wvs-archive-product-image\" alt=\"\" loading=\"lazy\" srcset=\"https:\/\/alpaka-shop.com\/wp-content\/uploads\/2021\/04\/ALPAKA-Womens-Royal-crew-pastel-pink-in-studio-side-grey_400x560px.jpg 400w, https:\/\/alpaka-shop.com\/wp-content\/uploads\/2021\/04\/ALPAKA-Womens-Royal-crew-pastel-pink-in-studio-side-grey_400x560px-214x300.jpg 214w, https:\/\/alpaka-shop.com\/wp-content\/uploads\/2021\/04\/ALPAKA-Womens-Royal-crew-pastel-pink-in-studio-side-grey_400x560px-300x420.jpg 300w\" sizes=\"auto, (max-width: 400px) 100vw, 400px\" \/><\/a><\/div><div class=\"wpb_text_column\"><div class=\"wpb_wrapper\"><p><a title=\"Royal Crew\" href=\"https:\/\/alpaka-shop.com\/et\/royal-crew\/\">Klassikaline Royal kampsun<\/a><\/p>\n<\/div><\/div><div class=\"w-image align_center\"><a title=\"Kootud pont\u0161o\" href=\"https:\/\/alpaka-shop.com\/et\/cotton-knit-cape\/\" aria-label=\"ALPAKA-Cotton-Knit-Cape-light-grey-front_grey_400x560px-(1)\" class=\"w-image-h\"><img decoding=\"async\" width=\"400\" height=\"560\" src=\"https:\/\/alpaka-shop.com\/wp-content\/uploads\/2021\/04\/ALPAKA-Cotton-Knit-Cape-light-grey-front_grey_400x560px-1.jpg\" class=\"attachment-shop_single size-shop_single wvs-archive-product-image\" alt=\"\" loading=\"lazy\" srcset=\"https:\/\/alpaka-shop.com\/wp-content\/uploads\/2021\/04\/ALPAKA-Cotton-Knit-Cape-light-grey-front_grey_400x560px-1.jpg 400w, https:\/\/alpaka-shop.com\/wp-content\/uploads\/2021\/04\/ALPAKA-Cotton-Knit-Cape-light-grey-front_grey_400x560px-1-214x300.jpg 214w, https:\/\/alpaka-shop.com\/wp-content\/uploads\/2021\/04\/ALPAKA-Cotton-Knit-Cape-light-grey-front_grey_400x560px-1-300x420.jpg 300w\" sizes=\"auto, (max-width: 400px) 100vw, 400px\" \/><\/a><\/div><div class=\"wpb_text_column\"><div class=\"wpb_wrapper\"><p><a href=\"https:\/\/alpaka-shop.com\/et\/cotton-knit-cape\/\">Kootud pont\u0161o<\/a><\/p>\n<\/div><\/div><\/div><\/div><\/div><div class=\"vc_col-sm-6 wpb_column vc_column_container\"><div class=\"vc_column-inner\"><div class=\"wpb_wrapper\"><div class=\"w-image align_center\"><a title=\"Taskutega \u00f5lasall\" href=\"https:\/\/alpaka-shop.com\/et\/travel-shawl\/\" aria-label=\"ALPAKA Light Travel Shawl Cameo Rose Maarja Jakobson\" class=\"w-image-h\"><img decoding=\"async\" width=\"400\" height=\"560\" src=\"https:\/\/alpaka-shop.com\/wp-content\/uploads\/2021\/04\/ALPAKA-Light-Travel-Shawl-Cameo-Rose-Maarja-Jakobson.jpg\" class=\"attachment-shop_single size-shop_single wvs-archive-product-image\" alt=\"\" loading=\"lazy\" srcset=\"https:\/\/alpaka-shop.com\/wp-content\/uploads\/2021\/04\/ALPAKA-Light-Travel-Shawl-Cameo-Rose-Maarja-Jakobson.jpg 400w, https:\/\/alpaka-shop.com\/wp-content\/uploads\/2021\/04\/ALPAKA-Light-Travel-Shawl-Cameo-Rose-Maarja-Jakobson-214x300.jpg 214w, https:\/\/alpaka-shop.com\/wp-content\/uploads\/2021\/04\/ALPAKA-Light-Travel-Shawl-Cameo-Rose-Maarja-Jakobson-300x420.jpg 300w\" sizes=\"auto, (max-width: 400px) 100vw, 400px\" \/><\/a><\/div><div class=\"wpb_text_column\"><div class=\"wpb_wrapper\"><p><a title=\"Travel Shawl\" href=\"https:\/\/alpaka-shop.com\/travel-shawl\/\">Taskutega \u00f5lasall<\/a><\/p>\n<\/div><\/div><div class=\"w-image align_center\"><a title=\"Avara tegumoega kampsun\" href=\"https:\/\/alpaka-shop.com\/et\/oversized-v-neck-sweater\/\" aria-label=\"ALPAKA-Oversized-V-neck-sweater_SILVER_front_closer_studio_400x560px\" class=\"w-image-h\"><img decoding=\"async\" width=\"400\" height=\"560\" src=\"https:\/\/alpaka-shop.com\/wp-content\/uploads\/2020\/11\/ALPAKA-Oversized-V-neck-sweater_SILVER_front_closer_studio_400x560px.jpg\" class=\"attachment-shop_single size-shop_single wvs-archive-product-image\" alt=\"\" loading=\"lazy\" srcset=\"https:\/\/alpaka-shop.com\/wp-content\/uploads\/2020\/11\/ALPAKA-Oversized-V-neck-sweater_SILVER_front_closer_studio_400x560px.jpg 400w, https:\/\/alpaka-shop.com\/wp-content\/uploads\/2020\/11\/ALPAKA-Oversized-V-neck-sweater_SILVER_front_closer_studio_400x560px-214x300.jpg 214w, https:\/\/alpaka-shop.com\/wp-content\/uploads\/2020\/11\/ALPAKA-Oversized-V-neck-sweater_SILVER_front_closer_studio_400x560px-300x420.jpg 300w\" sizes=\"auto, (max-width: 400px) 100vw, 400px\" \/><\/a><\/div><div class=\"wpb_text_column\"><div class=\"wpb_wrapper\"><p><a title=\"Oversized V-Neck Sweater\" href=\"https:\/\/alpaka-shop.com\/et\/oversized-v-neck-sweater\/\">Avara tegumoega kampsun<\/a><\/p>\n<\/div><\/div><\/div><\/div><\/div><\/div><\/div><\/div><\/div><div class=\"vc_col-sm-6 wpb_column vc_column_container\"><div class=\"vc_column-inner\"><div class=\"wpb_wrapper\"><div class=\"w-image align_center\"><a title=\"Royal Kardigan\" href=\"https:\/\/alpaka-shop.com\/et\/royal-kardigan-naised\/\" aria-label=\"ALPAKA Womens Royal Cardigan Pastel Pink Maarja Jakobson\" class=\"w-image-h\"><img decoding=\"async\" width=\"731\" height=\"1024\" src=\"https:\/\/alpaka-shop.com\/wp-content\/uploads\/2021\/04\/ALPAKA-Womens-Royal-Cardigan-Pastel-Pink-Maarja-Jakobson-731x1024.jpg\" class=\"attachment-large size-large wvs-archive-product-image\" alt=\"\" loading=\"lazy\" srcset=\"https:\/\/alpaka-shop.com\/wp-content\/uploads\/2021\/04\/ALPAKA-Womens-Royal-Cardigan-Pastel-Pink-Maarja-Jakobson-731x1024.jpg 731w, https:\/\/alpaka-shop.com\/wp-content\/uploads\/2021\/04\/ALPAKA-Womens-Royal-Cardigan-Pastel-Pink-Maarja-Jakobson-214x300.jpg 214w, https:\/\/alpaka-shop.com\/wp-content\/uploads\/2021\/04\/ALPAKA-Womens-Royal-Cardigan-Pastel-Pink-Maarja-Jakobson-300x420.jpg 300w, https:\/\/alpaka-shop.com\/wp-content\/uploads\/2021\/04\/ALPAKA-Womens-Royal-Cardigan-Pastel-Pink-Maarja-Jakobson-600x840.jpg 600w, https:\/\/alpaka-shop.com\/wp-content\/uploads\/2021\/04\/ALPAKA-Womens-Royal-Cardigan-Pastel-Pink-Maarja-Jakobson.jpg 800w\" sizes=\"auto, (max-width: 731px) 100vw, 731px\" \/><\/a><\/div><div class=\"wpb_text_column\"><div class=\"wpb_wrapper\"><p><a title=\"Royal Cardigan\" href=\"https:\/\/alpaka-shop.com\/et\/royal-cardigan\/\">Royal Kardigan<\/a><\/p>\n<\/div><\/div><\/div><\/div><\/div><\/div><\/div><\/section><section class=\"l-section wpb_row collection-grid height_small\"><div class=\"l-section-h i-cf\"><div class=\"g-cols vc_row via_flex valign_top type_default stacking_default\"><div class=\"vc_col-sm-6 wpb_column vc_column_container\"><div class=\"vc_column-inner\"><div class=\"wpb_wrapper\"><div class=\"w-image align_center\"><a title=\"Vol\u00fc\u00fcmikate varrukatega kampsun\" href=\"https:\/\/alpaka-shop.com\/et\/volume-sleeve-sweater\/\" aria-label=\"ALPAKA Womens volume sleeve sweater bordeaux Maarja Jakobson\" class=\"w-image-h\"><img decoding=\"async\" width=\"731\" height=\"1024\" src=\"https:\/\/alpaka-shop.com\/wp-content\/uploads\/2021\/04\/ALPAKA-Womens-volume-sleeve-sweater-bordeaux-Maarja-Jakobson-731x1024.jpg\" class=\"attachment-large size-large wvs-archive-product-image\" alt=\"\" loading=\"lazy\" srcset=\"https:\/\/alpaka-shop.com\/wp-content\/uploads\/2021\/04\/ALPAKA-Womens-volume-sleeve-sweater-bordeaux-Maarja-Jakobson-731x1024.jpg 731w, https:\/\/alpaka-shop.com\/wp-content\/uploads\/2021\/04\/ALPAKA-Womens-volume-sleeve-sweater-bordeaux-Maarja-Jakobson-214x300.jpg 214w, https:\/\/alpaka-shop.com\/wp-content\/uploads\/2021\/04\/ALPAKA-Womens-volume-sleeve-sweater-bordeaux-Maarja-Jakobson-300x420.jpg 300w, https:\/\/alpaka-shop.com\/wp-content\/uploads\/2021\/04\/ALPAKA-Womens-volume-sleeve-sweater-bordeaux-Maarja-Jakobson-600x840.jpg 600w, https:\/\/alpaka-shop.com\/wp-content\/uploads\/2021\/04\/ALPAKA-Womens-volume-sleeve-sweater-bordeaux-Maarja-Jakobson.jpg 800w\" sizes=\"auto, (max-width: 731px) 100vw, 731px\" \/><\/a><\/div><div class=\"wpb_text_column\"><div class=\"wpb_wrapper\"><p><a title=\"Volume Sleeve Sweater\" href=\"https:\/\/alpaka-shop.com\/et\/volume-sleeve-sweater\/\">V<\/a><a href=\"https:\/\/alpaka-shop.com\/et\/voluumikate-varrukatega-kampsun\/\">ol\u00fc\u00fcmikate varrukatega kampsun<\/a><\/p>\n<\/div><\/div><\/div><\/div><\/div><div class=\"vc_col-sm-6 wpb_column vc_column_container two-column-grid\"><div class=\"vc_column-inner\"><div class=\"wpb_wrapper\"><div class=\"g-cols wpb_row via_flex valign_top type_default stacking_default\"><div class=\"vc_col-sm-6 wpb_column vc_column_container\"><div class=\"vc_column-inner\"><div class=\"wpb_wrapper\"><div class=\"w-image align_center\"><a title=\"Klassikaline Royal kampsun\" href=\"https:\/\/alpaka-shop.com\/et\/klassikaline-royal-kampsun\/\" aria-label=\"ALPAKA-Royal-Crew-TAUPE-Maarja-Jakobson-Tartu-Art-Gallery_400x560\" class=\"w-image-h\"><img decoding=\"async\" width=\"400\" height=\"560\" src=\"https:\/\/alpaka-shop.com\/wp-content\/uploads\/2021\/04\/ALPAKA-Royal-Crew-TAUPE-Maarja-Jakobson-Tartu-Art-Gallery_400x560.jpg\" class=\"attachment-shop_single size-shop_single wvs-archive-product-image\" alt=\"\" loading=\"lazy\" srcset=\"https:\/\/alpaka-shop.com\/wp-content\/uploads\/2021\/04\/ALPAKA-Royal-Crew-TAUPE-Maarja-Jakobson-Tartu-Art-Gallery_400x560.jpg 400w, https:\/\/alpaka-shop.com\/wp-content\/uploads\/2021\/04\/ALPAKA-Royal-Crew-TAUPE-Maarja-Jakobson-Tartu-Art-Gallery_400x560-214x300.jpg 214w, https:\/\/alpaka-shop.com\/wp-content\/uploads\/2021\/04\/ALPAKA-Royal-Crew-TAUPE-Maarja-Jakobson-Tartu-Art-Gallery_400x560-300x420.jpg 300w\" sizes=\"auto, (max-width: 400px) 100vw, 400px\" \/><\/a><\/div><div class=\"wpb_text_column\"><div class=\"wpb_wrapper\"><p><a title=\"Royal Crew\" href=\"https:\/\/alpaka-shop.com\/et\/royal-crew\/\">Klassikaline Royal kampsun<\/a><\/p>\n<\/div><\/div><div class=\"w-image align_center\"><a title=\"T\u00e4ispikk Royal kardigan\" href=\"https:\/\/alpaka-shop.com\/et\/royal-robe\/\" aria-label=\"ALPAKA-Royal-robe-taupe-in-studio-side_grey_400x560px-(1)\" class=\"w-image-h\"><img decoding=\"async\" width=\"400\" height=\"560\" src=\"https:\/\/alpaka-shop.com\/wp-content\/uploads\/2021\/04\/ALPAKA-Royal-robe-taupe-in-studio-side_grey_400x560px-1.jpg\" class=\"attachment-shop_single size-shop_single wvs-archive-product-image\" alt=\"\" loading=\"lazy\" srcset=\"https:\/\/alpaka-shop.com\/wp-content\/uploads\/2021\/04\/ALPAKA-Royal-robe-taupe-in-studio-side_grey_400x560px-1.jpg 400w, https:\/\/alpaka-shop.com\/wp-content\/uploads\/2021\/04\/ALPAKA-Royal-robe-taupe-in-studio-side_grey_400x560px-1-214x300.jpg 214w, https:\/\/alpaka-shop.com\/wp-content\/uploads\/2021\/04\/ALPAKA-Royal-robe-taupe-in-studio-side_grey_400x560px-1-300x420.jpg 300w\" sizes=\"auto, (max-width: 400px) 100vw, 400px\" \/><\/a><\/div><div class=\"wpb_text_column\"><div class=\"wpb_wrapper\"><p><a title=\"Royal Robe\" href=\"https:\/\/alpaka-shop.com\/et\/royal-robe\/\">T\u00e4ispikk Royal kardigan<\/a><\/p>\n<\/div><\/div><\/div><\/div><\/div><div class=\"vc_col-sm-6 wpb_column vc_column_container\"><div class=\"vc_column-inner\"><div class=\"wpb_wrapper\"><div class=\"w-image align_center\"><a title=\"Exclusive Pont\u0161o\" href=\"https:\/\/alpaka-shop.com\/et\/exclusive-cape\/\" aria-label=\"Cape-Exclusive-in-WHEAT-with-Marleen-in-Studio-grey-web-PORT-(3)_400x560px\" class=\"w-image-h\"><img decoding=\"async\" width=\"400\" height=\"560\" src=\"https:\/\/alpaka-shop.com\/wp-content\/uploads\/2021\/04\/Cape-Exclusive-in-WHEAT-with-Marleen-in-Studio-grey-web-PORT-3_400x560px.jpg\" class=\"attachment-shop_single size-shop_single wvs-archive-product-image\" alt=\"\" loading=\"lazy\" srcset=\"https:\/\/alpaka-shop.com\/wp-content\/uploads\/2021\/04\/Cape-Exclusive-in-WHEAT-with-Marleen-in-Studio-grey-web-PORT-3_400x560px.jpg 400w, https:\/\/alpaka-shop.com\/wp-content\/uploads\/2021\/04\/Cape-Exclusive-in-WHEAT-with-Marleen-in-Studio-grey-web-PORT-3_400x560px-214x300.jpg 214w, https:\/\/alpaka-shop.com\/wp-content\/uploads\/2021\/04\/Cape-Exclusive-in-WHEAT-with-Marleen-in-Studio-grey-web-PORT-3_400x560px-300x420.jpg 300w\" sizes=\"auto, (max-width: 400px) 100vw, 400px\" \/><\/a><\/div><div class=\"wpb_text_column\"><div class=\"wpb_wrapper\"><p><a href=\"https:\/\/alpaka-shop.com\/et\/exclusive-pontso\/\">Exclusive Pont\u0161o<\/a><\/p>\n<\/div><\/div><div class=\"w-image align_center\"><a title=\"Taskutega \u00f5lasall\" href=\"https:\/\/alpaka-shop.com\/et\/travel-shawl\/\" aria-label=\"ALPAKA-Travel-shawl_CAMEO-ROSE_overshoulder_studio_grey_400x5600px\" class=\"w-image-h\"><img decoding=\"async\" width=\"400\" height=\"560\" src=\"https:\/\/alpaka-shop.com\/wp-content\/uploads\/2021\/04\/ALPAKA-Travel-shawl_CAMEO-ROSE_overshoulder_studio_grey_400x5600px.jpg\" class=\"attachment-shop_single size-shop_single wvs-archive-product-image\" alt=\"\" loading=\"lazy\" srcset=\"https:\/\/alpaka-shop.com\/wp-content\/uploads\/2021\/04\/ALPAKA-Travel-shawl_CAMEO-ROSE_overshoulder_studio_grey_400x5600px.jpg 400w, https:\/\/alpaka-shop.com\/wp-content\/uploads\/2021\/04\/ALPAKA-Travel-shawl_CAMEO-ROSE_overshoulder_studio_grey_400x5600px-214x300.jpg 214w, https:\/\/alpaka-shop.com\/wp-content\/uploads\/2021\/04\/ALPAKA-Travel-shawl_CAMEO-ROSE_overshoulder_studio_grey_400x5600px-300x420.jpg 300w\" sizes=\"auto, (max-width: 400px) 100vw, 400px\" \/><\/a><\/div><div class=\"wpb_text_column\"><div class=\"wpb_wrapper\"><p><a title=\"Travel Shawl\" href=\"https:\/\/alpaka-shop.com\/travel-shawl\/\">Taskutega \u00f5lasall<\/a><\/p>\n<\/div><\/div><\/div><\/div><\/div><\/div><\/div><\/div><\/div><\/div><\/div><\/section>\n","protected":false},"excerpt":{"rendered":"KEVAD-SUVINE KOLLEKTSIOON ALPAKA kevad-suvise kollektsiooni unikaalne \u00f5hk\u00f5rnade materjalide kooslus muudab r\u00f5ivad imeliselt kergeks ja laseb nahal hingata, hoides sind samal ajal m\u00f5nusalt soojas. Mugava, kuid samas ajatult \u0161iki kollektsiooni p\u00f5hir\u00f5hk on meid \u00fcmbritseval uuel reaalsusel. \u00a0Looduslikult mahedad toonid ja kvaliteetsed materjalid hoolitsevad selle eest, et kudumid oleksid hooaja\u00fclesed ja kantavad ka aastate p\u00e4rast. As\u00fcmmeetriline kampsun...","protected":false},"author":1,"featured_media":0,"parent":0,"menu_order":0,"comment_status":"closed","ping_status":"closed","template":"","meta":{"_acf_changed":false,"footnotes":""},"class_list":["post-26870","page","type-page","status-publish","hentry"],"acf":[],"aioseo_notices":[],"_links":{"self":[{"href":"https:\/\/alpaka-shop.com\/et\/wp-json\/wp\/v2\/pages\/26870","targetHints":{"allow":["GET"]}}],"collection":[{"href":"https:\/\/alpaka-shop.com\/et\/wp-json\/wp\/v2\/pages"}],"about":[{"href":"https:\/\/alpaka-shop.com\/et\/wp-json\/wp\/v2\/types\/page"}],"author":[{"embeddable":true,"href":"https:\/\/alpaka-shop.com\/et\/wp-json\/wp\/v2\/users\/1"}],"replies":[{"embeddable":true,"href":"https:\/\/alpaka-shop.com\/et\/wp-json\/wp\/v2\/comments?post=26870"}],"version-history":[{"count":0,"href":"https:\/\/alpaka-shop.com\/et\/wp-json\/wp\/v2\/pages\/26870\/revisions"}],"wp:attachment":[{"href":"https:\/\/alpaka-shop.com\/et\/wp-json\/wp\/v2\/media?parent=26870"}],"curies":[{"name":"wp","href":"https:\/\/api.w.org\/{rel}","templated":true}]}}