{"id":4712,"date":"2019-11-25T13:53:45","date_gmt":"2019-11-25T13:53:45","guid":{"rendered":"https:\/\/uus.alpaka-shop.com\/meie-lugu\/"},"modified":"2023-11-10T14:32:10","modified_gmt":"2023-11-10T12:32:10","slug":"meie-lugu","status":"publish","type":"page","link":"https:\/\/alpaka-shop.com\/et\/meie-lugu\/","title":{"rendered":"ALPAKA &#8211; Meie lugu"},"content":{"rendered":"<section class=\"l-section wpb_row height_small\"><div class=\"l-section-h i-cf\"><div class=\"g-cols vc_row via_flex valign_top type_default stacking_default\"><div class=\"vc_col-sm-12 wpb_column vc_column_container\"><div class=\"vc_column-inner\"><div class=\"wpb_wrapper\"><div class=\"wpb_text_column\"><div class=\"wpb_wrapper\"><h1 style=\"text-align: center;\">Meie lugu<\/h1>\n<\/div><\/div><div class=\"w-separator size_medium\"><\/div><div class=\"w-image align_none\"><div class=\"w-image-h\"><img decoding=\"async\" width=\"1200\" height=\"700\" src=\"https:\/\/alpaka-shop.com\/wp-content\/uploads\/2023\/11\/alpaka-alpacas.jpg\" class=\"attachment-full size-full wvs-archive-product-image\" alt=\"\" loading=\"lazy\" srcset=\"https:\/\/alpaka-shop.com\/wp-content\/uploads\/2023\/11\/alpaka-alpacas.jpg 1200w, https:\/\/alpaka-shop.com\/wp-content\/uploads\/2023\/11\/alpaka-alpacas-300x175.jpg 300w, https:\/\/alpaka-shop.com\/wp-content\/uploads\/2023\/11\/alpaka-alpacas-1024x597.jpg 1024w, https:\/\/alpaka-shop.com\/wp-content\/uploads\/2023\/11\/alpaka-alpacas-600x350.jpg 600w, https:\/\/alpaka-shop.com\/wp-content\/uploads\/2023\/11\/alpaka-alpacas-100x58.jpg 100w\" sizes=\"auto, (max-width: 1200px) 100vw, 1200px\" \/><\/div><\/div><div class=\"w-separator size_medium\"><\/div><div class=\"wpb_text_column\"><div class=\"wpb_wrapper\"><div class=\"page\" title=\"Page 1\">\n<div class=\"layoutArea\">\n<div class=\"column\">\n<p style=\"text-align: center;\"><span style=\"font-weight: 400;\">Me saame inspiratsiooni Andide m\u00e4estiku hingematvast ilust, just seal alustab iga meie toode oma teekonda. \u00dchendades selle p\u00e4randi P\u00f5hjamaiste kaasaegsete vaadete ja leidliku disainiga, loome esemeid, mida saate nautida aastaid.<\/span><\/p>\n<\/div>\n<\/div>\n<\/div>\n<\/div><\/div><\/div><\/div><\/div><\/div><\/div><\/section><section class=\"l-section wpb_row height_small\"><div class=\"l-section-h i-cf\"><div class=\"g-cols vc_row via_flex valign_top type_default stacking_default\"><div class=\"vc_col-sm-6 wpb_column vc_column_container\"><div class=\"vc_column-inner\"><div class=\"wpb_wrapper\"><div class=\"w-image align_none\"><div class=\"w-image-h\"><img decoding=\"async\" width=\"1800\" height=\"1200\" src=\"https:\/\/alpaka-shop.com\/wp-content\/uploads\/2023\/11\/love-at-first-touch.jpg\" class=\"attachment-full size-full wvs-archive-product-image\" alt=\"\" loading=\"lazy\" srcset=\"https:\/\/alpaka-shop.com\/wp-content\/uploads\/2023\/11\/love-at-first-touch.jpg 1800w, https:\/\/alpaka-shop.com\/wp-content\/uploads\/2023\/11\/love-at-first-touch-300x200.jpg 300w, https:\/\/alpaka-shop.com\/wp-content\/uploads\/2023\/11\/love-at-first-touch-1024x683.jpg 1024w, https:\/\/alpaka-shop.com\/wp-content\/uploads\/2023\/11\/love-at-first-touch-600x400.jpg 600w, https:\/\/alpaka-shop.com\/wp-content\/uploads\/2023\/11\/love-at-first-touch-100x67.jpg 100w\" sizes=\"auto, (max-width: 1800px) 100vw, 1800px\" \/><\/div><\/div><div class=\"w-separator size_small\"><\/div><div class=\"wpb_text_column\"><div class=\"wpb_wrapper\"><div class=\"page\" title=\"Page 1\">\n<div class=\"layoutArea\">\n<div class=\"column\">\n<h3 style=\"text-align: center;\"><span style=\"color: #cdad84;\"><strong>Armastus esimesest puudutusest<\/strong><\/span><\/h3>\n<\/div>\n<\/div>\n<\/div>\n<\/div><\/div><div class=\"w-separator size_small\"><\/div><div class=\"wpb_text_column\"><div class=\"wpb_wrapper\"><div class=\"page\" title=\"Page 1\">\n<div class=\"layoutArea\">\n<div class=\"column\">\n<p style=\"text-align: center;\">T\u00f6\u00f6tame alpakavillaga, mis on \u00fcks parimaid looduslikke kiude maailmas. Alates hetkest, kui avastasime selle erakordse materjali, tekkis meil s\u00fcgav emotsionaalne side ja meie eesm\u00e4rk sai selgeks. Soovisime tutvustada selle ainulaadse materjali erakordseid omadusi kogu maailmale. Oli selge, et see haruldane kiud vajab esitlemist viisil, mis peegeldab selle v\u00e4\u00e4rtust, ja seet\u00f5ttu on meie disainid loodud p\u00e4ris inimestele, kes elavad p\u00e4ris elu, l\u00e4htudes harmooniast loodusega.<\/p>\n<\/div>\n<\/div>\n<\/div>\n<\/div><\/div><\/div><\/div><\/div><div class=\"vc_col-sm-6 wpb_column vc_column_container\"><div class=\"vc_column-inner\"><div class=\"wpb_wrapper\"><div class=\"w-image align_none\"><div class=\"w-image-h\"><img decoding=\"async\" width=\"1800\" height=\"1200\" src=\"https:\/\/alpaka-shop.com\/wp-content\/uploads\/2023\/11\/ALPAKA-our-mission.jpg\" class=\"attachment-full size-full wvs-archive-product-image\" alt=\"\" loading=\"lazy\" srcset=\"https:\/\/alpaka-shop.com\/wp-content\/uploads\/2023\/11\/ALPAKA-our-mission.jpg 1800w, https:\/\/alpaka-shop.com\/wp-content\/uploads\/2023\/11\/ALPAKA-our-mission-300x200.jpg 300w, https:\/\/alpaka-shop.com\/wp-content\/uploads\/2023\/11\/ALPAKA-our-mission-1024x683.jpg 1024w, https:\/\/alpaka-shop.com\/wp-content\/uploads\/2023\/11\/ALPAKA-our-mission-600x400.jpg 600w, https:\/\/alpaka-shop.com\/wp-content\/uploads\/2023\/11\/ALPAKA-our-mission-100x67.jpg 100w\" sizes=\"auto, (max-width: 1800px) 100vw, 1800px\" \/><\/div><\/div><div class=\"w-separator size_small\"><\/div><div class=\"wpb_text_column\"><div class=\"wpb_wrapper\"><h3 style=\"text-align: center;\"><span style=\"color: #cdad84;\"><strong>Meie missioon<\/strong><\/span><\/h3>\n<\/div><\/div><div class=\"w-separator size_small\"><\/div><div class=\"wpb_text_column\"><div class=\"wpb_wrapper\"><p style=\"text-align: center;\">Meie missiooniks on luua ajatut, klassikalist ja p\u00fcsivat ilu, mis ei ole seotud hooaegade ega moetrendidega. Meid innustab armastus k\u00f5rgekvaliteetsete looduslike materjalide vastu ning soov pakkuda oma klientidele meeli\u00fclendavat pehmust ja soojust, austades samal ajal loomi, inimesi ja keskkonda.<\/p>\n<\/div><\/div><\/div><\/div><\/div><\/div><\/div><\/section><section class=\"l-section wpb_row height_small\"><div class=\"l-section-h i-cf\"><div class=\"g-cols vc_row via_flex valign_top type_default stacking_default\"><div class=\"vc_col-sm-12 wpb_column vc_column_container\"><div class=\"vc_column-inner\"><div class=\"wpb_wrapper\"><div class=\"wpb_text_column\"><div class=\"wpb_wrapper\"><h1 style=\"text-align: center;\"><span style=\"color: #cdad84;\">ALPAKA Asutajad<\/span><\/h1>\n<\/div><\/div><div class=\"w-separator size_small\"><\/div><div class=\"g-cols wpb_row via_flex valign_top type_default stacking_default\"><div class=\"vc_col-sm-4 wpb_column vc_column_container\"><div class=\"vc_column-inner\"><div class=\"wpb_wrapper\"><div class=\"w-image align_none\"><div class=\"w-image-h\"><img decoding=\"async\" width=\"1000\" height=\"750\" src=\"https:\/\/alpaka-shop.com\/wp-content\/uploads\/2023\/11\/Kristjan-.jpg\" class=\"attachment-full size-full wvs-archive-product-image\" alt=\"\" loading=\"lazy\" srcset=\"https:\/\/alpaka-shop.com\/wp-content\/uploads\/2023\/11\/Kristjan-.jpg 1000w, https:\/\/alpaka-shop.com\/wp-content\/uploads\/2023\/11\/Kristjan--300x225.jpg 300w, https:\/\/alpaka-shop.com\/wp-content\/uploads\/2023\/11\/Kristjan--600x450.jpg 600w, https:\/\/alpaka-shop.com\/wp-content\/uploads\/2023\/11\/Kristjan--100x75.jpg 100w\" sizes=\"auto, (max-width: 1000px) 100vw, 1000px\" \/><\/div><\/div><div class=\"w-separator size_small\"><\/div><div class=\"wpb_text_column\"><div class=\"wpb_wrapper\"><h3>Kristjan Sillaots<\/h3>\n<\/div><\/div><div class=\"w-separator size_small\"><\/div><div class=\"wpb_text_column\"><div class=\"wpb_wrapper\"><p><span style=\"font-weight: 400;\">Kristjan Sillaots elab Peruus ja kannab hoolt tootmise eest, et iga ese j\u00f5uaks teieni hoole ja armastusega. Ligi kaks k\u00fcmnendit tagasi ostis Kristjan \u00fcheotsa pileti Peruusse, et \u00f5ppida hispaania keelt. Ta maandus teisel pool maakera missiooniga otsida \u00f5nne ja avastada seda, mis elul pakkuda on. Oma avastusretkel sattus kohalikul k\u00e4sit\u00f6\u00f6 turul tema k\u00e4e alla k\u00e4sitsi valmistatud alpakavillane vaip. See oli midagi ebatavalist ja t\u00f5eliselt pehmet. Elamus, mis inspireeris tema elu missiooni. Ta otsustas alustada ettev\u00f5tte, mille fookus on luua k\u00f5rgkvaliteetseid interj\u00f6\u00f6ri- ja moekollektsioone koos oma lapsep\u00f5lve s\u00f5prade Are Kudeviita ja Peeter Pappeliga. <\/span><\/p>\n<\/div><\/div><\/div><\/div><\/div><div class=\"vc_col-sm-4 wpb_column vc_column_container\"><div class=\"vc_column-inner\"><div class=\"wpb_wrapper\"><div class=\"w-image align_none\"><div class=\"w-image-h\"><img decoding=\"async\" width=\"1000\" height=\"750\" src=\"https:\/\/alpaka-shop.com\/wp-content\/uploads\/2023\/11\/Are.jpg\" class=\"attachment-full size-full wvs-archive-product-image\" alt=\"\" loading=\"lazy\" srcset=\"https:\/\/alpaka-shop.com\/wp-content\/uploads\/2023\/11\/Are.jpg 1000w, https:\/\/alpaka-shop.com\/wp-content\/uploads\/2023\/11\/Are-300x225.jpg 300w, https:\/\/alpaka-shop.com\/wp-content\/uploads\/2023\/11\/Are-600x450.jpg 600w, https:\/\/alpaka-shop.com\/wp-content\/uploads\/2023\/11\/Are-100x75.jpg 100w\" sizes=\"auto, (max-width: 1000px) 100vw, 1000px\" \/><\/div><\/div><div class=\"w-separator size_small\"><\/div><div class=\"wpb_text_column\"><div class=\"wpb_wrapper\"><h3>Are Kudeviita<\/h3>\n<\/div><\/div><div class=\"w-separator size_small\"><\/div><div class=\"wpb_text_column\"><div class=\"wpb_wrapper\"><p><span style=\"font-weight: 400;\">Are Kudeviita on mees s\u00f5nade \u2018\u2019 K\u00f5ige soojemate emotsioonidega \u2018\u2019 taga &#8211; kontseptsioon, mis andis ALPAKA br\u00e4ndile s\u00fcdame ja hinge. Tema jaoks v\u00f5tsid need s\u00f5nad kokku selle, mida ALPAKA tooted pakuvad. Sarnaselt Kristjaniga armus ta sellesse erilisse materjali juba esimesest puudutusest. M\u00f5istnud materjali v\u00e4\u00e4rtust ja potensiaali, alustas Kristjan kohalike k\u00e4sit\u00f6\u00f6toodete eksporti Eestisse, kus Are pidas v\u00e4ikest poodi, millest kujunes ALPAKA br\u00e4ndi eelk\u00e4ija. Are tegutseb M\u00fc\u00fcgi- ja partnersuhete juhina ja on v\u00f5tnud oma s\u00fcdameasjaks jagada alpakavilla v\u00f5rreldamatut ilu ja mugavust meie klientidega. <\/span><\/p>\n<\/div><\/div><\/div><\/div><\/div><div class=\"vc_col-sm-4 wpb_column vc_column_container\"><div class=\"vc_column-inner\"><div class=\"wpb_wrapper\"><div class=\"w-image align_none\"><div class=\"w-image-h\"><img decoding=\"async\" width=\"1000\" height=\"750\" src=\"https:\/\/alpaka-shop.com\/wp-content\/uploads\/2023\/11\/Peeter.jpg\" class=\"attachment-full size-full wvs-archive-product-image\" alt=\"\" loading=\"lazy\" srcset=\"https:\/\/alpaka-shop.com\/wp-content\/uploads\/2023\/11\/Peeter.jpg 1000w, https:\/\/alpaka-shop.com\/wp-content\/uploads\/2023\/11\/Peeter-300x225.jpg 300w, https:\/\/alpaka-shop.com\/wp-content\/uploads\/2023\/11\/Peeter-600x450.jpg 600w, https:\/\/alpaka-shop.com\/wp-content\/uploads\/2023\/11\/Peeter-100x75.jpg 100w\" sizes=\"auto, (max-width: 1000px) 100vw, 1000px\" \/><\/div><\/div><div class=\"w-separator size_small\"><\/div><div class=\"wpb_text_column\"><div class=\"wpb_wrapper\"><h3>Peeter Pappel<\/h3>\n<\/div><\/div><div class=\"w-separator size_small\"><\/div><div class=\"wpb_text_column\"><div class=\"wpb_wrapper\"><p><span style=\"font-weight: 400;\">Peeter Pappel juhib ettev\u00f5tte Eesti poolt. Peeter liitus ettev\u00f5ttega 2007. aastal ja juba aasta hiljem n\u00e4gi ilmavalgust ALPAKA. Ta v\u00f5ttis k\u00e4sile firma rahvusvahelistele turgudele viimise. Enterprise Estonia toega sai br\u00e4nd oma teisele messile ja v\u00e4\u00e4rikaid kliente koguma &#8211; kaubamajad, poed, disainerid ja jaekliendid. Avanesid suured turud nagu Prantsusmaa, Saksamaa ja Jaapan, mis v\u00f5imaldas alustada jaem\u00fc\u00fcki. <\/span><span style=\"font-weight: 400;\">T\u00e4na, Peeteri kindla juhtimise all, on ALPAKA kujunenud edukaks elustiili br\u00e4ndiks, opereerides f\u00fc\u00fcsilisi poode Euroopas ja Kanadas ning sihikul on USA turg.<\/span><\/p>\n<\/div><\/div><\/div><\/div><\/div><\/div><\/div><\/div><\/div><\/div><\/div><\/section><section class=\"l-section wpb_row height_small\"><div class=\"l-section-h i-cf\"><div class=\"g-cols vc_row via_flex valign_top type_default stacking_default\"><div class=\"vc_col-sm-12 wpb_column vc_column_container\"><div class=\"vc_column-inner\"><div class=\"wpb_wrapper\"><div class=\"wpb_text_column\"><div class=\"wpb_wrapper\"><h1 style=\"text-align: center;\"><span style=\"color: #cdad84;\">Tutvu disaineriga<\/span><\/h1>\n<\/div><\/div><div class=\"w-separator size_small\"><\/div><div class=\"g-cols wpb_row via_flex valign_top type_default stacking_default\"><div class=\"vc_col-sm-6 wpb_column vc_column_container\"><div class=\"vc_column-inner\"><div class=\"wpb_wrapper\"><div class=\"w-image align_none\"><div class=\"w-image-h\"><img decoding=\"async\" width=\"1400\" height=\"730\" src=\"https:\/\/alpaka-shop.com\/wp-content\/uploads\/2023\/11\/ALPAKA-BLOG_DESIGNER_-1400x730-1.jpg\" class=\"attachment-full size-full wvs-archive-product-image\" alt=\"\" loading=\"lazy\" srcset=\"https:\/\/alpaka-shop.com\/wp-content\/uploads\/2023\/11\/ALPAKA-BLOG_DESIGNER_-1400x730-1.jpg 1400w, https:\/\/alpaka-shop.com\/wp-content\/uploads\/2023\/11\/ALPAKA-BLOG_DESIGNER_-1400x730-1-300x156.jpg 300w, https:\/\/alpaka-shop.com\/wp-content\/uploads\/2023\/11\/ALPAKA-BLOG_DESIGNER_-1400x730-1-1024x534.jpg 1024w, https:\/\/alpaka-shop.com\/wp-content\/uploads\/2023\/11\/ALPAKA-BLOG_DESIGNER_-1400x730-1-600x313.jpg 600w, https:\/\/alpaka-shop.com\/wp-content\/uploads\/2023\/11\/ALPAKA-BLOG_DESIGNER_-1400x730-1-100x52.jpg 100w\" sizes=\"auto, (max-width: 1400px) 100vw, 1400px\" \/><\/div><\/div><\/div><\/div><\/div><div class=\"vc_col-sm-6 wpb_column vc_column_container\"><div class=\"vc_column-inner\"><div class=\"wpb_wrapper\"><div class=\"w-separator size_small\"><\/div><div class=\"wpb_text_column\"><div class=\"wpb_wrapper\"><h3>Anni Ilves<\/h3>\n<\/div><\/div><div class=\"w-separator size_small\"><\/div><div class=\"wpb_text_column\"><div class=\"wpb_wrapper\"><p><span style=\"font-weight: 400;\">Anni Ilves liitus br\u00e4ndiga 2016. aastal ja keskendub oma disainides t\u00f5eliselt vajalikele esemetele, mis sulanduksid vaevata teie garderoobi, et muuta hommikune riietumine lihtsaks ja rahulikuks rituaaliks. Ta on t\u00e4nulik, et tema disainiteekond t\u00f5i ta kudumiteni, kuna see pakub vabadust katsetada erinevate vormide ja tekstuuridega ning mis k\u00f5ige t\u00e4htsam, v\u00f5imaldab disainida v\u00e4hemate j\u00e4\u00e4kidega. Ta v\u00f5ttis omaks\u00a0 vaikse luksuse l\u00e4henemise, tulenedes materjalide rikkusest ja kvaliteedist, loob see emotsionaalse sideme kandjaga. Tema j\u00e4rgmine eesm\u00e4rk ALPAKAs on muuta br\u00e4nd v\u00f5imalikult j\u00e4tkusuutlikuks, r\u00f5hutades selgelt seda ainulaadset materjali ja lastes sel s\u00e4rada oma puhtaimas vormis.<\/span><\/p>\n<\/div><\/div><\/div><\/div><\/div><\/div><\/div><\/div><\/div><\/div><\/div><\/section>\n","protected":false},"excerpt":{"rendered":"Meie lugu Me saame inspiratsiooni Andide m\u00e4estiku hingematvast ilust, just seal alustab iga meie toode oma teekonda. \u00dchendades selle p\u00e4randi P\u00f5hjamaiste kaasaegsete vaadete ja leidliku disainiga, loome esemeid, mida saate nautida aastaid. Armastus esimesest puudutusest T\u00f6\u00f6tame alpakavillaga, mis on \u00fcks parimaid looduslikke kiude maailmas. Alates hetkest, kui avastasime selle erakordse materjali, tekkis meil s\u00fcgav emotsionaalne...","protected":false},"author":1,"featured_media":0,"parent":0,"menu_order":0,"comment_status":"closed","ping_status":"closed","template":"","meta":{"_acf_changed":false,"footnotes":""},"class_list":["post-4712","page","type-page","status-publish","hentry"],"acf":[],"aioseo_notices":[],"_links":{"self":[{"href":"https:\/\/alpaka-shop.com\/et\/wp-json\/wp\/v2\/pages\/4712","targetHints":{"allow":["GET"]}}],"collection":[{"href":"https:\/\/alpaka-shop.com\/et\/wp-json\/wp\/v2\/pages"}],"about":[{"href":"https:\/\/alpaka-shop.com\/et\/wp-json\/wp\/v2\/types\/page"}],"author":[{"embeddable":true,"href":"https:\/\/alpaka-shop.com\/et\/wp-json\/wp\/v2\/users\/1"}],"replies":[{"embeddable":true,"href":"https:\/\/alpaka-shop.com\/et\/wp-json\/wp\/v2\/comments?post=4712"}],"version-history":[{"count":0,"href":"https:\/\/alpaka-shop.com\/et\/wp-json\/wp\/v2\/pages\/4712\/revisions"}],"wp:attachment":[{"href":"https:\/\/alpaka-shop.com\/et\/wp-json\/wp\/v2\/media?parent=4712"}],"curies":[{"name":"wp","href":"https:\/\/api.w.org\/{rel}","templated":true}]}}