{"id":47316,"date":"2022-12-13T12:29:59","date_gmt":"2022-12-13T10:29:59","guid":{"rendered":"https:\/\/alpaka-shop.com\/privaatsuspoliitika\/"},"modified":"2022-12-13T12:31:09","modified_gmt":"2022-12-13T10:31:09","slug":"privaatsuspoliitika","status":"publish","type":"page","link":"https:\/\/alpaka-shop.com\/et\/privaatsuspoliitika\/","title":{"rendered":"Privaatsuspoliitika"},"content":{"rendered":"<section class=\"l-section wpb_row content-page-header height_small\"><div class=\"l-section-h i-cf\"><div class=\"g-cols vc_row via_flex valign_top type_default stacking_default\"><div class=\"vc_col-sm-12 wpb_column vc_column_container\"><div class=\"vc_column-inner\"><div class=\"wpb_wrapper\"><div class=\"wpb_text_column\"><div class=\"wpb_wrapper\"><h1 style=\"text-align: center;\">Privaatsuspoliitika<\/h1>\n<\/div><\/div><\/div><\/div><\/div><\/div><\/div><\/section><section class=\"l-section wpb_row height_small\"><div class=\"l-section-h i-cf\"><div class=\"g-cols vc_row via_flex valign_top type_default stacking_default\"><div class=\"vc_col-sm-12 wpb_column vc_column_container\"><div class=\"vc_column-inner\"><div class=\"wpb_wrapper\"><div class=\"wpb_text_column content-page-text-block\"><div class=\"wpb_wrapper\"><h3>1. \u00dcLDS\u00c4TTED<\/h3>\n<p><span style=\"font-weight: 400; font-size: 16px;\">1.1. K\u00e4esolev privaatsuspoliitika reguleerib isikuandmete kogumist, t\u00f6\u00f6tlemist ja s\u00e4ilitamist k\u00e4sitlevaid p\u00f5him\u00f5tteid. Isikuandmeid kogub t\u00f6\u00f6tleb ja s\u00e4ilitab isikuandmete vastutav t\u00f6\u00f6tleja DECORETER O\u00dc (edaspidi andmet\u00f6\u00f6tleja).<\/span><\/p>\n<p><span style=\"font-weight: 400;\">1.2. Andmesubjekt privaatsuspoliitika t\u00e4henduses on klient v\u00f5i muu f\u00fc\u00fcsiline isik, kelle isikuandmeid andmet\u00f6\u00f6tleja t\u00f6\u00f6tleb.<\/span><\/p>\n<p><span style=\"font-weight: 400;\">1.3. Klient privaatsuspoliitika t\u00e4henduses on iga\u00fcks, kes ostab andmet\u00f6\u00f6tleja kodulehelt kaupu v\u00f5i teenuseid.<\/span><\/p>\n<p><span style=\"font-weight: 400;\">1.4. Andmet\u00f6\u00f6tleja j\u00e4rgib \u00f5igusaktides s\u00e4testatud andmete t\u00f6\u00f6tlemise p\u00f5him\u00f5tteid, muuhulgas t\u00f6\u00f6tleb andmet\u00f6\u00f6tleja isikuandmeid seaduslikult, \u00f5iglaselt ja turvaliselt. Andmet\u00f6\u00f6tleja on v\u00f5imeline kinnitama, et isikuandmeid on t\u00f6\u00f6deldud vastavalt \u00f5igusaktides s\u00e4testatule. <\/span><\/p>\n<h3><span style=\"font-weight: 400;\">2.<\/span>ISIKUANDMETE KOGUMINE, T\u00d6\u00d6TLEMINE JA S\u00c4ILITAMINE<\/h3>\n<p><span style=\"font-weight: 400;\">2.1. Isikuandmed, mida andmet\u00f6\u00f6tleja kogub, t\u00f6\u00f6tleb ja s\u00e4ilitab, on kogutud elektrooniliselt, peamiselt kodulehe ja e-posti vahendusel.<\/span><\/p>\n<p><span style=\"font-weight: 400;\">2.2. Oma isikuandmete jagamisega annab andmesubjekt andmet\u00f6\u00f6tlejale \u00f5iguse koguda, korraldada, kasutada ja hallata privaatsuspoliitikas m\u00e4\u00e4ratletud eesm\u00e4rgil isikuandmeid, mida andmesubjekt otse v\u00f5i kaudselt kodulehel kaupu v\u00f5i teenuseid ostes andmet\u00f6\u00f6tlejale jagab.<\/span><\/p>\n<p><span style=\"font-weight: 400;\">2.3. Andmesubjekt vastutab selle eest, et tema poolt esitatud andmed oleksid t\u00e4psed, \u00f5iged ja terviklikud. Teadlikult valeandmete esitamist peetakse privaatsuspoliitika rikkumiseks. Andmesubjekt on kohustatud andmet\u00f6\u00f6tlejat viivitamatult teavitama esitatud andmete muutumisest.<\/span><\/p>\n<p><span style=\"font-weight: 400;\">2.4. Andmet\u00f6\u00f6tleja ei vastuta andmesubjekti poolt valeandmete esitamisest p\u00f5hjustatud kahju eest andmesubjektile v\u00f5i kolmandatele osapooltele.<\/span><\/p>\n<h3>3. KLIENTIDE ISIKUANDMETE T\u00d6\u00d6TLEMINE<\/h3>\n<p>3.1. Andmet\u00f6\u00f6tleja v\u00f5ib t\u00f6\u00f6delda j\u00e4rgnevaid andmesubjekti isikuandmeid:<\/p>\n<p><span style=\"font-weight: 400;\">3.1.1. Ees- ja perekonnanimi;<\/span><\/p>\n<p><span style=\"font-weight: 400;\">3.1.2. S\u00fcnnikuup\u00e4ev;<\/span><\/p>\n<p><span style=\"font-weight: 400;\">3.1.3. Telefoninumber;<\/span><\/p>\n<p><span style=\"font-weight: 400;\">3.1.4. E-posti aadress;<\/span><\/p>\n<p><span style=\"font-weight: 400;\">3.1.5. Kohaletoimetamise aadress;<\/span><\/p>\n<p><span style=\"font-weight: 400;\">3.1.6. Arvelduskonto number;<\/span><\/p>\n<p><span style=\"font-weight: 400;\">3.1.7. Maksekaardi detailid;<\/span><\/p>\n<p><span style=\"font-weight: 400;\">3.2. Lisaks eeltoodule on andmet\u00f6\u00f6tlejal \u00f5igus koguda kliendi kohta andmeid, mis on k\u00e4ttesaadavad avalikes registrites.<\/span><\/p>\n<p><span style=\"font-weight: 400;\">3.3. Isikuandmete t\u00f6\u00f6tlemise \u00f5iguslik alus on isikuandmete kaitse \u00fcldm\u00e4\u00e4ruse paragrahv 6 lg 1 p-d a), b), c) ja f):<\/span><\/p>\n<ol>\n<li><span style=\"font-weight: 400;\">a) andmesubjekt on andnud n\u00f5usoleku t\u00f6\u00f6delda oma isikuandmeid \u00fchel v\u00f5i mitmel konkreetsel eesm\u00e4rgil;<\/span><\/li>\n<li><span style=\"font-weight: 400;\">b) isikuandmete t\u00f6\u00f6tlemine on vajalik andmesubjekti osalusel s\u00f5lmitud lepingu t\u00e4itmiseks v\u00f5i lepingu s\u00f5lmimisele eelnevate meetmete v\u00f5tmiseks vastavalt andmesubjekti taotlusele;<\/span><\/li>\n<li><span style=\"font-weight: 400;\">c) isikuandmete t\u00f6\u00f6tlemine on vajalik vastutava t\u00f6\u00f6tleja juriidilise kohustuse t\u00e4itmiseks;<\/span><\/li>\n<li><span style=\"font-weight: 400;\">f) isikuandmete t\u00f6\u00f6tlemine on vajalik vastutava t\u00f6\u00f6tleja v\u00f5i kolmanda isiku \u00f5igustatud huvi korral, v\u00e4lja arvatud juhul, kui sellise huvi kaaluvad \u00fcles andmesubjekti huvid v\u00f5i p\u00f5hi\u00f5igused ja -vabadused, mille nimel tuleb kaitsta isikuandmeid, eriti juhul kui andmesubjekt on laps.<\/span><\/li>\n<\/ol>\n<p><span style=\"font-weight: 400;\">3.4. Isikuandmete t\u00f6\u00f6tlemine vastavalt t\u00f6\u00f6tlemise eesm\u00e4rgile:<\/span><\/p>\n<p><span style=\"font-weight: 400;\">3.4.1. T\u00f6\u00f6tlemise eesm\u00e4rk \u2013 julgeolek ja turvalisus<\/span><\/p>\n<p><span style=\"font-weight: 400;\">Isikuandmete s\u00e4ilitamise maksimaalne aeg \u2013 vastavalt seaduses nimetatud t\u00e4htaegadele<\/span><\/p>\n<p><span style=\"font-weight: 400;\">3.4.2. T\u00f6\u00f6tlemise eesm\u00e4rk \u2013 tellimuse t\u00f6\u00f6tlemine<\/span><\/p>\n<p><span style=\"font-weight: 400;\">Isikuandmete s\u00e4ilitamise maksimaalne aeg \u2013<\/span><span style=\"font-weight: 400;\"> vajadusp\u00f5hiselt relevantsuse alusel, \u00fcldiselt mitte kauem kui 36 kuud.\u00a0<\/span><\/p>\n<p><span style=\"font-weight: 400;\">3.4.3. T\u00f6\u00f6tlemise eesm\u00e4rk \u2013 e-poe teenuste toimimise tagamine<\/span><\/p>\n<p><span style=\"font-weight: 400;\">Isikuandmete s\u00e4ilitamise maksimaalne aeg \u2013 <\/span><span style=\"font-weight: 400;\">vajadusp\u00f5hiselt relevantsuse alusel, \u00fcldiselt mitte kauem kui 36 kuud.\u00a0<\/span><\/p>\n<p><span style=\"font-weight: 400;\">3.4.4. T\u00f6\u00f6tlemise eesm\u00e4rk \u2013 kliendihaldus<\/span><\/p>\n<p><span style=\"font-weight: 400;\">Isikuandmete s\u00e4ilitamise maksimaalne aeg \u2013<\/span><span style=\"font-weight: 400;\"> vajadusp\u00f5hiselt relevantsuse alusel, \u00fcldiselt mitte kauem kui 36 kuud.\u00a0<\/span><\/p>\n<p><span style=\"font-weight: 400;\">3.4.5. T\u00f6\u00f6tlemise eesm\u00e4rk \u2013 finantstegevus, raamatupidamine<\/span><\/p>\n<p><span style=\"font-weight: 400;\">Isikuandmete s\u00e4ilitamise maksimaalne aeg \u2013 vastavalt seaduses nimetatud t\u00e4htaegadele<\/span><\/p>\n<p><span style=\"font-weight: 400;\">3.4.6. T\u00f6\u00f6tlemise eesm\u00e4rk \u2013 turundus<\/span><\/p>\n<p><span style=\"font-weight: 400;\">Isikuandmete s\u00e4ilitamise maksimaalne aeg \u2013 <\/span><span style=\"font-weight: 400;\">vajadusp\u00f5hiselt relevantsuse alusel, \u00fcldiselt mitte kauem kui 36 kuud.\u00a0<\/span><\/p>\n<p><span style=\"font-weight: 400;\">3.5. Andmet\u00f6\u00f6tlejal on \u00f5igus klientide isikuandmeid jagada kolmandate isikutega, kelleks on n\u00e4iteks volitatud andmet\u00f6\u00f6tlejad, raamatupidajad, transpordi- ja kullerettev\u00f5tted, \u00fclekandeteenuseid pakkuvad ettev\u00f5tted Andmet\u00f6\u00f6tleja on isikuandmete vastutav t\u00f6\u00f6tleja. Andmet\u00f6\u00f6tleja edastab maksete teostamiseks vajalikud isikuandmed volitatud t\u00f6\u00f6tleja Maksekeskus AS-ile.<\/span><\/p>\n<p><span style=\"font-weight: 400;\">3.6. Andmesubjekti isikuandmete t\u00f6\u00f6tlemisel ja s\u00e4ilitamisel rakendab andmet\u00f6\u00f6tleja organisatoorseid ja tehnilisi meetmeid, mis tagavad isikuandmete kaitse juhusliku v\u00f5i ebaseadusliku h\u00e4vitamise, muutmise, avalikustamise ja mis tahes muu ebaseadusliku t\u00f6\u00f6tlemise eest.<\/span><\/p>\n<p><span style=\"font-weight: 400;\">3.7. Andmet\u00f6\u00f6tleja s\u00e4ilitab andmesubjektide andmeid s\u00f5ltuvalt t\u00f6\u00f6tlemise eesm\u00e4rgist, kuid mitte kauem kui <\/span><span style=\"font-weight: 400;\">3<\/span><span style=\"font-weight: 400;\"> aastat.<\/span><\/p>\n<h3>4. ANDMESUBJEKTI \u00d5IGUSED<\/h3>\n<p><span style=\"font-weight: 400;\">4.1. Andmesubjektil on \u00f5igus saada ligip\u00e4\u00e4s oma isikuandmetele ning nendega tutvuda.<\/span><\/p>\n<p><span style=\"font-weight: 400;\">4.2. Andmesubjektil on \u00f5igus saada informatsiooni tema isikuandmete t\u00f6\u00f6tlemise kohta.<\/span><\/p>\n<p><span style=\"font-weight: 400;\">4.3. Andmesubjektil on \u00f5igus t\u00e4iendada v\u00f5i parandada ebat\u00e4pseid andmeid.<\/span><\/p>\n<p><span style=\"font-weight: 400;\">4.4. Kui andmet\u00f6\u00f6tleja t\u00f6\u00f6tleb andmesubjekti isikuandmeid andmesubjekti n\u00f5usoleku alusel, siis on andmesubjektil \u00f5igus igal ajal n\u00f5usolek tagasi v\u00f5tta.<\/span><\/p>\n<p><span style=\"font-weight: 400;\">4.5. Andmesubjekt saab \u00f5iguste teostamiseks p\u00f6\u00f6rduda e-poe klienditoe poole aadressil <\/span><span style=\"font-weight: 400;\">info@alpaka.ee<\/span><span style=\"font-weight: 400;\"> .<\/span><\/p>\n<p><span style=\"font-weight: 400;\">4.6. Andmesubjektil on oma \u00f5iguste kaitseks v\u00f5imalik esitada kaebus Andmekaitse Inspektsioonile.<\/span><\/p>\n<h3><strong>5. L\u00d5PPS\u00c4TTED<\/strong><\/h3>\n<p><span style=\"font-weight: 400;\">5.1. K\u00e4esolevad andmekaitsetingimused on koostatud koosk\u00f5las Euroopa Parlamendi ja n\u00f5ukogu m\u00e4\u00e4rusega (EL) nr 2016\/679 f\u00fc\u00fcsiliste isikute kaitse kohta isikuandmete t\u00f6\u00f6tlemisel ja selliste andmete vaba liikumise ning direktiivi 95\/46 \/ E\u00dc kehtetuks tunnistamise kohta \/ E\u00dc (isikuandmete kaitse \u00fcldm\u00e4\u00e4rus), Eesti Vabariigi isikuandmete kaitse seadusega ning Eesti Vabariigi ja Euroopa Liidu \u00f5igusaktidega.<\/span><\/p>\n<p><span style=\"font-weight: 400;\">5.2. Andmet\u00f6\u00f6tlejal on \u00f5igus andmekaitsetingimusi osaliselt v\u00f5i t\u00e4ielikult muuta, teavitades andmesubjekte muudatustest kodulehe <\/span><a href=\"https:\/\/alpaka-shop.com\/et\"><span style=\"font-weight: 400;\">www.alpaka-shop.com\/et<\/span><\/a><span style=\"font-weight: 400;\">\u00a0 <\/span><span style=\"font-weight: 400;\">kaudu.<\/span><\/p>\n<p>&nbsp;<\/p>\n<\/div><\/div><\/div><\/div><\/div><\/div><\/div><\/section>\n","protected":false},"excerpt":{"rendered":"Privaatsuspoliitika 1. \u00dcLDS\u00c4TTED 1.1. K\u00e4esolev privaatsuspoliitika reguleerib isikuandmete kogumist, t\u00f6\u00f6tlemist ja s\u00e4ilitamist k\u00e4sitlevaid p\u00f5him\u00f5tteid. Isikuandmeid kogub t\u00f6\u00f6tleb ja s\u00e4ilitab isikuandmete vastutav t\u00f6\u00f6tleja DECORETER O\u00dc (edaspidi andmet\u00f6\u00f6tleja). 1.2. Andmesubjekt privaatsuspoliitika t\u00e4henduses on klient v\u00f5i muu f\u00fc\u00fcsiline isik, kelle isikuandmeid andmet\u00f6\u00f6tleja t\u00f6\u00f6tleb. 1.3. Klient privaatsuspoliitika t\u00e4henduses on iga\u00fcks, kes ostab andmet\u00f6\u00f6tleja kodulehelt kaupu v\u00f5i teenuseid. 1.4. Andmet\u00f6\u00f6tleja...","protected":false},"author":1,"featured_media":0,"parent":0,"menu_order":0,"comment_status":"closed","ping_status":"closed","template":"","meta":{"_acf_changed":false,"footnotes":""},"class_list":["post-47316","page","type-page","status-publish","hentry"],"acf":[],"aioseo_notices":[],"_links":{"self":[{"href":"https:\/\/alpaka-shop.com\/et\/wp-json\/wp\/v2\/pages\/47316","targetHints":{"allow":["GET"]}}],"collection":[{"href":"https:\/\/alpaka-shop.com\/et\/wp-json\/wp\/v2\/pages"}],"about":[{"href":"https:\/\/alpaka-shop.com\/et\/wp-json\/wp\/v2\/types\/page"}],"author":[{"embeddable":true,"href":"https:\/\/alpaka-shop.com\/et\/wp-json\/wp\/v2\/users\/1"}],"replies":[{"embeddable":true,"href":"https:\/\/alpaka-shop.com\/et\/wp-json\/wp\/v2\/comments?post=47316"}],"version-history":[{"count":0,"href":"https:\/\/alpaka-shop.com\/et\/wp-json\/wp\/v2\/pages\/47316\/revisions"}],"wp:attachment":[{"href":"https:\/\/alpaka-shop.com\/et\/wp-json\/wp\/v2\/media?parent=47316"}],"curies":[{"name":"wp","href":"https:\/\/api.w.org\/{rel}","templated":true}]}}