{"id":4735,"date":"2019-11-25T14:25:04","date_gmt":"2019-11-25T14:25:04","guid":{"rendered":"https:\/\/uus.alpaka-shop.com\/alpakadest\/"},"modified":"2020-07-11T10:13:09","modified_gmt":"2020-07-11T10:13:09","slug":"alpakadest","status":"publish","type":"page","link":"https:\/\/alpaka-shop.com\/et\/alpakadest\/","title":{"rendered":"Alpakadest"},"content":{"rendered":"<section class=\"l-section wpb_row height_small\"><div class=\"l-section-h i-cf\"><div class=\"g-cols vc_row via_flex valign_top type_default stacking_default\"><div class=\"vc_col-sm-12 wpb_column vc_column_container\"><div class=\"vc_column-inner\"><div class=\"wpb_wrapper\"><div class=\"wpb_text_column story-text-container\"><div class=\"wpb_wrapper\"><h1 style=\"text-align: center;\">Kes on alpakad?<\/h1>\n<\/div><\/div><div class=\"w-image story-picture-container align_none\"><div class=\"w-image-h\"><img decoding=\"async\" width=\"1600\" height=\"888\" src=\"https:\/\/alpaka-shop.com\/wp-content\/uploads\/2020\/03\/Why-Alpaka.jpg\" class=\"attachment-full size-full wvs-archive-product-image\" alt=\"\" loading=\"lazy\" srcset=\"https:\/\/alpaka-shop.com\/wp-content\/uploads\/2020\/03\/Why-Alpaka.jpg 1600w, https:\/\/alpaka-shop.com\/wp-content\/uploads\/2020\/03\/Why-Alpaka-300x167.jpg 300w, https:\/\/alpaka-shop.com\/wp-content\/uploads\/2020\/03\/Why-Alpaka-600x333.jpg 600w, https:\/\/alpaka-shop.com\/wp-content\/uploads\/2020\/03\/Why-Alpaka-1024x568.jpg 1024w, https:\/\/alpaka-shop.com\/wp-content\/uploads\/2020\/03\/Why-Alpaka-1536x852.jpg 1536w\" sizes=\"auto, (max-width: 1600px) 100vw, 1600px\" \/><\/div><\/div><\/div><\/div><\/div><\/div><\/div><\/section><section class=\"l-section wpb_row height_small\"><div class=\"l-section-h i-cf\"><div class=\"g-cols vc_row via_flex valign_top type_default stacking_default\"><div class=\"vc_col-sm-12 wpb_column vc_column_container\"><div class=\"vc_column-inner\"><div class=\"wpb_wrapper\"><div class=\"wpb_text_column content-page-text-block\"><div class=\"wpb_wrapper\"><h2>Alpakadest<\/h2>\n<p>Alpakad on L\u00f5una-Ameerika kaamellased, kes p\u00e4rinevad Peruu k\u00f5rgm\u00e4estikest. Tuhandeid aastaid tagasi kodustatud alpakade vill ja nahk olid k\u00f5rgelt hinnatud materjalid juba inkade kultuuris. Alpakade karvkatte on muutnud eriti soojapidavaks ja hinnaliseks loomakeste elukohas, 3500-5000 m k\u00f5rgusel Andide m\u00e4gedes \u00f6\u00f6p\u00e4eva jooksul pea 40 kraadi k\u00f5ikuv \u00f5hutemperatuur ja karm kliima.<\/p>\n<\/div><\/div><\/div><\/div><\/div><\/div><\/div><\/section><section class=\"l-section wpb_row height_small\"><div class=\"l-section-h i-cf\"><div class=\"g-cols vc_row via_flex valign_top type_default stacking_default\"><div class=\"vc_col-sm-12 wpb_column vc_column_container\"><div class=\"vc_column-inner\"><div class=\"wpb_wrapper\"><div class=\"wpb_text_column us_custom_f61e63ba content-page-custom-heading\"><div class=\"wpb_wrapper\"><h2 style=\"text-align: center;\">ALPAKAVILLA ERAKORDSED<br \/>\nOMADUSED<\/h2>\n<\/div><\/div><div class=\"g-cols wpb_row content-page-img-grid via_flex valign_middle type_default stacking_default\"><div class=\"vc_col-sm-6 wpb_column vc_column_container\"><div class=\"vc_column-inner\"><div class=\"wpb_wrapper\"><div class=\"w-image align_none\"><div class=\"w-image-h\"><img decoding=\"async\" width=\"584\" height=\"436\" src=\"https:\/\/alpaka-shop.com\/wp-content\/uploads\/2019\/07\/alpaka-wool.jpg\" class=\"attachment-full size-full wvs-archive-product-image\" alt=\"\" loading=\"lazy\" srcset=\"https:\/\/alpaka-shop.com\/wp-content\/uploads\/2019\/07\/alpaka-wool.jpg 584w, https:\/\/alpaka-shop.com\/wp-content\/uploads\/2019\/07\/alpaka-wool-300x224.jpg 300w\" sizes=\"auto, (max-width: 584px) 100vw, 584px\" \/><\/div><\/div><\/div><\/div><\/div><div class=\"vc_col-sm-6 wpb_column vc_column_container\"><div class=\"vc_column-inner\"><div class=\"wpb_wrapper\"><div class=\"wpb_text_column alpaka-custom-list-style\"><div class=\"wpb_wrapper\"><h2>Eriliselt sile ja siidine karv annab alpakavillale \u00e4\u00e4retu pehmuse ning soojapidavuse<\/h2>\n<ul>\n<li>kuni 7 korda soojem kui lambavill<\/li>\n<li>erakordselt tugev ja vastupidav<\/li>\n<li>\u00fclih\u00e4sti hingav ja kerge<\/li>\n<li>looduslikult s\u00e4rav l\u00e4ige<\/li>\n<\/ul>\n<\/div><\/div><\/div><\/div><\/div><\/div><div class=\"w-separator size_custom\" style=\"height:60px\"><\/div><div class=\"g-cols wpb_row us_custom_386b9a27 content-page-img-grid via_flex valign_middle type_default reversed stacking_default\"><div class=\"vc_col-sm-6 wpb_column vc_column_container\"><div class=\"vc_column-inner\"><div class=\"wpb_wrapper\"><div class=\"wpb_text_column alpaka-custom-list-style\"><div class=\"wpb_wrapper\"><h2>Erakordselt pehme ja siidine nagu ka\u0161miir<\/h2>\n<ul>\n<li>mittes\u00fcttiv<\/li>\n<li>ei muutu kergelt topiliseks<\/li>\n<li>naha vastu hell ega torgi<\/li>\n<li>looduslikult allergiavaba &#8211; ei sisalda lanoliini<\/li>\n<li>vett ja mustust h\u00fclgav<\/li>\n<li>v\u00e4ga v\u00e4ikese \u00f6koloogilise jalaj\u00e4ljega<\/li>\n<li>kerge hooldada<\/li>\n<\/ul>\n<\/div><\/div><\/div><\/div><\/div><div class=\"vc_col-sm-6 wpb_column vc_column_container\"><div class=\"vc_column-inner\"><div class=\"wpb_wrapper\"><div class=\"w-image align_none\"><div class=\"w-image-h\"><img decoding=\"async\" width=\"585\" height=\"436\" src=\"https:\/\/alpaka-shop.com\/wp-content\/uploads\/2019\/07\/soft-alpaka-wool.jpg\" class=\"attachment-full size-full wvs-archive-product-image\" alt=\"\" loading=\"lazy\" srcset=\"https:\/\/alpaka-shop.com\/wp-content\/uploads\/2019\/07\/soft-alpaka-wool.jpg 585w, https:\/\/alpaka-shop.com\/wp-content\/uploads\/2019\/07\/soft-alpaka-wool-300x224.jpg 300w\" sizes=\"auto, (max-width: 585px) 100vw, 585px\" \/><\/div><\/div><\/div><\/div><\/div><\/div><\/div><\/div><\/div><\/div><\/div><\/section>\n","protected":false},"excerpt":{"rendered":"Kes on alpakad? Alpakadest Alpakad on L\u00f5una-Ameerika kaamellased, kes p\u00e4rinevad Peruu k\u00f5rgm\u00e4estikest. Tuhandeid aastaid tagasi kodustatud alpakade vill ja nahk olid k\u00f5rgelt hinnatud materjalid juba inkade kultuuris. Alpakade karvkatte on muutnud eriti soojapidavaks ja hinnaliseks loomakeste elukohas, 3500-5000 m k\u00f5rgusel Andide m\u00e4gedes \u00f6\u00f6p\u00e4eva jooksul pea 40 kraadi k\u00f5ikuv \u00f5hutemperatuur ja karm kliima. ALPAKAVILLA ERAKORDSED OMADUSED...","protected":false},"author":1,"featured_media":0,"parent":0,"menu_order":0,"comment_status":"closed","ping_status":"closed","template":"","meta":{"_acf_changed":false,"footnotes":""},"class_list":["post-4735","page","type-page","status-publish","hentry"],"acf":[],"aioseo_notices":[],"_links":{"self":[{"href":"https:\/\/alpaka-shop.com\/et\/wp-json\/wp\/v2\/pages\/4735","targetHints":{"allow":["GET"]}}],"collection":[{"href":"https:\/\/alpaka-shop.com\/et\/wp-json\/wp\/v2\/pages"}],"about":[{"href":"https:\/\/alpaka-shop.com\/et\/wp-json\/wp\/v2\/types\/page"}],"author":[{"embeddable":true,"href":"https:\/\/alpaka-shop.com\/et\/wp-json\/wp\/v2\/users\/1"}],"replies":[{"embeddable":true,"href":"https:\/\/alpaka-shop.com\/et\/wp-json\/wp\/v2\/comments?post=4735"}],"version-history":[{"count":0,"href":"https:\/\/alpaka-shop.com\/et\/wp-json\/wp\/v2\/pages\/4735\/revisions"}],"wp:attachment":[{"href":"https:\/\/alpaka-shop.com\/et\/wp-json\/wp\/v2\/media?parent=4735"}],"curies":[{"name":"wp","href":"https:\/\/api.w.org\/{rel}","templated":true}]}}