{"id":4758,"date":"2019-11-25T15:07:14","date_gmt":"2019-11-25T15:07:14","guid":{"rendered":"https:\/\/uus.alpaka-shop.com\/muugitingimused\/"},"modified":"2023-04-06T14:17:42","modified_gmt":"2023-04-06T11:17:42","slug":"muugitingimused","status":"publish","type":"page","link":"https:\/\/alpaka-shop.com\/et\/muugitingimused\/","title":{"rendered":"M\u00fc\u00fcgitingimused"},"content":{"rendered":"<section class=\"l-section wpb_row content-page-header height_small\"><div class=\"l-section-h i-cf\"><div class=\"g-cols vc_row via_flex valign_top type_default stacking_default\"><div class=\"vc_col-sm-12 wpb_column vc_column_container\"><div class=\"vc_column-inner\"><div class=\"wpb_wrapper\"><div class=\"wpb_text_column\"><div class=\"wpb_wrapper\"><h1 style=\"text-align: center;\">M\u00fc\u00fcgitingimused<\/h1>\n<\/div><\/div><\/div><\/div><\/div><\/div><\/div><\/section><section class=\"l-section wpb_row height_small\"><div class=\"l-section-h i-cf\"><div class=\"g-cols vc_row via_flex valign_top type_default stacking_default\"><div class=\"vc_col-sm-12 wpb_column vc_column_container\"><div class=\"vc_column-inner\"><div class=\"wpb_wrapper\"><div class=\"wpb_text_column content-page-text-block\"><div class=\"wpb_wrapper\"><h3>1. \u00dcLDTINGIMUSED<\/h3>\n<p>T\u00e4name v\u00e4ga alpaka-shop.com ku\u0308lastamise eest. Selle veebilehe kasutust ja toodete ostmist selle lehe vahendusel reguleerivad lisaks k\u00e4esolevatele tingimustele ka muud kohaldatavad \u00f5igusaktid. Kui sa pole esitatud tingimustega n\u00f5us, hoidu selle veebilehe kasutamisest. Decoreter O\u00dc v\u00f5ib aeg-ajalt muuta k\u00e4esolevaid tingimusi oma \u00e4ran\u00e4gemise j\u00e4rgi ilma etteteatamiseta. K\u00f5ik selle veebilehega seotud ku\u0308simused on reguleeritud Eesti Vabariigis kehtivate seadustega.<\/p>\n<h3>2. ETTEV\u00d5TTE INFO<\/h3>\n<p>Selle veebilehe omanik on Decoreter O\u00dc. Asukohaga Tatari 64, Tallinn 10134 Estonia, Euroopa Liit. Ettev\u00f5tte on registreeritud Eestis, registrikoodi 11447750 all. Registreeritud k\u00e4ibemaksukohustuslase number on (KMKR) EE101245450. Ettev\u00f5te omab k\u00f5iki \u00f5igusi igasugusele sisule (kaasa arvatud, aga mitte ainult veebilehe nimi, domeen, logod ja kaubam\u00e4rgid, fotod) sellel veebilehel.<\/p>\n<h3>3. VEEBILEHE KASUTAMINE<\/h3>\n<p>Kogu sellel veebilehel esitatud sisu puhul tuleks eeldada, et see on autori\u00f5igustega kaitstud, kui pole m\u00e4rgitud teisiti. Selle veebilehe sisu v\u00f5ib kasutada isiklikel, mitte\u00e4rilistel eesm\u00e4rkidel tingimusel, et seda ei muudeta ja k\u00f5ik autori\u00f5igused ja muud omandi\u00f5igused s\u00e4ilitatakse. Selle veebilehe sisu kas osaline v\u00f5i t\u00e4ielik mu\u0308u\u0308k, esitamine, levitamine v\u00f5i muul viisil kasutamisel ei ole lubatud ilma meie selges\u00f5nalise kirjaliku n\u00f5usolekuta.<\/p>\n<h3>4. TELLIMUSE VORMISTAMINE<\/h3>\n<p>Veebipoes m\u00fc\u00fcdavate toodete hinnad on m\u00e4rgitud toodete juurde. Hinnale lisandub tasu kauba k\u00e4ttetoimetamise eest. K\u00f5ik veebipoes m\u00fc\u00fcdavate kaupade hinnad on eurodes.<\/p>\n<p>Teave kauba kohta on esitatud Veebipoes vahetult kauba juures.<\/p>\n<p><strong>Tellimuse vormistamine<\/strong><\/p>\n<p>Kauba tellimiseks tuleb lisada soovitud tooted ostukorvi. P\u00e4rast tellimuse kinnitamist kuvatakse ekraanil maksumuse kogusumma. Kauba k\u00e4ttetoimetamine on tasuta k\u00f5ikidesse sihtkohtadesse. Tellimuse eest saab tasuda pangalingiga, krediitkaardiga v\u00f5i Paypali kontoga.<\/p>\n<p>Kauba tellimiseks tuleb lisada soovitud tooted ostukorvi. Tellimuse vormistamiseks tuleb t\u00e4ita n\u00f5utud andmev\u00e4ljad ning valida sobiv toodete kohaletoimetamise viis. Seej\u00e4rel kuvatakse ekraanile tasu suurus, mille saab tasuda turvaliselt l\u00e4bi j\u00e4rgnevate <a href=\"http:\/\/Montonio.com\" target=\"_blank\" rel=\"noopener\">Montonio<\/a>\u00a0vahendatud makseviiside:<\/p>\n<ul>\n<li>Eesti pangamaksed: Swedbank, SEB, Luminor, LHV, Coop Pank, Citadele, Revolut, N26<\/li>\n<li><a href=\"https:\/\/maksekeskus.ee\/service\/maksa-hiljem-lahendused\/\" target=\"_blank\" rel=\"noopener\">Eesti maksa hiljem lahendused<\/a>: Indivy, Indivy 3, Liisi ID<\/li>\n<li>Kaardimaksed (Stripe): Visa, Mastercard<\/li>\n<li>Soome pangalingid:\u00a0\u00c5landsbanken, Danske, Handelsbanken, Nordea, Oma S\u00e4\u00e4st\u00f6pankki, POP Pankki, S-Pankki, S\u00e4\u00e4stopankki, Revolut, N26<\/li>\n<\/ul>\n<p>NB! Pangalingiga tasumisel vajutada kindlasti panga lehel nupule \u201eTagasi kaupmehe juurde\u201c.<\/p>\n<p>Tasumine toimub v\u00e4ljaspool Veebipoodi turvalises keskkonnas \u2013 pangalingiga tasumisel vastava panga turvalises keskkonnas ja krediitkaardiga tasumisel Maksekeskus AS turvalises keskkonnas. Ostu eest on v\u00f5imalik tasuda ka Stripe v\u00f5i PayPal keskkonnas. \u00a0M\u00fc\u00fcjal puudub ligip\u00e4\u00e4s kliendi panga ja krediitkaardi andmetele. Leping j\u00f5ustub alates tasumisele kuuluva summa laekumisest Veebipoe arvelduskontole.<\/p>\n<p>Veebipoe omanik on isikuandmete vastutav t\u00f6\u00f6tleja ning edastab maksete teostamiseks vajalikud isikuandmed volitatud t\u00f6\u00f6tleja Maksekeskus AS-le.<\/p>\n<p>Kui tellitud kaupa ei ole v\u00f5imalik tarnida seoses kauba l\u00f5ppemisega v\u00f5i muul p\u00f5hjusel, teavitatakse sellest ostjat esimesel v\u00f5imalusel ning tagastatakse tasutud raha (sh kauba k\u00e4ttetoimetamise kulud) viivitamata, kuid mitte hiljem kui 14 p\u00e4eva jooksul teate saatmisest.<\/p>\n<h3>5. LEPINGU VORMISTAMINE JA S\u00d5LMIMINE<\/h3>\n<p>Leping j\u00f5ustub alates hetkest, kui oleme tellimuse kinnitanud ja kinnitanud kauba v\u00e4ljasaatmise. Kauba ostmiseks veebilehe kaudu peab olema t\u00e4isealine (18-aastane).<\/p>\n<h3>6. HINNAINFO JA MAKSETINGIMUSED<\/h3>\n<p>K\u00f5ik hinnad on esitatud eurodes ja sisaldavad standard pakkekulu, k\u00e4ibemaksu (Euroopa Liidu liikmesriigid) ja muid hinnakomponente. Meil on \u00f5igus muuta u\u0308hepoolselt hinnakirja. Juhul, kui toote hind on kuvatud valesti foto- v\u00f5i tru\u0308kivea t\u00f5ttu, on meil \u00f5igus tehingust taganeda v\u00f5i tu\u0308histada tellimus tootele, mis on kuvatud vale hinnaga.<\/p>\n<p>Pakume j\u00e4rgnevaid maksev\u00f5imalusi: Paypal, krediitkaart, pangalingid. Kui soovid tasuda pangau\u0308lekandega, v\u00f5ta lisainfo saamiseks meiega u\u0308hendust.<\/p>\n<h3>7.\u00a0TELLIMUSE K\u00c4TTETOIMETAMINE<\/h3>\n<p>Tarnime oma tooteid u\u0308le maailma. Tellimuse k\u00e4ttetoimetamine on tasuta k\u00f5ikidesse sihtkohtadesse. Tavasaadetise tarne teostatakse u\u0308ldjuhul lennupostiga. Eesti piires toimetame kauba k\u00e4tte kullerteenusega v\u00f5i saadame selle kliendi poolt m\u00e4rgitud pakiautomaati. \u00dcldjuhul saadame kauba kohale kliendi poolt osutatud aadressile. M\u00f5ne sihtkoha puhul pole see aga v\u00f5imalik ja kaup toimetatakse kohale l\u00e4himasse postkontorisse. Sellisel juhul anname sellest eelnevalt teada.<\/p>\n<p>Tarneaeg v\u00f5ib tooteti erineda. Tavatarne laokaupadele teostatakse Eesti piires 1-2 p\u00e4evaga, EL-i riikidesse 2-5 p\u00e4evaga, teistesse riikidesse 3-10 p\u00e4evaga. Tellimustoodete tarneaeg on Euroopa Liidu piires 12 n\u00e4dalat, kuni 14 n\u00e4dalat teistesse sihtkohtadesse.<\/p>\n<p>Kui soovitud toode on ajutiselt laost otsas, v\u00f5ta meiega u\u0308hendust ja anname meili teel teada viivituse pikkusest ja eeldatavast kauba v\u00e4ljasaatmise kuup\u00e4evast. Meie veebilehel esitatud toodete saadavus ja tarneaeg on orienteeruvad ega pole siduva iseloomuga. Me ei vastuta kauba kohaletoimetamise viibimise eest ega paku mis tahes hu\u0308vitust.<\/p>\n<p>V\u00e4ljastpoolt Euroopa Liitu tehtud tellimustele v\u00f5ib kohalduda kohalik tolli- ja impordimaks. Ostja vastutab ainuisikuliselt nende maksude ja l\u00f5ivude eest. Tasu suurus erineb riigiti, palume kohalduvate maksude ja l\u00f5ivude osas ku\u0308sida lisainfot sihtriigi tolliasutusest.<\/p>\n<h3>8. TAGASTUSED<\/h3>\n<p>Kliendil on \u00f5igus toode tagastada 14 p\u00e4eva jooksul alates tellimuse k\u00e4ttesaamisest. Palume toode saata tagasi aadressile Decoreter O\u00dc, Tatari 64, 4. korrus, Tallinn 10134, Eesti ja sellest meid eelnevalt teavitada meilile sales@alpaka.ee.<\/p>\n<p>Me ei vastuta tagasisaatmise kulude eest, v\u00e4lja arvatud juhul, kui tagastus tehti kvaliteediprobleemi v\u00f5i meiepoolse saatmisvea t\u00f5ttu. Palume arvestada, et toote loodusliku olemuse t\u00f5ttu on k\u00f5ik meie tooted unikaalsed ja v\u00f5ivad v\u00e4hesel m\u00e4\u00e4ral erineda. Ehkki pu\u0308u\u0308ame v\u00e4rvitoone kuvada loomutruudena, v\u00f5ivad tegelikud v\u00e4rvid seadme ekraani seadistustest tulenevalt v\u00e4hesel m\u00e4\u00e4ral erineda.<\/p>\n<p>K\u00f5ik tagastatavad tooted peavad olema kasutamata ja originaalpakendis. Et kindlustada v\u00f5imalus toode tagastada, palume pakendi avamisel olla ettevaatlik, et mitte selle sisu kahjustada. Toodetel olevaid silte v\u00f5i lipikuid ei tohi eemaldada ega pakendit \u00e4ra visata enne, kui oled otsustanud toote(d) endale j\u00e4tta. Eritellimusel valmivaid tooteid ei saa tagastada.<\/p>\n<p>Kauba tagastamisest teavitamisele j\u00e4rgnevalt hu\u0308vitame kauba maksumuse viivitamata, kuid mitte hiljem kui 30 p\u00e4eva m\u00f6\u00f6dumisel tellimuse tu\u0308histamisest. Kauba maksumust ei hu\u0308vitata enne, kui toode on j\u00f5udnud tagasi meie lattu v\u00f5i oleme saanud kirjaliku teate selle saatmisest. Tagastatav kaup on kuni meie lattu j\u00f5udmiseni kliendi vastutada, seega palume k\u00f5ik asjaomased dokumendid alles hoida.<\/p>\n<h3>9. PRIVAATSUSPOLIITIKA<\/h3>\n<p>Austame k\u00f5igi meie klientide privaatsust. Isikuandmeid kogutakse ainult juhul, kui see esitatakse kliendi poolt veebiostu k\u00e4ttetoimetamise v\u00f5i uudiskirja saamise eesm\u00e4rgil. Kogume erinevat infot, kaasa arvatud nime, kohaletoimetamise aadressi, telefoninumbrit, e-maili ja asukohta. Seda infot kasutame ilma selges\u00f5nalise loata vaid tellimuse t\u00e4itmiseks ja kommunikatsiooni edastamiseks. Me ei edasta isikuandmeid kolmandatele osapooltele, v\u00e4lja arvatud tellimuse t\u00e4itmise eesm\u00e4rgil. Registreerides uudiskirja saajaks, kasutatakse m\u00e4rgitud e-maili reklaami saatmise eesm\u00e4rgil: allahindlusest ja uudistoodetest teavitamine ja teiste uudiste edastamine. Kui soovid oma info kogumisest, kasutamisest ja avaldamisest taganeda, kirjuta meile info@alpaka.ee mis tahes ajal.<\/p>\n<p>Antud veebileht kasutab analu\u0308u\u0308si- ja j\u00e4lgimisrakendusi ning ku\u0308psiseid, et koguda koondstatistikat ja m\u00f5ista klientide poolset veebilehe kasutust. Veebileht kogub standardset interneti logiinformatsiooni, nagu IP aadress, brauseritu\u0308u\u0308p, juurdep\u00e4\u00e4su link, ja tehinguga seotud infot, nagu tooteinfo, ostu ja tagastuse info. See info v\u00f5imaldab meil arendada oma veebikeskkonda ja muuta kasutajakogemust veelgi paremaks. Meie veebilehe kasutamisega n\u00f5ustute u\u0308htlasi meie ku\u0308psiste kasutamisega.<\/p>\n<\/div><\/div><\/div><\/div><\/div><\/div><\/div><\/section>\n","protected":false},"excerpt":{"rendered":"M\u00fc\u00fcgitingimused 1. \u00dcLDTINGIMUSED T\u00e4name v\u00e4ga alpaka-shop.com ku\u0308lastamise eest. Selle veebilehe kasutust ja toodete ostmist selle lehe vahendusel reguleerivad lisaks k\u00e4esolevatele tingimustele ka muud kohaldatavad \u00f5igusaktid. Kui sa pole esitatud tingimustega n\u00f5us, hoidu selle veebilehe kasutamisest. Decoreter O\u00dc v\u00f5ib aeg-ajalt muuta k\u00e4esolevaid tingimusi oma \u00e4ran\u00e4gemise j\u00e4rgi ilma etteteatamiseta. K\u00f5ik selle veebilehega seotud ku\u0308simused on reguleeritud Eesti...","protected":false},"author":1,"featured_media":0,"parent":0,"menu_order":0,"comment_status":"closed","ping_status":"closed","template":"","meta":{"_acf_changed":false,"footnotes":""},"class_list":["post-4758","page","type-page","status-publish","hentry"],"acf":[],"aioseo_notices":[],"_links":{"self":[{"href":"https:\/\/alpaka-shop.com\/et\/wp-json\/wp\/v2\/pages\/4758","targetHints":{"allow":["GET"]}}],"collection":[{"href":"https:\/\/alpaka-shop.com\/et\/wp-json\/wp\/v2\/pages"}],"about":[{"href":"https:\/\/alpaka-shop.com\/et\/wp-json\/wp\/v2\/types\/page"}],"author":[{"embeddable":true,"href":"https:\/\/alpaka-shop.com\/et\/wp-json\/wp\/v2\/users\/1"}],"replies":[{"embeddable":true,"href":"https:\/\/alpaka-shop.com\/et\/wp-json\/wp\/v2\/comments?post=4758"}],"version-history":[{"count":0,"href":"https:\/\/alpaka-shop.com\/et\/wp-json\/wp\/v2\/pages\/4758\/revisions"}],"wp:attachment":[{"href":"https:\/\/alpaka-shop.com\/et\/wp-json\/wp\/v2\/media?parent=4758"}],"curies":[{"name":"wp","href":"https:\/\/api.w.org\/{rel}","templated":true}]}}