{"id":4766,"date":"2019-11-25T15:17:23","date_gmt":"2019-11-25T15:17:23","guid":{"rendered":"https:\/\/uus.alpaka-shop.com\/tarne\/"},"modified":"2024-03-21T14:55:37","modified_gmt":"2024-03-21T12:55:37","slug":"tarne","status":"publish","type":"page","link":"https:\/\/alpaka-shop.com\/et\/tarne\/","title":{"rendered":"Tarne"},"content":{"rendered":"<section class=\"l-section wpb_row content-page-header height_small\"><div class=\"l-section-h i-cf\"><div class=\"g-cols vc_row via_flex valign_top type_default stacking_default\"><div class=\"vc_col-sm-12 wpb_column vc_column_container\"><div class=\"vc_column-inner\"><div class=\"wpb_wrapper\"><div class=\"wpb_text_column\"><div class=\"wpb_wrapper\"><h1 style=\"text-align: center;\">Tarne<\/h1>\n<\/div><\/div><\/div><\/div><\/div><\/div><\/div><\/section><section class=\"l-section wpb_row height_small\"><div class=\"l-section-h i-cf\"><div class=\"g-cols vc_row via_flex valign_top type_default stacking_default\"><div class=\"vc_col-sm-12 wpb_column vc_column_container\"><div class=\"vc_column-inner\"><div class=\"wpb_wrapper\"><div class=\"wpb_text_column content-page-text-block\"><div class=\"wpb_wrapper\"><h3>Tarnime oma tooteid tasuta \u00fcle Eesti alates 75\u20ac ostust.<\/h3>\n<p>Tavasaadetis teostatakse \u00fcldjuhul lennupostiga kliendi poolt pakutud aadressile. Eesti piires toimetame kauba k\u00e4tte kullerteenusega v\u00f5i saadame selle kliendi poolt m\u00e4rgitud pakiautomaati. Kui saadetist ei ole v\u00f5imalik kliendi aadressile toimetada, siis saadetakse see kliendile l\u00e4himasse postkontorisse. V\u00f5tame sinuga kindlasti enne saatmist \u00fchendust, kui konkreetsele aadressile ei ole v\u00f5imalik pakki saata.<\/p>\n<h3>Tarneaeg<\/h3>\n<p>Tarneaeg v\u00f5ib erineda tooteti. Tavatarne teostatakse Eesti piires 1-2 p\u00e4evaga, 2-5 p\u00e4evaga EL-i riikidesse ja 3-10 p\u00e4evaga \u00fclej\u00e4\u00e4nud riikidesse, s\u00f5ltuvalt sihtkohast. Alpaka nahast eritellimusel valmivate toodete tellimisaeg 12-14 n\u00e4dalat, s\u00f5ltuvalt sihtkohast. Palun v\u00f5ta meiega \u00fchendust t\u00e4psema tarneaja saamiseks.<\/p>\n<p>Kui toode on ajutiselt laost otsas siis saadame vastavasisulise teavituse toote hilinemisest koos t\u00e4psema tarneinfoga. Meie veebileht n\u00e4itab nii toodete saadavust kui tarneaegu, olgugi et see info ei tarvitse olla alati korrektne v\u00f5i p\u00e4evakohane. Me ei kompenseeri ega vastuta kolmandate osapoolte viivituste eest kauba kliendile kohale toimetamisel.<\/p>\n<h3>Tarne v\u00e4ljapoole Euroopa Liitu<\/h3>\n<p>Kui sihtriik asub v\u00e4ljaspool Euroopa Liitu, siis v\u00f5ivad saadetisele rakenduda tollid v\u00f5i maksud. Klient vastutab ainuisikuliselt selliste maksude ja tollide tasumise eest. Iga riigi ja sihtkoha kohta v\u00f5ivad kehtida eritingimused &#8211; palun v\u00f5ta lisainfo saamiseks \u00fchendust riigi vastava asutusega.<\/p>\n<h3>Tagastused<\/h3>\n<p><strong>Smartpost<\/strong><\/p>\n<p>Kui pakk saabus sinisesse pakiautomaati, saab paki tasuta tagastada 14 p\u00e4eva jooksul sama uksekoodiga, mis iganes Smartposti sinisest pakiautomaadist \u00fcle Eesti.<br \/>\nSinisesse pakiautomaati saabunud pakki saab tagastada ka valgest pakiautomaadist vormistades tagastuse <a href=\"https:\/\/my.smartpost.ee\/new_shipment\/\" target=\"_blank\" rel=\"noreferrer noopener\">my.smartpost.ee<\/a> iseteeninduskeskkonnas saadetise numbri (triipkoodi) alusel.<\/p>\n<p>Kui pakk saabus\u00a0 Smartposti valgesse pakiautomaati v\u00f5i pakipunkti, siis saab tagastuse vormistada vaid <a href=\"https:\/\/my.smartpost.ee\/new_shipment\/\" target=\"_blank\" rel=\"noreferrer noopener\">my.smartpost.ee<\/a> iseteeninduskeskkonnas saadetise numbri (triipkoodi) alusel, valida saab tagastamise nii valgest kui sinisest pakiautomaadist. Vormistamise tulemusena saab klient uksekoodi tagastatava kauba sisestamiseks soovitud pakiautomaati.<\/p>\n<p><strong>Omniva<\/strong><\/p>\n<p>Pakiautomaadi paki saabumise SMS-is v\u00f5i e-kirjas on ka tagastuskood. Sellega saad paki tasuta tagastada 14 kalendrip\u00e4eva jooksul k\u00f5ikidest Omniva pakiautomaatidest ja postkontoritest.<\/p>\n<p>Tagastatavale pakile j\u00e4ta k\u00fclge ka sellel olnud aadresskaart. Vali pakiautomaadi ekraanil \u201e Tagastan paki\u201c, sisesta tagastuskood ja aseta pakk kappi, tagastuse aadresskaardi lisab pakile kuller, kui tuleb pakke korjama.<\/p>\n<\/div><\/div><\/div><\/div><\/div><\/div><\/div><\/section>\n","protected":false},"excerpt":{"rendered":"Tarne Tarnime oma tooteid tasuta \u00fcle Eesti alates 75\u20ac ostust. Tavasaadetis teostatakse \u00fcldjuhul lennupostiga kliendi poolt pakutud aadressile. Eesti piires toimetame kauba k\u00e4tte kullerteenusega v\u00f5i saadame selle kliendi poolt m\u00e4rgitud pakiautomaati. Kui saadetist ei ole v\u00f5imalik kliendi aadressile toimetada, siis saadetakse see kliendile l\u00e4himasse postkontorisse. V\u00f5tame sinuga kindlasti enne saatmist \u00fchendust, kui konkreetsele aadressile ei...","protected":false},"author":1,"featured_media":0,"parent":0,"menu_order":0,"comment_status":"closed","ping_status":"closed","template":"","meta":{"_acf_changed":false,"footnotes":""},"class_list":["post-4766","page","type-page","status-publish","hentry"],"acf":[],"aioseo_notices":[],"_links":{"self":[{"href":"https:\/\/alpaka-shop.com\/et\/wp-json\/wp\/v2\/pages\/4766","targetHints":{"allow":["GET"]}}],"collection":[{"href":"https:\/\/alpaka-shop.com\/et\/wp-json\/wp\/v2\/pages"}],"about":[{"href":"https:\/\/alpaka-shop.com\/et\/wp-json\/wp\/v2\/types\/page"}],"author":[{"embeddable":true,"href":"https:\/\/alpaka-shop.com\/et\/wp-json\/wp\/v2\/users\/1"}],"replies":[{"embeddable":true,"href":"https:\/\/alpaka-shop.com\/et\/wp-json\/wp\/v2\/comments?post=4766"}],"version-history":[{"count":0,"href":"https:\/\/alpaka-shop.com\/et\/wp-json\/wp\/v2\/pages\/4766\/revisions"}],"wp:attachment":[{"href":"https:\/\/alpaka-shop.com\/et\/wp-json\/wp\/v2\/media?parent=4766"}],"curies":[{"name":"wp","href":"https:\/\/api.w.org\/{rel}","templated":true}]}}