{"id":4776,"date":"2019-11-25T15:30:56","date_gmt":"2019-11-25T15:30:56","guid":{"rendered":"https:\/\/uus.alpaka-shop.com\/tootehooldus\/"},"modified":"2020-03-26T12:41:24","modified_gmt":"2020-03-26T12:41:24","slug":"tootehooldus","status":"publish","type":"page","link":"https:\/\/alpaka-shop.com\/et\/tootehooldus\/","title":{"rendered":"Tootehooldus"},"content":{"rendered":"<section class=\"l-section wpb_row content-page-header product-care-page height_small with_img\"><div class=\"l-section-img\" role=\"img\" aria-label=\"Pilt\" data-img-width=\"1280\" data-img-height=\"903\" style=\"background-image: url(https:\/\/alpaka-shop.com\/wp-content\/uploads\/2019\/10\/care1.png);background-position: top right;background-repeat: no-repeat;background-size: auto;\"><\/div><div class=\"l-section-h i-cf\"><div class=\"g-cols vc_row via_flex valign_top type_default stacking_default\"><div class=\"vc_col-sm-12 wpb_column vc_column_container\"><div class=\"vc_column-inner\"><div class=\"wpb_wrapper\"><div class=\"wpb_text_column product-care-text-container\"><div class=\"wpb_wrapper\"><h1>VILLAST TOODETE HOOLDUS<\/h1>\n<p>K\u00f5ik meie villatooted on valmistatud naturaalsetest materjalidest. Masinpesu v\u00f5ib toodet kahjustada, mist\u00f5ttu soovitame kasutada keemilist puhastust.<\/p>\n<\/div><\/div><div class=\"w-separator size_medium\"><\/div><div class=\"g-cols wpb_row product-care-container via_flex valign_top type_default stacking_default\"><div class=\"vc_col-sm-4 wpb_column vc_column_container\"><div class=\"vc_column-inner\"><div class=\"wpb_wrapper\"><div class=\"wpb_text_column\"><div class=\"wpb_wrapper\"><h2>Keemiline puhastus<\/h2>\n<p>Soovitame kasutada professionaalse keemilise puhastuse teenuseid, kellel on varasem kogemus alpakavilla puhastamisel. Teavita keemilist puhastust plekkidest v\u00f5i m\u00e4\u00e4rdunud kohtadest. Palu teenindajal kasutada toote puhastamisel keemilise pesu \u00f5rna re\u017eiimi ja mitte kasutada trummelkuivatust. Peale pesu v\u00f5ib esineda m\u00f5ningat topilisust tootel, mille v\u00f5ib paluda eemaldada keemilise puhastuse pakkuja poolt.<\/p>\n<\/div><\/div><\/div><\/div><\/div><div class=\"vc_col-sm-4 wpb_column vc_column_container\"><div class=\"vc_column-inner\"><div class=\"wpb_wrapper\"><div class=\"wpb_text_column\"><div class=\"wpb_wrapper\"><h2>K\u00e4sipesu<\/h2>\n<p>Kui otsustad toodet ise pesta, palume kasutada k\u00e4esooja vett (30\u00b0C) ja v\u00e4ga \u00f5rna puhastusainet v\u00f5i villa\u0161ampooni. Mitte kasutada valgendajat. Me ei soovita puhastada erinevat v\u00e4rvi tooteid koos, et v\u00e4ltida pesu k\u00e4igus \u00fche v\u00e4rvi kandumist teisele tootele. Loputa toodet niikaua, kuni k\u00f5ik puhastusvahend v\u00f5i \u0161ampoon on v\u00e4lja pestud. Eemalda \u00fcleliigne vesi toodet ettevaatlikult kokku surudes, kuid v\u00e4ldi v\u00e4\u00e4namist ja venitamist.<\/p>\n<p>Kuivatamiseks aseta toode horisontaalselt varjulisse ja \u00f5hurohkesse kohta. Mitte kasutada trummelkuivatust. Juba kuivanud toodet v\u00f5ib vajadusel madalal kuumusel triikida, soovitatavalt auruga. Enne toote hoiustamist veendu, et toode on t\u00e4iesti kuiv. Siiski soovitame k\u00e4sipesule eelistada regulaarset (iga-aastast) keemilist puhastust.<\/p>\n<\/div><\/div><\/div><\/div><\/div><div class=\"vc_col-sm-4 wpb_column vc_column_container\"><div class=\"vc_column-inner\"><div class=\"wpb_wrapper\"><div class=\"wpb_text_column\"><div class=\"wpb_wrapper\"><h2>Triikimine<\/h2>\n<p>Triigi toodet \u00f5rnal kuumusel v\u00f5i triikraual n\u00e4idatud villaprogrammiga. Kasuta triikimisel alati auru, kuid v\u00e4ldi liiga tugevat survet ja liiga k\u00f5rget temperatuuri.<\/p>\n<h2>Plekid<\/h2>\n<p>Raskemini eemalduvate plekkide puhastamiseks soovitame p\u00f6\u00f6rduda professionaalse keemilise puhastuse poole. Masinpesu v\u00f5ib kahjustada toodet.<\/p>\n<\/div><\/div><\/div><\/div><\/div><\/div><div class=\"w-separator size_custom\" style=\"height:40px\"><\/div><\/div><\/div><\/div><\/div><\/div><\/section><section class=\"l-section wpb_row us_custom_6217dcc9 care-wool-bg product-care-page height_small with_img\"><div class=\"l-section-img\" role=\"img\" aria-label=\"Pilt\" data-img-width=\"1280\" data-img-height=\"932\" style=\"background-image: url(https:\/\/alpaka-shop.com\/wp-content\/uploads\/2019\/10\/care2.png);background-position: top right;background-repeat: no-repeat;background-size: auto;\"><\/div><div class=\"l-section-h i-cf\"><div class=\"g-cols vc_row via_flex valign_top type_default stacking_default\"><div class=\"vc_col-sm-12 wpb_column vc_column_container\"><div class=\"vc_column-inner\"><div class=\"wpb_wrapper\"><div class=\"g-cols wpb_row via_flex valign_top type_default stacking_default\"><div class=\"vc_col-sm-12 wpb_column vc_column_container\"><div class=\"vc_column-inner\"><div class=\"wpb_wrapper\"><div class=\"wpb_text_column product-care-text-container\"><div class=\"wpb_wrapper\"><h1>NAHAST TOODETE HOOLDUS<\/h1>\n<p>K\u00f5ik ALPAKA nahakollektsiooni tooted, nagu vaibad, pleedid, voodikatted, padjad ja kaisukarud, on valmistatud naturaalsest alpaka nahast. Iga toode on unikaalse v\u00e4ljan\u00e4gemisega ja seda nii v\u00e4rvivariatsiooni kui karva omaduste poolest.<\/p>\n<p>Iga alpaka nahast valmistatud toode on kordumatu, kuna iga toote aluseks on ainulaadne materjal, mis peegeldab valgust k\u00f5ige erakordsemal ja kaunimal viisil. Toode v\u00f5ib ajada kasutamise alguses veidi karva, kuna tegemist on naturaalse materjaliga. Lahtiste karvade eemaldamiseks palume kloppida toodet ettevaatlikult \u00f5ues.<\/p>\n<\/div><\/div><\/div><\/div><\/div><\/div><div class=\"w-separator size_medium\"><\/div><div class=\"g-cols wpb_row us_custom_18807001 product-care-container via_flex valign_top type_default stacking_default\"><div class=\"vc_col-sm-4 wpb_column vc_column_container\"><div class=\"vc_column-inner\"><div class=\"wpb_wrapper\"><div class=\"wpb_text_column\"><div class=\"wpb_wrapper\"><h2>Hooldus<\/h2>\n<p>ALPAKA nahakollektsiooni naturaalseid vaipu, pleede, voodikatteid, patju ega kaisukarusid ei tohi hoida niiskes keskkonnas liiga kaua. \u00dcleliigne vesi ja niiskus kahjustavad naturaalseid materjale. Puhasta oma alpaka nahast toodet regulaarselt tolmuimejaga, kasutades siledat otsikut. \u00c4ra kasuta t\u00f6\u00f6stuslikku v\u00f5i veega t\u00f6\u00f6tavat tolmuimejat. Kammi oma alpaka nahast toodet regulaarselt &#8211; see aitab hoida karva sileda ja ilusana v\u00e4ga pikkadeks aastateks. Kuna kogu mustust pole v\u00f5imalik karvade seest tolmuimejaga k\u00e4tte saada, siis soovitame viia toode igal aastal professionaalsesse keemilisse puhastusse. Lisainfo saamiseks v\u00f5ta meiega \u00fchendust!<\/p>\n<\/div><\/div><\/div><\/div><\/div><div class=\"vc_col-sm-4 wpb_column vc_column_container\"><div class=\"vc_column-inner\"><div class=\"wpb_wrapper\"><div class=\"wpb_text_column\"><div class=\"wpb_wrapper\"><h2>M\u00e4rjad plekid<\/h2>\n<p>Tegutse m\u00e4rgade plekkide korral v\u00f5imalikult kiiresti ja \u00e4ra lase plekkidel kuivada. Kasuta k\u00e4sna v\u00f5i svammi, et saada karvast k\u00e4tte v\u00f5imalikult palju vedelikku. Seej\u00e4rel tupsuta kergelt niisket kohta valge riidet\u00fcki v\u00f5i valge majapidamispaberiga. Korda tegevust, kuni plekk on kadunud. Tegutse alati pleki \u00e4\u00e4rest keskosa poole, et see ei suureneks. Tupsuta alpaka nahka \u00f5rnalt ning \u00e4ra kunagi h\u00f5\u00f5ru tugevalt. Kui plekid on eemaldatud, kuivata alpaka karv v\u00f5imaluse korras \u00f5ues p\u00e4ikesevarjus (vaid kuiva ilmaga). Vajadusel v\u00f5ib kasutada ka f\u00f6\u00f6ni, kuid v\u00e4ldi kuuma \u00f5hku!<\/p>\n<\/div><\/div><\/div><\/div><\/div><div class=\"vc_col-sm-4 wpb_column vc_column_container\"><div class=\"vc_column-inner\"><div class=\"wpb_wrapper\"><div class=\"wpb_text_column\"><div class=\"wpb_wrapper\"><h2>Plekid<\/h2>\n<p>Kogu karvade seest sinna sattunud osakesed s\u00f5rmede abil. \u00c4ra kasuta midagi teravat, mis v\u00f5iks nahka v\u00f5i karva kahjustada. Kui mustust on v\u00f5imalik puhastada tolmuimejaga, siis v\u00e4ldi pleki m\u00e4rgumist. Kui kogu mustust ei ole v\u00f5imalik eemaldada tolmuimejaga, siis tupsuta m\u00e4\u00e4rdunud kohta niiske svammi v\u00f5i k\u00e4snaga ja tegutse seej\u00e4rel samamoodi nagu m\u00e4rgade plekkide korral.<\/p>\n<h2>V\u00e4rvid<\/h2>\n<p>Mitte j\u00e4tta v\u00e4rvitud alpaka nahast toodet tugeva p\u00e4ikesepaiste k\u00e4tte liiga kauaks ajaks, sest see v\u00f5ib kahjustada ja muuta toote v\u00e4rvi.<\/p>\n<\/div><\/div><\/div><\/div><\/div><\/div><\/div><\/div><\/div><\/div><\/div><\/section>\n","protected":false},"excerpt":{"rendered":"VILLAST TOODETE HOOLDUS K\u00f5ik meie villatooted on valmistatud naturaalsetest materjalidest. Masinpesu v\u00f5ib toodet kahjustada, mist\u00f5ttu soovitame kasutada keemilist puhastust. Keemiline puhastus Soovitame kasutada professionaalse keemilise puhastuse teenuseid, kellel on varasem kogemus alpakavilla puhastamisel. Teavita keemilist puhastust plekkidest v\u00f5i m\u00e4\u00e4rdunud kohtadest. Palu teenindajal kasutada toote puhastamisel keemilise pesu \u00f5rna re\u017eiimi ja mitte kasutada trummelkuivatust. Peale pesu...","protected":false},"author":1,"featured_media":0,"parent":0,"menu_order":0,"comment_status":"closed","ping_status":"closed","template":"","meta":{"_acf_changed":false,"footnotes":""},"class_list":["post-4776","page","type-page","status-publish","hentry"],"acf":[],"aioseo_notices":[],"_links":{"self":[{"href":"https:\/\/alpaka-shop.com\/et\/wp-json\/wp\/v2\/pages\/4776","targetHints":{"allow":["GET"]}}],"collection":[{"href":"https:\/\/alpaka-shop.com\/et\/wp-json\/wp\/v2\/pages"}],"about":[{"href":"https:\/\/alpaka-shop.com\/et\/wp-json\/wp\/v2\/types\/page"}],"author":[{"embeddable":true,"href":"https:\/\/alpaka-shop.com\/et\/wp-json\/wp\/v2\/users\/1"}],"replies":[{"embeddable":true,"href":"https:\/\/alpaka-shop.com\/et\/wp-json\/wp\/v2\/comments?post=4776"}],"version-history":[{"count":0,"href":"https:\/\/alpaka-shop.com\/et\/wp-json\/wp\/v2\/pages\/4776\/revisions"}],"wp:attachment":[{"href":"https:\/\/alpaka-shop.com\/et\/wp-json\/wp\/v2\/media?parent=4776"}],"curies":[{"name":"wp","href":"https:\/\/api.w.org\/{rel}","templated":true}]}}