{"id":4787,"date":"2019-11-25T15:48:07","date_gmt":"2019-11-25T15:48:07","guid":{"rendered":"https:\/\/uus.alpaka-shop.com\/arilahendused\/"},"modified":"2020-07-11T10:17:29","modified_gmt":"2020-07-11T10:17:29","slug":"arilahendused","status":"publish","type":"page","link":"https:\/\/alpaka-shop.com\/et\/arilahendused\/","title":{"rendered":"\u00c4rilahendused"},"content":{"rendered":"<section class=\"l-section wpb_row content-page-header height_small\"><div class=\"l-section-h i-cf\"><div class=\"g-cols vc_row via_flex valign_top type_default stacking_default\"><div class=\"vc_col-sm-12 wpb_column vc_column_container\"><div class=\"vc_column-inner\"><div class=\"wpb_wrapper\"><div class=\"wpb_text_column us_custom_b2452879\"><div class=\"wpb_wrapper\"><h1 style=\"text-align: center;\">\u00c4rilahendused<\/h1>\n<\/div><\/div><\/div><\/div><\/div><\/div><\/div><\/section><section class=\"l-section wpb_row us_custom_fab4abd9 height_small\"><div class=\"l-section-h i-cf\"><div class=\"g-cols vc_row via_flex valign_top type_default stacking_default\"><div class=\"vc_col-sm-12 wpb_column vc_column_container\"><div class=\"vc_column-inner\"><div class=\"wpb_wrapper\"><div class=\"g-cols wpb_row business-content-block via_flex valign_top type_default stacking_default\"><div class=\"vc_col-sm-6 wpb_column vc_column_container\"><div class=\"vc_column-inner\"><div class=\"wpb_wrapper\"><div class=\"wpb_text_column\"><div class=\"wpb_wrapper\"><p>ALPAKA pakub laia valikut tooteid \u00e4riklientidele, disaineritele, sisekujundajatele, sisearhitektidele ja teistele tekstiiliala professionaalidele. Omame pikaajalist kogemust hotellidele, jahtidele, lennukitele ja villadele luksustoodete valmistamises.<\/p>\n<\/div><\/div><\/div><\/div><\/div><div class=\"vc_col-sm-6 wpb_column vc_column_container\"><div class=\"vc_column-inner\"><div class=\"wpb_wrapper\"><div class=\"wpb_text_column\"><div class=\"wpb_wrapper\"><p>Pakume eritellimisel valmivaid ja erim\u00f5\u00f5dulisi pleede, voodikatteid, patju, vaipu, salle, kampsuneid, kingitusi jm. K\u00f5ik tooted valmivad naturaalsest alpaka nahast v\u00f5i villast. Suudame t\u00e4ita ka k\u00f5ige n\u00f5udlikuma kliendi soovid, valmistades eksklusiivselt just selliste omaduste ja m\u00f5\u00f5tudega toote, nagu vaja.<\/p>\n<\/div><\/div><\/div><\/div><\/div><\/div><div class=\"w-btn-wrapper align_center\"><a class=\"w-btn us-btn-style_1 us_custom_9b67850c\" title=\"Contacts &amp; support\" href=\"https:\/\/alpaka-shop.com\/et\/kontaktid-ja-klienditugi\/\"><span class=\"w-btn-label\">K\u00dcSI PAKKUMIST<\/span><\/a><\/div><\/div><\/div><\/div><\/div><\/div><\/section><section class=\"l-section wpb_row business-heading height_small\"><div class=\"l-section-h i-cf\"><div class=\"g-cols vc_row via_flex valign_top type_default stacking_default\"><div class=\"vc_col-sm-12 wpb_column vc_column_container\"><div class=\"vc_column-inner\"><div class=\"wpb_wrapper\"><div class=\"wpb_text_column\"><div class=\"wpb_wrapper\"><h2 style=\"text-align: center;\">Pikaajaline kogemus eritellimisel valmivate alpaka nahast ja villast luksusesemete tootmises hotellidele, jahtidele, lennukitele ja villadele<\/h2>\n<\/div><\/div><\/div><\/div><\/div><\/div><\/div><\/section><section class=\"l-section wpb_row height_small\"><div class=\"l-section-h i-cf\"><div class=\"g-cols vc_row via_flex valign_top type_default stacking_default\"><div class=\"vc_col-sm-12 wpb_column vc_column_container\"><div class=\"vc_column-inner\"><div class=\"wpb_wrapper\"><div class=\"w-image align_none\"><div class=\"w-image-h\"><img decoding=\"async\" width=\"1400\" height=\"700\" src=\"https:\/\/alpaka-shop.com\/wp-content\/uploads\/2019\/08\/alpaka-business-solutions.jpg\" class=\"attachment-full size-full wvs-archive-product-image\" alt=\"\" loading=\"lazy\" srcset=\"https:\/\/alpaka-shop.com\/wp-content\/uploads\/2019\/08\/alpaka-business-solutions.jpg 1400w, https:\/\/alpaka-shop.com\/wp-content\/uploads\/2019\/08\/alpaka-business-solutions-300x150.jpg 300w, https:\/\/alpaka-shop.com\/wp-content\/uploads\/2019\/08\/alpaka-business-solutions-600x300.jpg 600w, https:\/\/alpaka-shop.com\/wp-content\/uploads\/2019\/08\/alpaka-business-solutions-1024x512.jpg 1024w\" sizes=\"auto, (max-width: 1400px) 100vw, 1400px\" \/><\/div><\/div><\/div><\/div><\/div><\/div><\/div><\/section><section class=\"l-section wpb_row business-solutions height_small\"><div class=\"l-section-h i-cf\"><div class=\"g-cols vc_row via_flex valign_top type_default stacking_default\"><div class=\"vc_col-sm-12 wpb_column vc_column_container\"><div class=\"vc_column-inner\"><div class=\"wpb_wrapper\"><div class=\"g-cols wpb_row via_flex valign_top type_default stacking_default\"><div class=\"vc_col-sm-4 wpb_column vc_column_container\"><div class=\"vc_column-inner\"><div class=\"wpb_wrapper\"><div class=\"wpb_text_column\"><div class=\"wpb_wrapper\"><h3>HOTELL CONSERVATORIUM AMSTERDAM<\/h3>\n<p>Eritellimisel valmistatud alpakavillast voodikatted 60 hotellitoas<\/p>\n<\/div><\/div><\/div><\/div><\/div><div class=\"vc_col-sm-4 wpb_column vc_column_container\"><div class=\"vc_column-inner\"><div class=\"wpb_wrapper\"><div class=\"wpb_text_column\"><div class=\"wpb_wrapper\"><h3>ERALENNUKI SISUSTUS L\u00c4HIS-IDAS<\/h3>\n<p>300 eritellimisel valmistatud alpakavillast pleedi<\/p>\n<\/div><\/div><\/div><\/div><\/div><div class=\"vc_col-sm-4 wpb_column vc_column_container\"><div class=\"vc_column-inner\"><div class=\"wpb_wrapper\"><div class=\"wpb_text_column\"><div class=\"wpb_wrapper\"><h3>BUTIIKHOTELLID L\u00d5UNA-PRANTSUSMAAL<\/h3>\n<p>Pleedid hotellides Manoir de Surville ja Maison du Passage<\/p>\n<\/div><\/div><\/div><\/div><\/div><\/div><div class=\"w-separator size_custom\" style=\"height:2.8rem\"><\/div><div class=\"g-cols wpb_row via_flex valign_top type_default stacking_default\"><div class=\"vc_col-sm-4 wpb_column vc_column_container\"><div class=\"vc_column-inner\"><div class=\"wpb_wrapper\"><div class=\"wpb_text_column\"><div class=\"wpb_wrapper\"><h3>HOTELL TELEGRAAF TALLINN<\/h3>\n<p>Eritellimisel valmistatud alpakavillast voodikatted ja pleedid 60 hotellitoas<\/p>\n<\/div><\/div><\/div><\/div><\/div><div class=\"vc_col-sm-4 wpb_column vc_column_container\"><div class=\"vc_column-inner\"><div class=\"wpb_wrapper\"><\/div><\/div><\/div><div class=\"vc_col-sm-4 wpb_column vc_column_container\"><div class=\"vc_column-inner\"><div class=\"wpb_wrapper\"><\/div><\/div><\/div><\/div><\/div><\/div><\/div><\/div><\/div><\/section>\n","protected":false},"excerpt":{"rendered":"\u00c4rilahendused ALPAKA pakub laia valikut tooteid \u00e4riklientidele, disaineritele, sisekujundajatele, sisearhitektidele ja teistele tekstiiliala professionaalidele. Omame pikaajalist kogemust hotellidele, jahtidele, lennukitele ja villadele luksustoodete valmistamises. Pakume eritellimisel valmivaid ja erim\u00f5\u00f5dulisi pleede, voodikatteid, patju, vaipu, salle, kampsuneid, kingitusi jm. K\u00f5ik tooted valmivad naturaalsest alpaka nahast v\u00f5i villast. Suudame t\u00e4ita ka k\u00f5ige n\u00f5udlikuma kliendi soovid, valmistades eksklusiivselt just...","protected":false},"author":1,"featured_media":0,"parent":0,"menu_order":0,"comment_status":"closed","ping_status":"closed","template":"","meta":{"_acf_changed":false,"footnotes":""},"class_list":["post-4787","page","type-page","status-publish","hentry"],"acf":[],"aioseo_notices":[],"_links":{"self":[{"href":"https:\/\/alpaka-shop.com\/et\/wp-json\/wp\/v2\/pages\/4787","targetHints":{"allow":["GET"]}}],"collection":[{"href":"https:\/\/alpaka-shop.com\/et\/wp-json\/wp\/v2\/pages"}],"about":[{"href":"https:\/\/alpaka-shop.com\/et\/wp-json\/wp\/v2\/types\/page"}],"author":[{"embeddable":true,"href":"https:\/\/alpaka-shop.com\/et\/wp-json\/wp\/v2\/users\/1"}],"replies":[{"embeddable":true,"href":"https:\/\/alpaka-shop.com\/et\/wp-json\/wp\/v2\/comments?post=4787"}],"version-history":[{"count":0,"href":"https:\/\/alpaka-shop.com\/et\/wp-json\/wp\/v2\/pages\/4787\/revisions"}],"wp:attachment":[{"href":"https:\/\/alpaka-shop.com\/et\/wp-json\/wp\/v2\/media?parent=4787"}],"curies":[{"name":"wp","href":"https:\/\/api.w.org\/{rel}","templated":true}]}}