{"id":49374,"date":"2023-03-30T11:17:33","date_gmt":"2023-03-30T08:17:33","guid":{"rendered":"https:\/\/alpaka-shop.com\/alpaka-tervitus\/"},"modified":"2023-04-11T15:46:01","modified_gmt":"2023-04-11T12:46:01","slug":"alpaka-tervitus","status":"publish","type":"page","link":"https:\/\/alpaka-shop.com\/et\/alpaka-tervitus\/","title":{"rendered":"ALPAKA tervitus"},"content":{"rendered":"<section class=\"l-section wpb_row height_small\"><div class=\"l-section-h i-cf\"><div class=\"g-cols vc_row via_flex valign_top type_default stacking_default\"><div class=\"vc_col-sm-4 wpb_column vc_column_container\"><div class=\"vc_column-inner\"><div class=\"wpb_wrapper\"><\/div><\/div><\/div><div class=\"vc_col-sm-4 wpb_column vc_column_container\"><div class=\"vc_column-inner\"><div class=\"wpb_wrapper\"><div class=\"w-image align_center\"><div class=\"w-image-h\"><img decoding=\"async\" width=\"100\" height=\"100\" src=\"https:\/\/alpaka-shop.com\/wp-content\/uploads\/2020\/04\/alpaka-logo.svg\" class=\"attachment-us_100_100_crop size-us_100_100_crop wvs-archive-product-image\" alt=\"alpaka-logo\" loading=\"lazy\" \/><\/div><\/div><\/div><\/div><\/div><div class=\"vc_col-sm-4 wpb_column vc_column_container\"><div class=\"vc_column-inner\"><div class=\"wpb_wrapper\"><\/div><\/div><\/div><\/div><\/div><\/section><section class=\"l-section wpb_row height_small\"><div class=\"l-section-h i-cf\"><div class=\"g-cols vc_row via_flex valign_top type_default stacking_default\"><div class=\"vc_col-sm-12 wpb_column vc_column_container\"><div class=\"vc_column-inner\"><div class=\"wpb_wrapper\"><div class=\"wpb_text_column story-text-container\"><div class=\"wpb_wrapper\"><h1 style=\"text-align: center;\"><strong>Tere tulemast ALPAKAsse<\/strong><\/h1>\n<\/div><\/div><div class=\"w-separator size_small\"><\/div><div class=\"wpb_text_column us_custom_d80dff68 content-page-text-block\"><div class=\"wpb_wrapper\"><p><span style=\"font-weight: 400;\">ALPAKA on eestimaine elustiili br\u00e4nd, mis valmistab luksuslikke r\u00f5ivaid ja kodutekstiile Peruu alpakade villast.\u00a0<\/span><\/p>\n<p><span style=\"font-weight: 400;\">Naudi alpakade villa ja karva luksuslikult erilist ilu puhta s\u00fcdametunnistusega. ALPAKA tooted on eetilise ja j\u00e4tkusuutliku p\u00e4ritoluga.\u00a0<\/span><\/p>\n<\/div><\/div><\/div><\/div><\/div><\/div><\/div><\/section><section class=\"l-section wpb_row us_custom_514ec2ff small-container men-women-row height_small\"><div class=\"l-section-h i-cf\"><div class=\"g-cols vc_row via_flex valign_top type_default stacking_default\"><div class=\"vc_col-sm-12 wpb_column vc_column_container\"><div class=\"vc_column-inner\"><div class=\"wpb_wrapper\"><div class=\"g-cols wpb_row us_custom_386b9a27 content-page-img-grid via_flex valign_middle type_default reversed stacking_default\"><div class=\"vc_col-sm-6 wpb_column vc_column_container\"><div class=\"vc_column-inner\"><div class=\"wpb_wrapper\"><div class=\"w-image align_none\"><div class=\"w-image-h\"><img decoding=\"async\" width=\"584\" height=\"436\" src=\"https:\/\/alpaka-shop.com\/wp-content\/uploads\/2019\/07\/alpaka-wool.jpg\" class=\"attachment-full size-full wvs-archive-product-image\" alt=\"\" loading=\"lazy\" srcset=\"https:\/\/alpaka-shop.com\/wp-content\/uploads\/2019\/07\/alpaka-wool.jpg 584w, https:\/\/alpaka-shop.com\/wp-content\/uploads\/2019\/07\/alpaka-wool-300x224.jpg 300w\" sizes=\"auto, (max-width: 584px) 100vw, 584px\" \/><\/div><\/div><\/div><\/div><\/div><div class=\"vc_col-sm-6 wpb_column vc_column_container\"><div class=\"vc_column-inner\"><div class=\"wpb_wrapper\"><div class=\"wpb_text_column alpaka-custom-list-style\"><div class=\"wpb_wrapper\"><h2><span style=\"font-weight: 400;\"><strong>ALPAKA liikmena saad osa h\u00fcvedest:<\/strong>\u00a0<\/span><\/h2>\n<ul>\n<li style=\"font-weight: 400;\" aria-level=\"1\"><span style=\"font-weight: 400;\">10% soodustust esimeselt ostult<\/span><\/li>\n<li style=\"font-weight: 400;\" aria-level=\"1\"><span style=\"font-weight: 400;\">Kuuled esimesena meie \u00fcritustest<\/span><\/li>\n<li style=\"font-weight: 400;\" aria-level=\"1\"><span style=\"font-weight: 400;\">Eksklusiivsed kampaaniad ainult liikmetele<\/span><\/li>\n<li style=\"font-weight: 400;\" aria-level=\"1\"><span style=\"font-weight: 400;\">ja palju muud.\u00a0<\/span><\/li>\n<\/ul>\n<\/div><\/div><\/div><\/div><\/div><\/div><\/div><\/div><\/div><\/div><\/div><\/section><section class=\"l-section wpb_row us_custom_4fb9e5a3 height_small\"><div class=\"l-section-h i-cf\"><div class=\"g-cols vc_row via_flex valign_top type_default stacking_default\"><div class=\"vc_col-sm-12 wpb_column vc_column_container\"><div class=\"vc_column-inner\"><div class=\"wpb_wrapper\"><div class=\"wpb_text_column us_custom_5df99c52 story-text-container has_text_color\"><div class=\"wpb_wrapper\"><h2 align=\"center\"><strong>10% soodustust Sinu esimesele ostule\u00a0<\/strong><\/h2>\n<\/div><\/div><div class=\"w-separator size_small\"><\/div><div class=\"wpb_text_column us_custom_5df99c52 story-text-container has_text_color\"><div class=\"wpb_wrapper\"><h2 align=\"center\">Kasuta ostukorvis koodi\u00a0<strong>e24fgt<\/strong><\/h2>\n<\/div><\/div><div class=\"w-separator size_small\"><\/div><div class=\"w-btn-wrapper align_center\"><a class=\"w-btn us-btn-style_2\" href=\"https:\/\/alpaka-shop.com\/et\/\"><span class=\"w-btn-label\">Shop Now<\/span><\/a><\/div><div class=\"w-separator size_small\"><\/div><div class=\"wpb_text_column us_custom_a7141a77 story-text-container has_text_color\"><div class=\"wpb_wrapper\"><p align=\"center\"><strong><em>Kupongi ei saa kombineerida teiste soodustustega ja see ei rakendu juba soodushinnaga toodetele.<\/em><\/strong><\/p>\n<\/div><\/div><\/div><\/div><\/div><\/div><\/div><\/section><section class=\"l-section wpb_row us_custom_63189a54 small-container men-women-row height_small\"><div class=\"l-section-h i-cf\"><div class=\"g-cols vc_row via_flex valign_top type_default stacking_default\"><div class=\"vc_col-sm-4 wpb_column vc_column_container\"><div class=\"vc_column-inner\"><div class=\"wpb_wrapper\"><div class=\"w-image align_center\"><div class=\"w-image-h\"><img decoding=\"async\" width=\"600\" height=\"900\" src=\"https:\/\/alpaka-shop.com\/wp-content\/uploads\/2023\/02\/ALPAKA-spring-2023-women.jpg\" class=\"attachment-full size-full wvs-archive-product-image\" alt=\"\" loading=\"lazy\" srcset=\"https:\/\/alpaka-shop.com\/wp-content\/uploads\/2023\/02\/ALPAKA-spring-2023-women.jpg 600w, https:\/\/alpaka-shop.com\/wp-content\/uploads\/2023\/02\/ALPAKA-spring-2023-women-200x300.jpg 200w, https:\/\/alpaka-shop.com\/wp-content\/uploads\/2023\/02\/ALPAKA-spring-2023-women-300x450.jpg 300w, https:\/\/alpaka-shop.com\/wp-content\/uploads\/2023\/02\/ALPAKA-spring-2023-women-100x150.jpg 100w\" sizes=\"auto, (max-width: 600px) 100vw, 600px\" \/><\/div><\/div><div class=\"w-separator size_custom\" style=\"height:15px\"><\/div>[vc_custom_heading text=&#8221;Ole enda moodi ilus&#8221; font_container=&#8221;tag:p|text_align:center&#8221; use_theme_fonts=&#8221;yes&#8221; css=&#8221;%7B%22default%22%3A%7B%22font-size%22%3A%2218px%22%7D%7D&#8221;]<div class=\"w-btn-wrapper align_center\"><a class=\"w-btn us-btn-style_2\" title=\"Naised\" target=\"_blank\" rel=\"nofollow\" href=\"https:\/\/alpaka-shop.com\/et\/naised\/\"><span class=\"w-btn-label\">Naised<\/span><\/a><\/div><\/div><\/div><\/div><div class=\"vc_col-sm-4 wpb_column vc_column_container\"><div class=\"vc_column-inner\"><div class=\"wpb_wrapper\"><div class=\"w-image align_center\"><div class=\"w-image-h\"><img decoding=\"async\" width=\"600\" height=\"900\" src=\"https:\/\/alpaka-shop.com\/wp-content\/uploads\/2023\/02\/ALPAKA-spring-2023-kids.jpg\" class=\"attachment-full size-full wvs-archive-product-image\" alt=\"\" loading=\"lazy\" srcset=\"https:\/\/alpaka-shop.com\/wp-content\/uploads\/2023\/02\/ALPAKA-spring-2023-kids.jpg 600w, https:\/\/alpaka-shop.com\/wp-content\/uploads\/2023\/02\/ALPAKA-spring-2023-kids-200x300.jpg 200w, https:\/\/alpaka-shop.com\/wp-content\/uploads\/2023\/02\/ALPAKA-spring-2023-kids-300x450.jpg 300w, https:\/\/alpaka-shop.com\/wp-content\/uploads\/2023\/02\/ALPAKA-spring-2023-kids-100x150.jpg 100w\" sizes=\"auto, (max-width: 600px) 100vw, 600px\" \/><\/div><\/div><div class=\"w-separator size_custom\" style=\"height:15px\"><\/div>[vc_custom_heading text=&#8221;K\u00f5ige armsamatele&#8221; font_container=&#8221;tag:p|text_align:center&#8221; use_theme_fonts=&#8221;yes&#8221; css=&#8221;%7B%22default%22%3A%7B%22font-size%22%3A%2218px%22%7D%7D&#8221;]<div class=\"w-btn-wrapper align_center\"><a class=\"w-btn us-btn-style_2\" title=\"Mehed\" target=\"_blank\" rel=\"nofollow\" href=\"https:\/\/alpaka-shop.com\/et\/lapsed-kollektsioon\/\"><span class=\"w-btn-label\">Lapsed<\/span><\/a><\/div><\/div><\/div><\/div><div class=\"vc_col-sm-4 wpb_column vc_column_container\"><div class=\"vc_column-inner\"><div class=\"wpb_wrapper\"><div class=\"w-image align_center\"><div class=\"w-image-h\"><img decoding=\"async\" width=\"600\" height=\"900\" src=\"https:\/\/alpaka-shop.com\/wp-content\/uploads\/2023\/02\/ALPAKA-spring-2023-men.jpg\" class=\"attachment-full size-full wvs-archive-product-image\" alt=\"\" loading=\"lazy\" srcset=\"https:\/\/alpaka-shop.com\/wp-content\/uploads\/2023\/02\/ALPAKA-spring-2023-men.jpg 600w, https:\/\/alpaka-shop.com\/wp-content\/uploads\/2023\/02\/ALPAKA-spring-2023-men-200x300.jpg 200w, https:\/\/alpaka-shop.com\/wp-content\/uploads\/2023\/02\/ALPAKA-spring-2023-men-300x450.jpg 300w, https:\/\/alpaka-shop.com\/wp-content\/uploads\/2023\/02\/ALPAKA-spring-2023-men-100x150.jpg 100w\" sizes=\"auto, (max-width: 600px) 100vw, 600px\" \/><\/div><\/div><div class=\"w-separator size_custom\" style=\"height:15px\"><\/div>[vc_custom_heading text=&#8221;Luksus kohtub mugavusega&#8221; font_container=&#8221;tag:p|text_align:center&#8221; use_theme_fonts=&#8221;yes&#8221; css=&#8221;%7B%22default%22%3A%7B%22font-size%22%3A%2218px%22%7D%7D&#8221;]<div class=\"w-btn-wrapper align_center\"><a class=\"w-btn us-btn-style_2\" title=\"Mehed\" target=\"_blank\" rel=\"nofollow\" href=\"https:\/\/alpaka-shop.com\/et\/mehed\/\"><span class=\"w-btn-label\">Mehed<\/span><\/a><\/div><\/div><\/div><\/div><\/div><\/div><\/section><section class=\"l-section wpb_row us_custom_63189a54 small-container men-women-row height_small\"><div class=\"l-section-h i-cf\"><div class=\"g-cols vc_row via_flex valign_top type_default stacking_default\"><div class=\"vc_col-sm-12 wpb_column vc_column_container\"><div class=\"vc_column-inner\"><div class=\"wpb_wrapper\"><div class=\"g-cols wpb_row content-page-img-grid via_flex valign_middle type_default stacking_default\"><div class=\"vc_col-sm-6 wpb_column vc_column_container\"><div class=\"vc_column-inner\"><div class=\"wpb_wrapper\"><div class=\"w-image align_none\"><div class=\"w-image-h\"><img decoding=\"async\" width=\"585\" height=\"436\" src=\"https:\/\/alpaka-shop.com\/wp-content\/uploads\/2019\/07\/soft-alpaka-wool.jpg\" class=\"attachment-full size-full wvs-archive-product-image\" alt=\"\" loading=\"lazy\" srcset=\"https:\/\/alpaka-shop.com\/wp-content\/uploads\/2019\/07\/soft-alpaka-wool.jpg 585w, https:\/\/alpaka-shop.com\/wp-content\/uploads\/2019\/07\/soft-alpaka-wool-300x224.jpg 300w\" sizes=\"auto, (max-width: 585px) 100vw, 585px\" \/><\/div><\/div><\/div><\/div><\/div><div class=\"vc_col-sm-6 wpb_column vc_column_container\"><div class=\"vc_column-inner\"><div class=\"wpb_wrapper\"><div class=\"wpb_text_column alpaka-custom-list-style\"><div class=\"wpb_wrapper\"><h2><strong>S\u00e4ravalt sileda pinnaga, seest poorne, kiud defineerib alpakavilla unikaalsed omadused<\/strong><\/h2>\n<ul>\n<li style=\"font-weight: 400;\" aria-level=\"1\"><span style=\"font-weight: 400;\">7 korda soojem kui lambavill<\/span><\/li>\n<li style=\"font-weight: 400;\" aria-level=\"1\"><span style=\"font-weight: 400;\">silmapaistvalt tugev ja vastupidav<\/span><\/li>\n<li style=\"font-weight: 400;\" aria-level=\"1\"><span style=\"font-weight: 400;\">kerge ja hingav<\/span><\/li>\n<li style=\"font-weight: 400;\" aria-level=\"1\"><span style=\"font-weight: 400;\">naturaalne l\u00e4ige<\/span><\/li>\n<\/ul>\n<\/div><\/div><\/div><\/div><\/div><\/div><\/div><\/div><\/div><\/div><\/div><\/section><section class=\"l-section wpb_row us_custom_4fb9e5a3 height_small\"><div class=\"l-section-h i-cf\"><div class=\"g-cols vc_row via_flex valign_top type_default stacking_default\"><div class=\"vc_col-sm-12 wpb_column vc_column_container\"><div class=\"vc_column-inner\"><div class=\"wpb_wrapper\"><div class=\"wpb_text_column us_custom_5df99c52 story-text-container has_text_color\"><div class=\"wpb_wrapper\"><h2 align=\"center\"><strong>10% soodustust Sinu esimesele ostule\u00a0<\/strong><\/h2>\n<\/div><\/div><div class=\"w-separator size_small\"><\/div><div class=\"wpb_text_column us_custom_5df99c52 story-text-container has_text_color\"><div class=\"wpb_wrapper\"><h2 align=\"center\">Kasuta ostukorvis koodi\u00a0<strong>e24fgt<\/strong><\/h2>\n<\/div><\/div><div class=\"w-separator size_small\"><\/div><div class=\"wpb_text_column us_custom_a7141a77 story-text-container has_text_color\"><div class=\"wpb_wrapper\"><p style=\"text-align: center;\"><strong><em>Kupongi ei saa kombineerida teiste soodustustega ja see ei rakendu juba soodushinnaga toodetele.<\/em><\/strong><\/p>\n<\/div><\/div><\/div><\/div><\/div><\/div><\/div><\/section><section class=\"l-section wpb_row us_custom_63189a54 small-container men-women-row height_small\"><div class=\"l-section-h i-cf\"><div class=\"g-cols vc_row via_flex valign_top type_default stacking_default\"><div class=\"vc_col-sm-12 wpb_column vc_column_container\"><div class=\"vc_column-inner\"><div class=\"wpb_wrapper\"><div class=\"g-cols wpb_row us_custom_386b9a27 content-page-img-grid via_flex valign_middle type_default reversed stacking_default\"><div class=\"vc_col-sm-6 wpb_column vc_column_container\"><div class=\"vc_column-inner\"><div class=\"wpb_wrapper\"><div class=\"wpb_text_column alpaka-custom-list-style\"><div class=\"wpb_wrapper\"><h2><strong>T\u00f5eliselt pehme ja siidine nagu ka\u0161miir<\/strong><\/h2>\n<ul>\n<li style=\"font-weight: 400;\" aria-level=\"1\"><span style=\"font-weight: 400;\">tulekindel\u00a0<\/span><\/li>\n<li style=\"font-weight: 400;\" aria-level=\"1\"><span style=\"font-weight: 400;\">ei l\u00e4he kergesti topiliseks<\/span><\/li>\n<li style=\"font-weight: 400;\" aria-level=\"1\"><span style=\"font-weight: 400;\">pehme vastu nahka<\/span><\/li>\n<li style=\"font-weight: 400;\" aria-level=\"1\"><span style=\"font-weight: 400;\">looduslikult h\u00fcpoallergeeniline: lanolini-vaba<\/span><\/li>\n<li style=\"font-weight: 400;\" aria-level=\"1\"><span style=\"font-weight: 400;\">vett ja mustust h\u00fclgav<\/span><\/li>\n<li style=\"font-weight: 400;\" aria-level=\"1\"><span style=\"font-weight: 400;\">v\u00e4ike \u00f6koloogiline jalaj\u00e4lg\u00a0<\/span><\/li>\n<li style=\"font-weight: 400;\" aria-level=\"1\"><span style=\"font-weight: 400;\">lihtsasti hooldatav\u00a0<\/span><\/li>\n<\/ul>\n<\/div><\/div><\/div><\/div><\/div><div class=\"vc_col-sm-6 wpb_column vc_column_container\"><div class=\"vc_column-inner\"><div class=\"wpb_wrapper\"><div class=\"w-image align_none\"><div class=\"w-image-h\"><img decoding=\"async\" width=\"1500\" height=\"1000\" src=\"https:\/\/alpaka-shop.com\/wp-content\/uploads\/2023\/03\/ALPAKA-21.-september-2022-S7_0885.jpg\" class=\"attachment-full size-full wvs-archive-product-image\" alt=\"https:\/\/alpaka-shop.com\/welcome-alpaka\/?preview_id=49337&amp;preview_nonce=a11e5ff7dc&amp;_thumbnail_id=-1&amp;preview=true\" loading=\"lazy\" srcset=\"https:\/\/alpaka-shop.com\/wp-content\/uploads\/2023\/03\/ALPAKA-21.-september-2022-S7_0885.jpg 1500w, https:\/\/alpaka-shop.com\/wp-content\/uploads\/2023\/03\/ALPAKA-21.-september-2022-S7_0885-300x200.jpg 300w, https:\/\/alpaka-shop.com\/wp-content\/uploads\/2023\/03\/ALPAKA-21.-september-2022-S7_0885-1024x683.jpg 1024w, https:\/\/alpaka-shop.com\/wp-content\/uploads\/2023\/03\/ALPAKA-21.-september-2022-S7_0885-600x400.jpg 600w, https:\/\/alpaka-shop.com\/wp-content\/uploads\/2023\/03\/ALPAKA-21.-september-2022-S7_0885-100x67.jpg 100w\" sizes=\"auto, (max-width: 1500px) 100vw, 1500px\" \/><\/div><\/div><\/div><\/div><\/div><\/div><\/div><\/div><\/div><\/div><\/div><\/section>\n","protected":false},"excerpt":{"rendered":"Tere tulemast ALPAKAsse ALPAKA on eestimaine elustiili br\u00e4nd, mis valmistab luksuslikke r\u00f5ivaid ja kodutekstiile Peruu alpakade villast.\u00a0 Naudi alpakade villa ja karva luksuslikult erilist ilu puhta s\u00fcdametunnistusega. ALPAKA tooted on eetilise ja j\u00e4tkusuutliku p\u00e4ritoluga.\u00a0 ALPAKA liikmena saad osa h\u00fcvedest:\u00a0 10% soodustust esimeselt ostult Kuuled esimesena meie \u00fcritustest Eksklusiivsed kampaaniad ainult liikmetele ja palju muud.\u00a0 10%...","protected":false},"author":10,"featured_media":0,"parent":0,"menu_order":0,"comment_status":"closed","ping_status":"closed","template":"","meta":{"_acf_changed":false,"footnotes":""},"class_list":["post-49374","page","type-page","status-publish","hentry"],"acf":[],"aioseo_notices":[],"_links":{"self":[{"href":"https:\/\/alpaka-shop.com\/et\/wp-json\/wp\/v2\/pages\/49374","targetHints":{"allow":["GET"]}}],"collection":[{"href":"https:\/\/alpaka-shop.com\/et\/wp-json\/wp\/v2\/pages"}],"about":[{"href":"https:\/\/alpaka-shop.com\/et\/wp-json\/wp\/v2\/types\/page"}],"author":[{"embeddable":true,"href":"https:\/\/alpaka-shop.com\/et\/wp-json\/wp\/v2\/users\/10"}],"replies":[{"embeddable":true,"href":"https:\/\/alpaka-shop.com\/et\/wp-json\/wp\/v2\/comments?post=49374"}],"version-history":[{"count":0,"href":"https:\/\/alpaka-shop.com\/et\/wp-json\/wp\/v2\/pages\/49374\/revisions"}],"wp:attachment":[{"href":"https:\/\/alpaka-shop.com\/et\/wp-json\/wp\/v2\/media?parent=49374"}],"curies":[{"name":"wp","href":"https:\/\/api.w.org\/{rel}","templated":true}]}}