{"id":54459,"date":"2024-03-28T11:09:29","date_gmt":"2024-03-28T09:09:29","guid":{"rendered":"https:\/\/alpaka-shop.com\/?page_id=54459"},"modified":"2024-03-28T11:14:47","modified_gmt":"2024-03-28T09:14:47","slug":"esto-jarelmaks","status":"publish","type":"page","link":"https:\/\/alpaka-shop.com\/et\/esto-jarelmaks\/","title":{"rendered":"ESTO J\u00e4relmaks"},"content":{"rendered":"<section class=\"l-section wpb_row height_small width_custom\" style=\"--site-content-width:1000px;\"><div class=\"l-section-overlay\" style=\"background:#ffffff\"><\/div><div class=\"l-section-h i-cf\"><div class=\"g-cols vc_row via_flex valign_top type_default stacking_default\"><div class=\"vc_col-sm-12 wpb_column vc_column_container\"><div class=\"vc_column-inner\"><div class=\"wpb_wrapper\"><div class=\"wpb_text_column\"><div class=\"wpb_wrapper\"><h1>Ei soovi maksta kogu summat korraga? Maksa osamaksete kaupa!<\/h1>\n<\/div><\/div><div class=\"w-image align_none\"><div class=\"w-image-h\"><img decoding=\"async\" width=\"1000\" height=\"523\" src=\"https:\/\/alpaka-shop.com\/wp-content\/uploads\/2024\/03\/ESTO-JARELMAKS-BANNER.jpg\" class=\"attachment-full size-full wvs-archive-product-image\" alt=\"\" loading=\"lazy\" srcset=\"https:\/\/alpaka-shop.com\/wp-content\/uploads\/2024\/03\/ESTO-JARELMAKS-BANNER.jpg 1000w, https:\/\/alpaka-shop.com\/wp-content\/uploads\/2024\/03\/ESTO-JARELMAKS-BANNER-300x157.jpg 300w, https:\/\/alpaka-shop.com\/wp-content\/uploads\/2024\/03\/ESTO-JARELMAKS-BANNER-600x314.jpg 600w, https:\/\/alpaka-shop.com\/wp-content\/uploads\/2024\/03\/ESTO-JARELMAKS-BANNER-100x52.jpg 100w\" sizes=\"auto, (max-width: 1000px) 100vw, 1000px\" \/><\/div><\/div><div class=\"w-separator size_medium\"><\/div><div class=\"wpb_text_column\"><div class=\"wpb_wrapper\"><p>ESTO j\u00e4relmaksu puhul on tegemist \u00fclimalt kiire ning mugava makselahendusega, mis aitab koostada sulle sinu poolt valitud perioodi alusel maksegraafiku. Makselahendus teeb otsuse reaalajas ning aitab ostu sooritada v\u00e4hem kui 60 sekundiga.<\/p>\n<p>Lisa sobivad tooted ostukorvi, kinnita oma tellimus ning vali makseviisidest ESTO j\u00e4relmaks. Ostu kinnitamisel vali endale sobiv periood, igakuise osamakse suurus ning digiallkirjasta mugavalt ID-kaardi, Smart-ID v\u00f5i Mobiili-ID abil.<\/p>\n<p>\u2981 ESTO j\u00e4relmaksu saavad taotleda k\u00f5ik 18-70-aastased Eesti Vabariigi kodanikud.<br \/>\n\u2981 ESTO j\u00e4relmaks on v\u00f5imalik vormistada kiirelt ja mugavalt ka juriidilisele isikule.<br \/>\n\u2981 ESTO j\u00e4relmaksu pakub ja haldab ESTO AS.<\/p>\n<p><strong>T\u00c4HELEPANU!<\/strong> Iga j\u00e4relmaks on finantskohustus. Enne j\u00e4relmaksulepingu s\u00f5lmimist tutvuge vastava teenuse tingimustega ning vajadusel konsulteerige asjatundjaga. Iga finantsotsusega kaasnevad riskid ja kohustused, mist\u00f5ttu palume laenutoodete tarbimise vajadus hoolikalt l\u00e4bi m\u00f5elda. N\u00e4iteks 1290-eurose laenusumma puhul 24 kuuks fikseeritud intressiga 14.90% aastas ja lepingutasuga 0 eurot on krediidi kulukuse m\u00e4\u00e4r 31.62%, kuumakse suurus 70.67 eurot ning tarbija poolt tagasimakstav kogusumma 1696.08 eurot. J\u00e4relmaks on finantskohustus ning enne otsuse tegemist tutvuge p\u00f5hjalikult lepingutingimustega ja vajadusel pidage n\u00f5u ESTO AS t\u00f6\u00f6tajaga v\u00f5i muu asjatundjaga. J\u00e4relmaksu pakub ja haldab ESTO AS.<\/p>\n<\/div><\/div><\/div><\/div><\/div><\/div><\/div><\/section><section class=\"l-section wpb_row height_small width_custom\" style=\"--site-content-width:1000px;\"><div class=\"l-section-overlay\" style=\"background:#ffffff\"><\/div><div class=\"l-section-h i-cf\"><div class=\"g-cols vc_row via_flex valign_top type_default stacking_default\"><div class=\"vc_col-sm-12 wpb_column vc_column_container\"><div class=\"vc_column-inner\"><div class=\"wpb_wrapper\"><div class=\"wpb_text_column\"><div class=\"wpb_wrapper\"><h1>ESTO 3<\/h1>\n<h2>ESTO 3 makseviis on innovatiivne lahendus, mis v\u00f5imaldab ostu kinnitada ja tasuda mugavalt ning kiirelt &#8211; kolmes v\u00f5rdses osas, ilma lisatasudeta!<\/h2>\n<\/div><\/div><div class=\"w-image align_none\"><div class=\"w-image-h\"><img decoding=\"async\" width=\"1000\" height=\"523\" src=\"https:\/\/alpaka-shop.com\/wp-content\/uploads\/2024\/03\/ESTO3-BANNER.jpg\" class=\"attachment-full size-full wvs-archive-product-image\" alt=\"\" loading=\"lazy\" srcset=\"https:\/\/alpaka-shop.com\/wp-content\/uploads\/2024\/03\/ESTO3-BANNER.jpg 1000w, https:\/\/alpaka-shop.com\/wp-content\/uploads\/2024\/03\/ESTO3-BANNER-300x157.jpg 300w, https:\/\/alpaka-shop.com\/wp-content\/uploads\/2024\/03\/ESTO3-BANNER-600x314.jpg 600w, https:\/\/alpaka-shop.com\/wp-content\/uploads\/2024\/03\/ESTO3-BANNER-100x52.jpg 100w\" sizes=\"auto, (max-width: 1000px) 100vw, 1000px\" \/><\/div><\/div><div class=\"wpb_text_column\"><div class=\"wpb_wrapper\"><p>Vali e-poe kassas oma ostude eest tasumiseks \u00fclimalt populaarne ESTO 3-osaline makseviis!<\/p>\n<p>ESTO 3 aitab jagada ostusumma kuni 3-ks v\u00f5rdseks osaks.<\/p>\n<p>\u2981 \u00dchtegi lisatasu ei lisandu.<br \/>\n\u2981 Lihtsalt kolm v\u00f5rdses osas makset, kolme kuu jooksul.<br \/>\n\u2981 Esimene makse on alles j\u00e4rgmise kuu 15. kuup\u00e4eval.<\/p>\n<p>ESTO 3 makseviisi pakub ja haldab ESTO AS.<\/p>\n<\/div><\/div><\/div><\/div><\/div><\/div><\/div><\/section><section class=\"l-section wpb_row height_small width_custom\" style=\"--site-content-width:1000px;\"><div class=\"l-section-overlay\" style=\"background:#ffffff\"><\/div><div class=\"l-section-h i-cf\"><div class=\"g-cols vc_row via_flex valign_top type_default stacking_default\"><div class=\"vc_col-sm-12 wpb_column vc_column_container\"><div class=\"vc_column-inner\"><div class=\"wpb_wrapper\"><div class=\"wpb_text_column\"><div class=\"wpb_wrapper\"><h1><span data-renderer-mark=\"true\">Maksa Hiljem<\/span><\/h1>\n<h2>Ole nutikas ja vali ostude eest tasumiseks ESTO maksa hiljem!<\/h2>\n<\/div><\/div><div class=\"w-image align_none\"><div class=\"w-image-h\"><img decoding=\"async\" width=\"1920\" height=\"1231\" src=\"https:\/\/alpaka-shop.com\/wp-content\/uploads\/2024\/03\/MAKSA-HILJEM-BANNER-1-2.jpg\" class=\"attachment-full size-full wvs-archive-product-image\" alt=\"\" loading=\"lazy\" srcset=\"https:\/\/alpaka-shop.com\/wp-content\/uploads\/2024\/03\/MAKSA-HILJEM-BANNER-1-2.jpg 1920w, https:\/\/alpaka-shop.com\/wp-content\/uploads\/2024\/03\/MAKSA-HILJEM-BANNER-1-2-300x192.jpg 300w, https:\/\/alpaka-shop.com\/wp-content\/uploads\/2024\/03\/MAKSA-HILJEM-BANNER-1-2-1024x657.jpg 1024w, https:\/\/alpaka-shop.com\/wp-content\/uploads\/2024\/03\/MAKSA-HILJEM-BANNER-1-2-600x385.jpg 600w, https:\/\/alpaka-shop.com\/wp-content\/uploads\/2024\/03\/MAKSA-HILJEM-BANNER-1-2-100x64.jpg 100w\" sizes=\"auto, (max-width: 1920px) 100vw, 1920px\" \/><\/div><\/div><div class=\"w-separator size_small\"><\/div><div class=\"wpb_text_column\"><div class=\"wpb_wrapper\"><p>Vali oma ostude eest tasumiseks ESTO maksa hiljem. Kinnita ost vaid paari klikiga, saa tellimus k\u00e4tte ning maksa tagasi ilma \u00fchegi lisakuluta 30 p\u00e4eva jooksul!<\/p>\n<p>Maksa hiljem on nutikate inimeste makseviis &#8211; saa kaup kohe k\u00e4tte ning maksa tagasi paindliku tagasimaksegraafiku alusel.<\/p>\n<p>Soeta paari klikiga just seda, mida vajad &#8211; puudub intress, lisatasu ja sissemakse!<\/p>\n<\/div><\/div><div class=\"w-separator size_small\"><\/div><div class=\"w-image align_none\"><div class=\"w-image-h\"><img decoding=\"async\" width=\"1920\" height=\"382\" src=\"https:\/\/alpaka-shop.com\/wp-content\/uploads\/2024\/03\/MAKSA-HILJEM-BANNER-3.jpg\" class=\"attachment-full size-full wvs-archive-product-image\" alt=\"\" loading=\"lazy\" srcset=\"https:\/\/alpaka-shop.com\/wp-content\/uploads\/2024\/03\/MAKSA-HILJEM-BANNER-3.jpg 1920w, https:\/\/alpaka-shop.com\/wp-content\/uploads\/2024\/03\/MAKSA-HILJEM-BANNER-3-300x60.jpg 300w, https:\/\/alpaka-shop.com\/wp-content\/uploads\/2024\/03\/MAKSA-HILJEM-BANNER-3-1024x204.jpg 1024w, https:\/\/alpaka-shop.com\/wp-content\/uploads\/2024\/03\/MAKSA-HILJEM-BANNER-3-600x119.jpg 600w, https:\/\/alpaka-shop.com\/wp-content\/uploads\/2024\/03\/MAKSA-HILJEM-BANNER-3-100x20.jpg 100w\" sizes=\"auto, (max-width: 1920px) 100vw, 1920px\" \/><\/div><\/div><div class=\"w-separator size_small\"><\/div><div class=\"wpb_text_column\"><div class=\"wpb_wrapper\"><p><strong>Maksa hiljem makseviisi pakub ja haldab ESTO AS.<\/strong><\/p>\n<p><strong>MIS ON ESTO?<\/strong> ESTO on finantsteenuseid pakkuv ettev\u00f5te, mille algusaeg ulatub aastasse 2016. Br\u00e4nd sai alguse vajadusest uue generatsiooni makselahenduste j\u00e4rele, mis oleksid sobilikud nii l\u00f5pptarbijale kui ka m\u00fc\u00fcjale. T\u00e4na pakub ESTO k\u00f5ige suuremat valikut erinevaid makselahendusi Baltikumis ning ESTO partnerv\u00f5rgustikku kuulub \u00fcle 2600 koost\u00f6\u00f6partneri ja kaupluse ning \u00fcle 300 000 kliendi. Tutvu tingimustega siin: www.esto.ee<\/p>\n<p>Vajadusel kontakteeruge ESTO AS t\u00f6\u00f6tajaga &#8211; info@esto.ee v\u00f5i www.esto.ee LIVE chat-aknas.<\/p>\n<\/div><\/div><\/div><\/div><\/div><\/div><\/div><\/section>\n","protected":false},"excerpt":{"rendered":"Ei soovi maksta kogu summat korraga? Maksa osamaksete kaupa! ESTO j\u00e4relmaksu puhul on tegemist \u00fclimalt kiire ning mugava makselahendusega, mis aitab koostada sulle sinu poolt valitud perioodi alusel maksegraafiku. Makselahendus teeb otsuse reaalajas ning aitab ostu sooritada v\u00e4hem kui 60 sekundiga. Lisa sobivad tooted ostukorvi, kinnita oma tellimus ning vali makseviisidest ESTO j\u00e4relmaks. Ostu kinnitamisel...","protected":false},"author":1,"featured_media":0,"parent":0,"menu_order":0,"comment_status":"closed","ping_status":"closed","template":"","meta":{"_acf_changed":false,"footnotes":""},"class_list":["post-54459","page","type-page","status-publish","hentry"],"acf":[],"aioseo_notices":[],"_links":{"self":[{"href":"https:\/\/alpaka-shop.com\/et\/wp-json\/wp\/v2\/pages\/54459","targetHints":{"allow":["GET"]}}],"collection":[{"href":"https:\/\/alpaka-shop.com\/et\/wp-json\/wp\/v2\/pages"}],"about":[{"href":"https:\/\/alpaka-shop.com\/et\/wp-json\/wp\/v2\/types\/page"}],"author":[{"embeddable":true,"href":"https:\/\/alpaka-shop.com\/et\/wp-json\/wp\/v2\/users\/1"}],"replies":[{"embeddable":true,"href":"https:\/\/alpaka-shop.com\/et\/wp-json\/wp\/v2\/comments?post=54459"}],"version-history":[{"count":0,"href":"https:\/\/alpaka-shop.com\/et\/wp-json\/wp\/v2\/pages\/54459\/revisions"}],"wp:attachment":[{"href":"https:\/\/alpaka-shop.com\/et\/wp-json\/wp\/v2\/media?parent=54459"}],"curies":[{"name":"wp","href":"https:\/\/api.w.org\/{rel}","templated":true}]}}