{"id":6243,"date":"2019-11-26T19:07:48","date_gmt":"2019-11-26T19:07:48","guid":{"rendered":"https:\/\/uus.alpaka-shop.com\/private-label-tooted\/"},"modified":"2020-04-14T15:32:10","modified_gmt":"2020-04-14T15:32:10","slug":"private-label-tooted","status":"publish","type":"page","link":"https:\/\/alpaka-shop.com\/et\/private-label-tooted\/","title":{"rendered":"Private label tooted"},"content":{"rendered":"<section class=\"l-section wpb_row content-page-header height_small\"><div class=\"l-section-h i-cf\"><div class=\"g-cols vc_row via_flex valign_top type_default stacking_default\"><div class=\"vc_col-sm-12 wpb_column vc_column_container\"><div class=\"vc_column-inner\"><div class=\"wpb_wrapper\"><div class=\"wpb_text_column\"><div class=\"wpb_wrapper\"><h1 style=\"text-align: center;\">Private label tooted<\/h1>\n<\/div><\/div><\/div><\/div><\/div><\/div><\/div><\/section><section class=\"l-section wpb_row content-page-text-block private-label-product-container height_small\"><div class=\"l-section-h i-cf\"><div class=\"g-cols vc_row via_flex valign_top type_default stacking_default\"><div class=\"vc_col-sm-12 wpb_column vc_column_container\"><div class=\"vc_column-inner\"><div class=\"wpb_wrapper\"><div class=\"wpb_text_column us_custom_15f9d3f2\"><div class=\"wpb_wrapper\"><p style=\"text-align: center;\">Pakume ka <strong>private label tooteid nii alpaka villast kui nahast<\/strong>. Meie kliendibaasis on mitmeid tuntud rahvusvahelisi kaubam\u00e4rke.<br \/>\nV\u00f5ta julgesti meiega \u00fchendust, et saaksime pakkuda just sulle sobiva lahenduse.<\/p>\n<\/div><\/div><div class=\"w-btn-wrapper align_center\"><a class=\"w-btn us-btn-style_1 us_custom_841f3bdb\" title=\"Contacts &amp; support\" href=\"https:\/\/alpaka-shop.com\/et\/kontaktid-ja-klienditugi\/\"><span class=\"w-btn-label\">K\u00dcSI PAKKUMIST<\/span><\/a><\/div><\/div><\/div><\/div><\/div><\/div><\/section>\n","protected":false},"excerpt":{"rendered":"Private label tooted Pakume ka private label tooteid nii alpaka villast kui nahast. Meie kliendibaasis on mitmeid tuntud rahvusvahelisi kaubam\u00e4rke. V\u00f5ta julgesti meiega \u00fchendust, et saaksime pakkuda just sulle sobiva lahenduse. K\u00dcSI PAKKUMIST","protected":false},"author":1,"featured_media":0,"parent":0,"menu_order":0,"comment_status":"closed","ping_status":"closed","template":"","meta":{"_acf_changed":false,"footnotes":""},"class_list":["post-6243","page","type-page","status-publish","hentry"],"acf":[],"aioseo_notices":[],"_links":{"self":[{"href":"https:\/\/alpaka-shop.com\/et\/wp-json\/wp\/v2\/pages\/6243","targetHints":{"allow":["GET"]}}],"collection":[{"href":"https:\/\/alpaka-shop.com\/et\/wp-json\/wp\/v2\/pages"}],"about":[{"href":"https:\/\/alpaka-shop.com\/et\/wp-json\/wp\/v2\/types\/page"}],"author":[{"embeddable":true,"href":"https:\/\/alpaka-shop.com\/et\/wp-json\/wp\/v2\/users\/1"}],"replies":[{"embeddable":true,"href":"https:\/\/alpaka-shop.com\/et\/wp-json\/wp\/v2\/comments?post=6243"}],"version-history":[{"count":0,"href":"https:\/\/alpaka-shop.com\/et\/wp-json\/wp\/v2\/pages\/6243\/revisions"}],"wp:attachment":[{"href":"https:\/\/alpaka-shop.com\/et\/wp-json\/wp\/v2\/media?parent=6243"}],"curies":[{"name":"wp","href":"https:\/\/api.w.org\/{rel}","templated":true}]}}